{"id":9,"date":"2025-10-15T02:51:47","date_gmt":"2025-10-15T02:51:47","guid":{"rendered":"https:\/\/myoeme.io\/endava-es\/?page_id=9"},"modified":"2025-10-20T07:19:41","modified_gmt":"2025-10-20T07:19:41","slug":"cancer-critical-illness","status":"publish","type":"page","link":"https:\/\/myoeme.io\/endava-es\/benefits\/cancer-critical-illness\/","title":{"rendered":"C\u00e1ncer y Enfermedades Cr\u00edticas"},"content":{"rendered":"\n<div class=\"wp-block-cover alignfull disable-element-on-mobile has-aspect-ratio wp-duotone-unset-1\" style=\"padding-top:35vh;padding-bottom:65px;aspect-ratio:auto;min-height:unset;\"><img decoding=\"async\" class=\"wp-block-cover__image-background wp-image-251 size-large\" alt=\"\" src=\"https:\/\/myoeme.io\/wp-content\/uploads\/2025\/06\/tmpv5rdd7ch-1024x373.webp\" data-object-fit=\"cover\"\/><span aria-hidden=\"true\" class=\"wp-block-cover__background has-black-background-color has-background-dim-60 has-background-dim\"><\/span><div class=\"wp-block-cover__inner-container has-global-padding is-layout-constrained wp-container-core-cover-is-layout-174515c3 wp-block-cover-is-layout-constrained\">\n<div class=\"wp-block-columns alignwide is-layout-flex wp-container-core-columns-is-layout-28f84493 wp-block-columns-is-layout-flex\">\n<div class=\"wp-block-column is-layout-flow wp-block-column-is-layout-flow\" style=\"flex-basis:72%\">\n<h2 class=\"wp-block-heading\" style=\"padding-bottom:10px;font-size:clamp(25.014px, 1.563rem + ((1vw - 3.2px) * 1.327), 42px);font-style:normal;font-weight:700\"><strong><strong><strong><strong>C\u00e1ncer y Enfermedades Graves<\/strong><\/strong><\/strong><\/strong><\/h2>\n\n\n\n<p style=\"font-size:clamp(14px, 0.875rem + ((1vw - 3.2px) * 0.313), 18px);font-style:normal;font-weight:500\">Recup\u00e9rate con menos preocupaciones financieras.<\/p>\n<\/div>\n\n\n\n<div class=\"wp-block-column is-vertically-aligned-center is-layout-flow wp-block-column-is-layout-flow\" style=\"flex-basis:28%\"><\/div>\n<\/div>\n<\/div><\/div>\n\n\n\n<div class=\"wp-block-cover alignfull hide-on-large-devices has-aspect-ratio wp-duotone-unset-2\" style=\"padding-top:15vh;padding-bottom:var(--wp--preset--spacing--40);aspect-ratio:auto;min-height:unset;\"><img decoding=\"async\" class=\"wp-block-cover__image-background wp-image-251 size-large\" alt=\"\" src=\"https:\/\/myoeme.io\/wp-content\/uploads\/2025\/06\/tmpv5rdd7ch-1024x373.webp\" data-object-fit=\"cover\"\/><span aria-hidden=\"true\" class=\"wp-block-cover__background has-black-background-color has-background-dim-60 has-background-dim\"><\/span><div class=\"wp-block-cover__inner-container has-global-padding is-layout-constrained wp-container-core-cover-is-layout-c8cde179 wp-block-cover-is-layout-constrained\">\n<div class=\"wp-block-columns alignwide is-layout-flex wp-container-core-columns-is-layout-28f84493 wp-block-columns-is-layout-flex\">\n<div class=\"wp-block-column is-layout-flow wp-block-column-is-layout-flow\" style=\"flex-basis:72%\">\n<h2 class=\"wp-block-heading\" style=\"padding-bottom:10px;font-size:clamp(25.014px, 1.563rem + ((1vw - 3.2px) * 1.327), 42px);font-style:normal;font-weight:700\"><strong><strong><strong><strong>C\u00e1ncer y Enfermedades Graves<\/strong><\/strong><\/strong><\/strong><\/h2>\n\n\n\n<p style=\"font-size:clamp(14px, 0.875rem + ((1vw - 3.2px) * 0.313), 18px);font-style:normal;font-weight:500\">Recup\u00e9rate con menos preocupaciones financieras.<\/p>\n<\/div>\n<\/div>\n<\/div><\/div>\n\n\n\n<div class=\"wp-block-group alignfull has-global-padding is-content-justification-center is-layout-constrained wp-container-core-group-is-layout-f2bd6281 wp-block-group-is-layout-constrained\" style=\"padding-top:var(--wp--preset--spacing--60);padding-bottom:var(--wp--preset--spacing--60)\">\n<div class=\"wp-block-columns has-accent-3-background-color has-background is-layout-flex wp-container-core-columns-is-layout-45b9a720 wp-block-columns-is-layout-flex\" style=\"border-right-color:var(--wp--preset--color--base);margin-top:0;margin-bottom:0;padding-top:7vh;padding-right:15px;padding-bottom:7vh;padding-left:15px\">\n<div class=\"wp-block-column is-vertically-aligned-stretch is-layout-flow wp-block-column-is-layout-flow\" style=\"flex-basis:53%\">\n<div class=\"wp-block-group is-vertical is-content-justification-left is-layout-flex wp-container-core-group-is-layout-b21d21b4 wp-block-group-is-layout-flex\" style=\"min-height:100%\">\n<h2 class=\"wp-block-heading has-text-align-left has-contrast-color has-text-color has-link-color wp-elements-14de765b1e037903c2d83861f8451645\" style=\"padding-bottom:20px;font-size:clamp(22.041px, 1.378rem + ((1vw - 3.2px) * 1.091), 36px);font-style:normal;font-weight:700\"><strong><strong><strong><strong>Ayuda a Reducir el Impacto Financiero de una Enfermedad Grave<\/strong><\/strong><\/strong><\/strong><\/h2>\n\n\n\n<p class=\"has-text-align-left\" style=\"font-size:clamp(14px, 0.875rem + ((1vw - 3.2px) * 0.313), 18px);font-style:normal;font-weight:400\">El seguro de c\u00e1ncer y enfermedades graves puede ayudarte a estar preparado financieramente para una enfermedad importante.<\/p>\n<\/div>\n<\/div>\n\n\n\n<div class=\"wp-block-column is-vertically-aligned-center is-layout-flow wp-block-column-is-layout-flow\" style=\"padding-top:0;flex-basis:47%\">\n<div class=\"wp-block-group has-border-color has-base-border-color has-global-padding is-content-justification-right is-layout-constrained wp-container-core-group-is-layout-f1f2ed93 wp-block-group-is-layout-constrained\" style=\"border-width:6px;font-size:0px;box-shadow:var(--wp--preset--shadow--natural)\">\n<script src=\"https:\/\/cdn.jsdelivr.net\/npm\/@mux\/mux-player\"><\/script>\n<mux-player\n  playback-id=\"CgVIFxmo2WmNihp7OKEAD3trvOdCclv5WGz1iBsqh14\"\nposter=\"https:\/\/myoeme.io\/endava-es\/wp-content\/uploads\/sites\/290\/2025\/10\/Critical-Illness-Spanish.png\"\n  metadata-viewer-user-id=\"Placeholder (optional)\"\n><\/mux-player>\n<\/div>\n<\/div>\n<\/div>\n\n\n\n<div class=\"wp-block-group has-global-padding is-layout-constrained wp-block-group-is-layout-constrained\" style=\"margin-top:var(--wp--preset--spacing--60);padding-top:0px;padding-bottom:0px\">\n<p class=\"wp-container-content-9cfa9a5a\" style=\"font-size:clamp(14px, 0.875rem + ((1vw - 3.2px) * 0.313), 18px);font-style:normal;font-weight:400\">Si te han diagnosticado una enfermedad o afecci\u00f3n grave, preocuparse por tus finanzas durante la recuperaci\u00f3n puede ser abrumador. El Seguro de Enfermedad Grave de MetLife puede ayudar a aliviar la carga financiera que una enfermedad inesperada puede traer, para que puedas concentrarte en tu recuperaci\u00f3n en lugar de en tus cuentas.<\/p>\n\n\n\n<h2 class=\"wp-block-heading has-text-align-left has-contrast-color has-text-color has-link-color wp-elements-e7c046134a7876d2e90a9e23eca0bc51 wp-container-content-9cfa9a5a\" style=\"padding-top:var(--wp--preset--spacing--30);padding-bottom:0;font-size:clamp(22.041px, 1.378rem + ((1vw - 3.2px) * 1.091), 36px);font-style:normal;font-weight:900\"><strong><strong><strong><strong><strong>Beneficios de la cobertura del seguro de enfermedad grave<\/strong><\/strong><\/strong><\/strong><\/strong><\/h2>\n\n\n\n<h3 class=\"wp-block-heading has-text-align-left has-contrast-color has-text-color has-link-color wp-elements-5fb669873b4396d347e78ce684762595 wp-container-content-9cfa9a5a\" style=\"padding-top:20px;padding-bottom:var(--wp--preset--spacing--30);font-size:clamp(16.293px, 1.018rem + ((1vw - 3.2px) * 0.68), 25px);font-style:normal;font-weight:900\"><strong><strong><strong><strong><strong><strong><strong>Pago \u00fanico<\/strong><\/strong><\/strong><\/strong><\/strong><\/strong><\/strong><\/h3>\n\n\n\n<p class=\"wp-container-content-9cfa9a5a\" style=\"font-size:clamp(14px, 0.875rem + ((1vw - 3.2px) * 0.313), 18px);font-style:normal;font-weight:400\">Pagado directamente a ti para que lo gastes como mejor te parezca.<\/p>\n\n\n\n<h3 class=\"wp-block-heading has-text-align-left has-contrast-color has-text-color has-link-color wp-elements-a1a4997ec4e48c28a381c92d7681784d wp-container-content-9cfa9a5a\" style=\"padding-top:20px;padding-bottom:var(--wp--preset--spacing--30);font-size:clamp(16.293px, 1.018rem + ((1vw - 3.2px) * 0.68), 25px);font-style:normal;font-weight:900\"><strong><strong><strong><strong><strong><strong><strong><strong><strong>Apoyo financiero<\/strong><\/strong><\/strong><\/strong><\/strong><\/strong><\/strong><\/strong><\/strong><\/h3>\n\n\n\n<p class=\"wp-container-content-9cfa9a5a\" style=\"font-size:clamp(14px, 0.875rem + ((1vw - 3.2px) * 0.313), 18px);font-style:normal;font-weight:400\">Beneficios pagados, independientemente de lo que pueda cubrir tu seguro m\u00e9dico.<\/p>\n\n\n\n<h3 class=\"wp-block-heading has-text-align-left has-contrast-color has-text-color has-link-color wp-elements-a35e9cd1122b67bf61c917c7494d7332 wp-container-content-9cfa9a5a\" style=\"padding-top:20px;padding-bottom:var(--wp--preset--spacing--30);font-size:clamp(16.293px, 1.018rem + ((1vw - 3.2px) * 0.68), 25px);font-style:normal;font-weight:900\"><strong><strong><strong><strong><strong><strong><strong><strong><strong><strong>Cobertura garantizada<\/strong><\/strong><\/strong><\/strong><\/strong><\/strong><\/strong><\/strong><\/strong><\/strong><\/h3>\n\n\n\n<p class=\"wp-container-content-9cfa9a5a\" style=\"font-size:clamp(14px, 0.875rem + ((1vw - 3.2px) * 0.313), 18px);font-style:normal;font-weight:400\">Cobertura para ti y tus familiares, independientemente de tu estado de salud.<\/p>\n\n\n\n<h2 class=\"wp-block-heading has-text-align-left has-contrast-color has-text-color has-link-color wp-elements-822977d9d7161e52d811ca3f44db89eb wp-container-content-9cfa9a5a\" style=\"padding-top:var(--wp--preset--spacing--30);padding-bottom:20px;font-size:clamp(22.041px, 1.378rem + ((1vw - 3.2px) * 1.091), 36px);font-style:normal;font-weight:900\"><strong><strong><strong><strong><strong><strong><strong>Cobertura dise\u00f1ada a tu medida<\/strong><\/strong><\/strong><\/strong><\/strong><\/strong><\/strong><\/h2>\n\n\n\n<p class=\"wp-container-content-9cfa9a5a\" style=\"padding-bottom:20px;font-size:clamp(14px, 0.875rem + ((1vw - 3.2px) * 0.313), 18px);font-style:normal;font-weight:400\">Incluso con seguro m\u00e9dico, una enfermedad grave puede ser costosa. Los deducibles del plan, los copagos y los costos fuera de la red pueden acumularse r\u00e1pidamente, sin mencionar los costos fuera de las necesidades m\u00e9dicas, como tu hipoteca, gastos de cuidado infantil, transporte y m\u00e1s. La cobertura del seguro de enfermedad grave puede ayudar con los costos mientras te recuperas. Con este plan complementario de MetLife:<\/p>\n\n\n\n<ul style=\"border-style:none;border-width:0px;margin-top:0px;margin-bottom:0px;padding-left:var(--wp--preset--spacing--30)\" class=\"wp-block-list is-style-checkmark-list\">\n<li style=\"margin-top:0px;margin-bottom:0px;padding-top:10px;padding-bottom:10px;font-size:clamp(14px, 0.875rem + ((1vw - 3.2px) * 0.313), 18px);font-style:normal;font-weight:400;line-height:1.1\">No hay per\u00edodo de espera para los servicios: puedes comenzar a usarlos inmediatamente despu\u00e9s de que comience la cobertura.<\/li>\n\n\n\n<li style=\"margin-top:0px;margin-bottom:0px;padding-top:10px;padding-bottom:10px;font-size:clamp(14px, 0.875rem + ((1vw - 3.2px) * 0.313), 18px);font-style:normal;font-weight:400;line-height:1.1\">La posibilidad de llevar tu cobertura contigo si cambias de trabajo o te jubilas.<\/li>\n\n\n\n<li style=\"margin-top:0px;margin-bottom:0px;padding-top:10px;padding-bottom:10px;font-size:clamp(14px, 0.875rem + ((1vw - 3.2px) * 0.313), 18px);font-style:normal;font-weight:400;line-height:1.1\">Un proceso de inscripci\u00f3n simple y r\u00e1pido que solo toma unos minutos y sin preguntas sobre la salud.<\/li>\n<\/ul>\n\n\n\n<h2 class=\"wp-block-heading has-text-align-left has-contrast-color has-text-color has-link-color wp-elements-d1e5c72ce6ebb1a78a84fb579558c393 wp-container-content-9cfa9a5a\" style=\"padding-top:var(--wp--preset--spacing--30);padding-bottom:20px;font-size:clamp(22.041px, 1.378rem + ((1vw - 3.2px) * 1.091), 36px);font-style:normal;font-weight:900\"><strong><strong><strong><strong><strong><strong><strong>\u00bfNecesitas un seguro de enfermedad grave?<\/strong><\/strong><\/strong><\/strong><\/strong><\/strong><\/strong><\/h2>\n\n\n\n<p class=\"wp-container-content-9cfa9a5a\" style=\"padding-bottom:20px;font-size:clamp(14px, 0.875rem + ((1vw - 3.2px) * 0.313), 18px);font-style:normal;font-weight:400\">Razones para considerar agregar este plan a tu l\u00ednea de cobertura de seguro:<\/p>\n\n\n\n<ul style=\"border-style:none;border-width:0px;margin-top:0px;margin-bottom:0px;padding-left:var(--wp--preset--spacing--30)\" class=\"wp-block-list is-style-checkmark-list\">\n<li style=\"margin-top:0px;margin-bottom:0px;padding-top:10px;padding-bottom:10px;font-size:clamp(14px, 0.875rem + ((1vw - 3.2px) * 0.313), 18px);font-style:normal;font-weight:400;line-height:1.1\">Tienes antecedentes personales o familiares de enfermedades graves o una condici\u00f3n m\u00e9dica como c\u00e1ncer, ataque card\u00edaco o accidente cerebrovascular.<\/li>\n\n\n\n<li style=\"margin-top:0px;margin-bottom:0px;padding-top:10px;padding-bottom:10px;font-size:clamp(14px, 0.875rem + ((1vw - 3.2px) * 0.313), 18px);font-style:normal;font-weight:400;line-height:1.1\">Necesitas cobertura de dependientes para tu c\u00f3nyuge o hijos.<\/li>\n\n\n\n<li style=\"margin-top:0px;margin-bottom:0px;padding-top:10px;padding-bottom:10px;font-size:clamp(14px, 0.875rem + ((1vw - 3.2px) * 0.313), 18px);font-style:normal;font-weight:400;line-height:1.1\">Est\u00e1s buscando tranquilidad y apoyo financiero adicional.<\/li>\n<\/ul>\n<\/div>\n<\/div>\n\n\n\n<div class=\"wp-block-group alignfull has-accent-3-background-color has-background has-global-padding is-layout-constrained wp-container-core-group-is-layout-6b16ff14 wp-block-group-is-layout-constrained\" style=\"padding-top:var(--wp--preset--spacing--60);padding-bottom:var(--wp--preset--spacing--60)\">\n<p class=\"has-contrast-color has-text-color has-link-color wp-elements-974a94e211dbaf0c3f4d81ca38b052de wp-container-content-9cfa9a5a\" style=\"padding-bottom:20px;font-size:clamp(14px, 0.875rem + ((1vw - 3.2px) * 0.391), 19px);font-style:normal;font-weight:500\">\u00bfSAB\u00cdAS QUE?<\/p>\n\n\n\n<h2 class=\"wp-block-heading has-text-align-left has-contrast-color has-text-color has-link-color wp-elements-8a1d94f2382723518ee294c1f0036de8 wp-container-content-9cfa9a5a\" style=\"padding-bottom:20px;font-size:clamp(24.034px, 1.502rem + ((1vw - 3.2px) * 1.247), 40px);font-style:normal;font-weight:700\"><strong><strong><strong><strong><strong><strong><strong><strong>Las facturas m\u00e9dicas son una de las principales causas de estr\u00e9s financiero en los Estados Unidos.<\/strong><\/strong><\/strong><\/strong><\/strong><\/strong><\/strong><\/strong><\/h2>\n\n\n\n<h2 class=\"wp-block-heading has-text-align-left has-contrast-color has-text-color has-link-color wp-elements-99ef4927d13d722ef911d9ee18c7d8aa wp-container-content-9cfa9a5a\" style=\"padding-bottom:20px;font-size:clamp(24.034px, 1.502rem + ((1vw - 3.2px) * 1.247), 40px);font-style:normal;font-weight:700\"><strong><strong><strong><strong><strong><strong><strong><strong>El seguro de enfermedad grave puede ayudarte a estar preparado financieramente en caso de una enfermedad grave.<\/strong><\/strong><\/strong><\/strong><\/strong><\/strong><\/strong><\/strong><\/h2>\n<\/div>\n","protected":false},"excerpt":{"rendered":"<p>Ayuda a Reducir el Impacto Financiero de una Enfermedad Grave El seguro de c\u00e1ncer y enfermedades graves puede ayudarte a estar preparado financieramente para una enfermedad importante. Si te han diagnosticado una enfermedad o afecci\u00f3n grave, preocuparse por tus finanzas durante la recuperaci\u00f3n puede ser abrumador. El Seguro de Enfermedad Grave de MetLife puede ayudar [&hellip;]<\/p>\n","protected":false},"author":1,"featured_media":37,"parent":15,"menu_order":11,"comment_status":"closed","ping_status":"closed","template":"","meta":{"footnotes":""},"class_list":["post-9","page","type-page","status-publish","has-post-thumbnail","hentry"],"_links":{"self":[{"href":"https:\/\/myoeme.io\/endava-es\/wp-json\/wp\/v2\/pages\/9","targetHints":{"allow":["GET"]}}],"collection":[{"href":"https:\/\/myoeme.io\/endava-es\/wp-json\/wp\/v2\/pages"}],"about":[{"href":"https:\/\/myoeme.io\/endava-es\/wp-json\/wp\/v2\/types\/page"}],"author":[{"embeddable":true,"href":"https:\/\/myoeme.io\/endava-es\/wp-json\/wp\/v2\/users\/1"}],"replies":[{"embeddable":true,"href":"https:\/\/myoeme.io\/endava-es\/wp-json\/wp\/v2\/comments?post=9"}],"version-history":[{"count":4,"href":"https:\/\/myoeme.io\/endava-es\/wp-json\/wp\/v2\/pages\/9\/revisions"}],"predecessor-version":[{"id":147,"href":"https:\/\/myoeme.io\/endava-es\/wp-json\/wp\/v2\/pages\/9\/revisions\/147"}],"up":[{"embeddable":true,"href":"https:\/\/myoeme.io\/endava-es\/wp-json\/wp\/v2\/pages\/15"}],"wp:featuredmedia":[{"embeddable":true,"href":"https:\/\/myoeme.io\/endava-es\/wp-json\/wp\/v2\/media\/37"}],"wp:attachment":[{"href":"https:\/\/myoeme.io\/endava-es\/wp-json\/wp\/v2\/media?parent=9"}],"curies":[{"name":"wp","href":"https:\/\/api.w.org\/{rel}","templated":true}]}}