{"id":10,"date":"2026-03-11T06:27:49","date_gmt":"2026-03-11T06:27:49","guid":{"rendered":"https:\/\/myoeme.io\/metlife-es\/?page_id=10"},"modified":"2026-03-11T06:27:49","modified_gmt":"2026-03-11T06:27:49","slug":"tuition-benefit","status":"publish","type":"page","link":"https:\/\/myoeme.io\/metlife-es\/benefits\/tuition-benefit\/","title":{"rendered":"Beneficio de matr\u00edcula"},"content":{"rendered":"\n<div class=\"wp-block-cover alignfull disable-element-on-mobile has-aspect-ratio wp-duotone-unset-1\" style=\"padding-top:65px;padding-bottom:35vh;aspect-ratio:auto;min-height:unset;\"><img decoding=\"async\" class=\"wp-block-cover__image-background wp-image-474 size-full\" alt=\"\" src=\"https:\/\/myoeme.io\/spanish-en\/wp-content\/uploads\/sites\/185\/2025\/10\/graduation-995042_1920.jpg\" style=\"object-position:51% 79%\" data-object-fit=\"cover\" data-object-position=\"51% 79%\"\/><span aria-hidden=\"true\" class=\"wp-block-cover__background has-black-background-color has-background-dim-40 has-background-dim\"><\/span><div class=\"wp-block-cover__inner-container has-global-padding is-layout-constrained wp-container-core-cover-is-layout-fffe3221 wp-block-cover-is-layout-constrained\">\n<div class=\"wp-block-columns alignwide is-layout-flex wp-container-core-columns-is-layout-28f84493 wp-block-columns-is-layout-flex\">\n<div class=\"wp-block-column is-layout-flow wp-block-column-is-layout-flow\" style=\"flex-basis:72%\">\n<h2 class=\"wp-block-heading\" style=\"padding-bottom:10px;font-size:clamp(25.014px, 1.563rem + ((1vw - 3.2px) * 1.327), 42px);font-style:normal;font-weight:700\"><strong><strong><strong>Invierte en el futuro, con la ayuda de MetLife.<\/strong><\/strong><\/strong><\/h2>\n<\/div>\n\n\n\n<div class=\"wp-block-column is-vertically-aligned-center is-layout-flow wp-block-column-is-layout-flow\" style=\"flex-basis:28%\"><\/div>\n<\/div>\n<\/div><\/div>\n\n\n\n<div class=\"wp-block-cover alignfull hide-on-large-devices has-aspect-ratio wp-duotone-unset-2\" style=\"padding-top:var(--wp--preset--spacing--40);padding-bottom:15vh;aspect-ratio:auto;min-height:unset;\"><img decoding=\"async\" class=\"wp-block-cover__image-background wp-image-474 size-full\" alt=\"\" src=\"https:\/\/myoeme.io\/spanish-en\/wp-content\/uploads\/sites\/185\/2025\/10\/graduation-995042_1920.jpg\" style=\"object-position:51% 82%\" data-object-fit=\"cover\" data-object-position=\"51% 82%\"\/><span aria-hidden=\"true\" class=\"wp-block-cover__background has-black-background-color has-background-dim-40 has-background-dim\"><\/span><div class=\"wp-block-cover__inner-container has-global-padding is-layout-constrained wp-container-core-cover-is-layout-d54ce0de wp-block-cover-is-layout-constrained\">\n<div class=\"wp-block-columns alignwide is-layout-flex wp-container-core-columns-is-layout-28f84493 wp-block-columns-is-layout-flex\">\n<div class=\"wp-block-column is-layout-flow wp-block-column-is-layout-flow\" style=\"flex-basis:72%\">\n<h2 class=\"wp-block-heading\" style=\"padding-bottom:10px;font-size:clamp(25.014px, 1.563rem + ((1vw - 3.2px) * 1.327), 42px);font-style:normal;font-weight:700\"><strong><strong><strong><strong><strong>Invierte en el futuro, con la ayuda de MetLife.<\/strong><\/strong><\/strong><\/strong><\/strong><\/h2>\n<\/div>\n<\/div>\n<\/div><\/div>\n\n\n\n<div class=\"wp-block-group alignfull has-global-padding is-content-justification-center is-layout-constrained wp-container-core-group-is-layout-78223366 wp-block-group-is-layout-constrained\" style=\"padding-top:var(--wp--preset--spacing--70);padding-bottom:var(--wp--preset--spacing--70)\">\n<div class=\"wp-block-columns is-layout-flex wp-container-core-columns-is-layout-28f84493 wp-block-columns-is-layout-flex\">\n<div class=\"wp-block-column is-layout-flow wp-block-column-is-layout-flow\">\n<div class=\"wp-block-group is-vertical is-content-justification-left is-layout-flex wp-container-core-group-is-layout-b21d21b4 wp-block-group-is-layout-flex\" style=\"min-height:100%\">\n<h2 class=\"wp-block-heading has-text-align-left has-contrast-color has-text-color has-link-color has-x-large-font-size wp-elements-06259e2baeb72d01f2b7df66459fe906\" style=\"padding-bottom:20px;font-style:normal;font-weight:700\"><strong><strong>La educaci\u00f3n es uno de los regalos m\u00e1s importantes que puedes dar.<\/strong><\/strong><\/h2>\n\n\n\n<p class=\"has-text-align-left\" style=\"padding-bottom:var(--wp--preset--spacing--30);font-size:clamp(14px, 0.875rem + ((1vw - 3.2px) * 0.313), 18px);font-style:normal;font-weight:400\">Con el beneficio de matr\u00edcula universitaria de MetLife, puedes ganar puntos <strong>Tuition Rewards\u00ae<\/strong> simplemente inscribi\u00e9ndote en coberturas elegibles de MetLife, como seguros dentales, de visi\u00f3n, de vida o de discapacidad.<\/p>\n\n\n\n<p class=\"has-text-align-left\" style=\"padding-bottom:var(--wp--preset--spacing--30);font-size:clamp(14px, 0.875rem + ((1vw - 3.2px) * 0.313), 18px);font-style:normal;font-weight:400\">Cada punto equivale a un d\u00f3lar de descuento en la matr\u00edcula en m\u00e1s de cuatrocientas cincuenta universidades y colegios participantes.<br>Tus puntos crecen cada a\u00f1o y pueden ser regalados a hijos, nietos, sobrinos, hijastros o ahijados \u2014 y nunca expiran.<\/p>\n\n\n\n<p class=\"has-text-align-left\" style=\"padding-bottom:var(--wp--preset--spacing--30);font-size:clamp(14px, 0.875rem + ((1vw - 3.2px) * 0.313), 18px);font-style:normal;font-weight:400\">Es nuestra manera de ayudarte a ti y a tus seres queridos a alcanzar nuevas metas \u2014 y celebrar cada paso hacia un futuro m\u00e1s brillante.<\/p>\n\n\n\n<p class=\"has-text-align-left\" style=\"padding-bottom:var(--wp--preset--spacing--30);font-size:clamp(14px, 0.875rem + ((1vw - 3.2px) * 0.313), 18px);font-style:normal;font-weight:400;text-decoration:underline\"><a href=\"https:\/\/myoeme.io\/spanish-en\/wp-content\/uploads\/sites\/185\/2025\/10\/71691-1-ML_CBT-Slip-sheet_4.19.24_FINAL-1.pdf\" target=\"_blank\" rel=\"noreferrer noopener\">Gu\u00eda del Programa CTB<\/a><\/p>\n<\/div>\n<\/div>\n\n\n\n<div class=\"wp-block-column is-layout-flow wp-block-column-is-layout-flow\">\n<figure class=\"wp-block-image size-full\"><img decoding=\"async\" src=\"https:\/\/myoeme.io\/spanish-en\/wp-content\/uploads\/sites\/185\/2025\/10\/Tuition-English.png\" alt=\"\" class=\"wp-image-479\"\/><\/figure>\n<\/div>\n<\/div>\n\n\n\n<div class=\"wp-block-columns is-layout-flex wp-container-core-columns-is-layout-e1fea541 wp-block-columns-is-layout-flex\" style=\"margin-top:var(--wp--preset--spacing--50)\">\n<div class=\"wp-block-column has-accent-3-background-color has-background is-layout-flow wp-block-column-is-layout-flow\" style=\"padding-top:var(--wp--preset--spacing--40);padding-right:var(--wp--preset--spacing--40);padding-bottom:var(--wp--preset--spacing--40);padding-left:var(--wp--preset--spacing--40);box-shadow:none\">\n<h2 class=\"wp-block-heading has-x-large-font-size\"><a href=\"https:\/\/www.tuitionrewards.com\/index.cfm?p=faq\" target=\"_blank\" rel=\"noreferrer noopener\"><strong>Obt\u00e9n m\u00e1s informaci\u00f3n sobre c\u00f3mo funcionan los <strong>Tuition Rewards<\/strong> \u2192<\/strong><\/a><\/h2>\n<\/div>\n\n\n\n<div class=\"wp-block-column has-accent-3-background-color has-background is-layout-flow wp-block-column-is-layout-flow\" style=\"padding-top:var(--wp--preset--spacing--40);padding-right:var(--wp--preset--spacing--40);padding-bottom:var(--wp--preset--spacing--40);padding-left:var(--wp--preset--spacing--40)\">\n<h2 class=\"wp-block-heading has-x-large-font-size\"><a href=\"https:\/\/www.tuitionrewards.com\/index.cfm?p=colleges\" target=\"_blank\" rel=\"noreferrer noopener\"><strong>Ver colegios y universidades participantes \u2192<\/strong><\/a><\/h2>\n<\/div>\n<\/div>\n\n\n\n<p class=\"has-small-font-size\" style=\"padding-top:var(--wp--preset--spacing--30)\">El beneficio de matr\u00edcula universitaria se ofrece a trav\u00e9s de SAGE Scholars y se proporciona sin costo para los empleados.<\/p>\n\n\n\n<div class=\"wp-block-group is-vertical is-content-justification-center is-layout-flex wp-container-core-group-is-layout-57a44ac5 wp-block-group-is-layout-flex\" style=\"margin-top:0;padding-top:var(--wp--preset--spacing--60)\">\n<h2 class=\"wp-block-heading has-text-align-left has-contrast-color has-text-color has-link-color has-x-large-font-size wp-elements-456a244f8ebf0e618e9e5d3f0591af89\" style=\"padding-bottom:var(--wp--preset--spacing--20);font-style:normal;font-weight:700\"><strong><strong>\u00a1Las recompensas de matr\u00edcula se acumulan!<\/strong><\/strong><\/h2>\n\n\n\n<p class=\"has-text-align-left\" style=\"padding-bottom:var(--wp--preset--spacing--40);font-size:clamp(14px, 0.875rem + ((1vw - 3.2px) * 0.313), 18px);font-style:normal;font-weight:400\">Veamos un ejemplo de c\u00f3mo se acumulan las <strong>Tuition Rewards<\/strong>* cuando a un empleado se le ofrecen 5 tipos de cobertura de MetLife.<\/p>\n\n\n\n<figure class=\"wp-block-table is-style-regular\" style=\"margin-bottom:var(--wp--preset--spacing--30);font-size:clamp(14px, 0.875rem + ((1vw - 3.2px) * 0.313), 18px);\"><table class=\"has-fixed-layout\"><thead><tr><th>CTB<\/th><th>A\u00f1o 1<\/th><th>A\u00f1o 2<\/th><th>A\u00f1o 3<\/th><th>A\u00f1o 4<\/th><th>A\u00f1o 5<\/th><th>A\u00f1o 6<\/th><th>A\u00f1o 7<\/th><\/tr><\/thead><tbody><tr><td>Recompensas de matr\u00edcula<\/td><td>10,000<\/td><td>10,000<\/td><td>10,000<\/td><td>10,000<\/td><td>10,000<\/td><td>10,000<\/td><td>10,000<\/td><\/tr><\/tbody><tfoot><tr><td>Total<\/td><td>10,000<\/td><td>20,000<\/td><td>30,000<\/td><td>40,000<\/td><td>50,000<\/td><td>60,000<\/td><td>70,000<\/td><\/tr><\/tfoot><\/table><\/figure>\n<\/div>\n<\/div>\n\n\n\n<div class=\"wp-block-group alignfull has-contrast-background-color has-background has-global-padding is-layout-constrained wp-container-core-group-is-layout-6b16ff14 wp-block-group-is-layout-constrained\" style=\"padding-top:var(--wp--preset--spacing--60);padding-bottom:var(--wp--preset--spacing--60)\">\n<h2 class=\"wp-block-heading has-text-align-center has-base-color has-text-color has-link-color has-x-large-font-size wp-elements-598c69cdc06f2763292b50f5582fb1cd wp-container-content-9cfa9a5a\" style=\"padding-bottom:var(--wp--preset--spacing--20);font-style:normal;font-weight:700\">La configuraci\u00f3n administrativa est\u00e1 dise\u00f1ada para ser m\u00ednima para ti.<\/h2>\n\n\n\n<p class=\"has-text-align-center has-base-color has-text-color has-link-color wp-elements-e4f91086f52590109ca9ed0e2461b80d\" style=\"margin-bottom:var(--wp--preset--spacing--40);line-height:1.5\">CTB solo necesitar\u00e1 tu direcci\u00f3n de correo electr\u00f3nico para comenzar. Despu\u00e9s de eso, CTB se comunicar\u00e1 contigo directamente para que puedas activar tu cuenta. Alternativamente, puedes registrarte f\u00e1cilmente en l\u00ednea.<\/p>\n\n\n\n<div class=\"wp-block-columns is-layout-flex wp-container-core-columns-is-layout-28f84493 wp-block-columns-is-layout-flex\">\n<div class=\"wp-block-column is-layout-flow wp-block-column-is-layout-flow\">\n<p class=\"has-text-align-center has-base-color has-text-color has-link-color wp-elements-2d2f8abf813a96c478cec936fb09de5a\" style=\"font-size:clamp(2.2rem, 2.2rem + ((1vw - 0.2rem) * 2.25), 4rem);font-style:normal;font-weight:100;line-height:1.2\"><strong>86%<\/strong><\/p>\n\n\n\n<p class=\"has-text-align-center has-base-color has-text-color has-link-color wp-elements-aaa190b29a2fd5bf5343e4774f16bd15\" style=\"font-size:clamp(14px, 0.875rem + ((1vw - 3.2px) * 0.313), 18px);font-style:normal;font-weight:300\">Los estudiantes universitarios necesitan ayuda financiera.<\/p>\n<\/div>\n\n\n\n<div class=\"wp-block-column is-layout-flow wp-block-column-is-layout-flow\">\n<h2 class=\"wp-block-heading has-text-align-center has-base-color has-text-color has-link-color wp-elements-3dafa2756f3af5aa6e8f40c89f109f33\" style=\"font-size:clamp(2.2rem, 2.2rem + ((1vw - 0.2rem) * 2.25), 4rem);\">$142,000<\/h2>\n\n\n\n<p class=\"has-text-align-center has-base-color has-text-color has-link-color wp-elements-c3b8f5700bd625d1f3c5bd601510a82f\" style=\"font-size:clamp(14px, 0.875rem + ((1vw - 3.2px) * 0.313), 18px);font-style:normal;font-weight:300\">Es el costo promedio de <br>asistir a la universidad.<\/p>\n<\/div>\n\n\n\n<div class=\"wp-block-column is-layout-flow wp-block-column-is-layout-flow\">\n<p class=\"has-text-align-center has-base-color has-text-color has-link-color wp-elements-f515e4b92bed5bbff805d70eb0795c9a\" style=\"font-size:clamp(2.2rem, 2.2rem + ((1vw - 0.2rem) * 2.25), 4rem);font-style:normal;font-weight:100;line-height:1.2\"><strong>93%<\/strong><\/p>\n\n\n\n<p class=\"has-text-align-center has-base-color has-text-color has-link-color wp-elements-d429dfdd603a9f4c1e8d745f30dae443\" style=\"font-size:clamp(14px, 0.875rem + ((1vw - 3.2px) * 0.313), 18px);font-style:normal;font-weight:300\">de los estudiantes universitarios no reciben<br>becas.<\/p>\n<\/div>\n<\/div>\n<\/div>\n\n\n\n<div class=\"wp-block-group alignfull has-global-padding is-content-justification-center is-layout-constrained wp-container-core-group-is-layout-78223366 wp-block-group-is-layout-constrained\" style=\"padding-top:var(--wp--preset--spacing--70);padding-bottom:var(--wp--preset--spacing--70)\">\n<div class=\"wp-block-group is-vertical is-content-justification-center is-layout-flex wp-container-core-group-is-layout-f903ca91 wp-block-group-is-layout-flex\" style=\"margin-top:0;padding-bottom:0\">\n<h2 class=\"wp-block-heading has-text-align-center has-contrast-color has-text-color has-link-color has-x-large-font-size wp-elements-7fe41185936fe4e4dc2babfea178a6b0\" style=\"padding-bottom:var(--wp--preset--spacing--40);font-style:normal;font-weight:700\"><strong><strong>Elegibilidad del Cliente y de la Cobertura para los Puntos de Recompensa de Matr\u00edcula Universitaria<\/strong><\/strong><\/h2>\n\n\n\n<figure class=\"wp-block-table is-style-regular\" style=\"font-size:clamp(14px, 0.875rem + ((1vw - 3.2px) * 0.313), 18px);\"><table class=\"has-fixed-layout\"><thead><tr><th class=\"has-text-align-center\" data-align=\"center\">Categor\u00eda<\/th><th class=\"has-text-align-center\" data-align=\"center\">L\u00edneas de Cobertura Elegibles<\/th><\/tr><\/thead><tbody><tr><td class=\"has-text-align-center\" data-align=\"center\">Dental<\/td><td class=\"has-text-align-center\" data-align=\"center\">Dental &#8211; Voluntary Dental-DHMO<\/td><\/tr><tr><td class=\"has-text-align-center\" data-align=\"center\">Seguro de Vida a Plazo<\/td><td class=\"has-text-align-center\" data-align=\"center\">Basic Life and AD&amp;D<\/td><\/tr><tr><td class=\"has-text-align-center\" data-align=\"center\">Seguro de Vida Voluntario<\/td><td class=\"has-text-align-center\" data-align=\"center\">Optional Life and AD&amp;D<br>both dependent and personal<\/td><\/tr><tr><td class=\"has-text-align-center\" data-align=\"center\">Incapacidad a Corto Plazo<\/td><td class=\"has-text-align-center\" data-align=\"center\">STD, Voluntary STD<\/td><\/tr><tr><td class=\"has-text-align-center\" data-align=\"center\">Incapacidad a Largo Plazo<\/td><td class=\"has-text-align-center\" data-align=\"center\">LTD &#8211; Voluntary LTD<\/td><\/tr><tr><td class=\"has-text-align-center\" data-align=\"center\">Visi\u00f3n<\/td><td class=\"has-text-align-center\" data-align=\"center\">Vision &#8211; Voluntary Vision<\/td><\/tr><tr><td class=\"has-text-align-center\" data-align=\"center\">Accidente<\/td><td class=\"has-text-align-center\" data-align=\"center\">Accident Insurance<\/td><\/tr><tr><td class=\"has-text-align-center\" data-align=\"center\">Enfermedad Cr\u00edtica<\/td><td class=\"has-text-align-center\" data-align=\"center\">Critical Illness<\/td><\/tr><tr><td class=\"has-text-align-center\" data-align=\"center\">Indemnizaci\u00f3n Hospitalaria<\/td><td class=\"has-text-align-center\" data-align=\"center\">Hospital Indemnity<\/td><\/tr><tr><td class=\"has-text-align-center\" data-align=\"center\">Planes Legales de MetLife<\/td><td class=\"has-text-align-center\" data-align=\"center\">MetLife Legal Plans<\/td><\/tr><\/tbody><\/table><\/figure>\n\n\n\n<figure class=\"wp-block-table is-style-regular\" style=\"font-size:clamp(14px, 0.875rem + ((1vw - 3.2px) * 0.313), 18px);font-style:normal;font-weight:600\"><table class=\"has-accent-3-background-color has-background has-fixed-layout\"><tbody><tr><td class=\"has-text-align-center\" data-align=\"center\">Para que los clientes actuales participen en CTB, deben agregar una nueva l\u00ednea de cobertura de la lista de l\u00edneas de cobertura elegibles mencionada anteriormente.<\/td><\/tr><\/tbody><\/table><\/figure>\n<\/div>\n\n\n\n<p class=\"has-text-align-left is-style-default has-small-font-size\" style=\"padding-top:var(--wp--preset--spacing--20);padding-bottom:var(--wp--preset--spacing--40)\">El beneficio de matr\u00edcula universitaria se ofrece a trav\u00e9s de SAGE Scholars y se proporciona sin costo para los empleados.<\/p>\n\n\n\n<div class=\"wp-block-buttons is-content-justification-center is-layout-flex wp-container-core-buttons-is-layout-1399cabf wp-block-buttons-is-layout-flex\" style=\"padding-top:var(--wp--preset--spacing--20)\">\n<div class=\"wp-block-button\"><a class=\"wp-block-button__link has-base-color has-accent-5-background-color has-text-color has-background has-link-color wp-element-button\" href=\"https:\/\/www.tuitionrewards.com\" target=\"_blank\" rel=\"noreferrer noopener\">Activa tu cuenta de <strong>Tuition Rewards<\/strong> \u2192<\/a><\/div>\n<\/div>\n<\/div>\n","protected":false},"excerpt":{"rendered":"<p>La educaci\u00f3n es uno de los regalos m\u00e1s importantes que puedes dar. Con el beneficio de matr\u00edcula universitaria de MetLife, puedes ganar puntos Tuition Rewards\u00ae simplemente inscribi\u00e9ndote en coberturas elegibles de MetLife, como seguros dentales, de visi\u00f3n, de vida o de discapacidad. Cada punto equivale a un d\u00f3lar de descuento en la matr\u00edcula en m\u00e1s [&hellip;]<\/p>\n","protected":false},"author":0,"featured_media":50,"parent":25,"menu_order":14,"comment_status":"closed","ping_status":"closed","template":"","meta":{"footnotes":""},"class_list":["post-10","page","type-page","status-publish","has-post-thumbnail","hentry"],"_links":{"self":[{"href":"https:\/\/myoeme.io\/metlife-es\/wp-json\/wp\/v2\/pages\/10","targetHints":{"allow":["GET"]}}],"collection":[{"href":"https:\/\/myoeme.io\/metlife-es\/wp-json\/wp\/v2\/pages"}],"about":[{"href":"https:\/\/myoeme.io\/metlife-es\/wp-json\/wp\/v2\/types\/page"}],"replies":[{"embeddable":true,"href":"https:\/\/myoeme.io\/metlife-es\/wp-json\/wp\/v2\/comments?post=10"}],"version-history":[{"count":1,"href":"https:\/\/myoeme.io\/metlife-es\/wp-json\/wp\/v2\/pages\/10\/revisions"}],"predecessor-version":[{"id":32,"href":"https:\/\/myoeme.io\/metlife-es\/wp-json\/wp\/v2\/pages\/10\/revisions\/32"}],"up":[{"embeddable":true,"href":"https:\/\/myoeme.io\/metlife-es\/wp-json\/wp\/v2\/pages\/25"}],"wp:featuredmedia":[{"embeddable":true,"href":"https:\/\/myoeme.io\/metlife-es\/wp-json\/wp\/v2\/media\/50"}],"wp:attachment":[{"href":"https:\/\/myoeme.io\/metlife-es\/wp-json\/wp\/v2\/media?parent=10"}],"curies":[{"name":"wp","href":"https:\/\/api.w.org\/{rel}","templated":true}]}}