{"id":218,"date":"2026-01-08T12:10:05","date_gmt":"2026-01-08T12:10:05","guid":{"rendered":"https:\/\/myoeme.io\/metlife-es\/?page_id=218"},"modified":"2026-03-11T07:14:39","modified_gmt":"2026-03-11T07:14:39","slug":"tax-free-spending-accounts","status":"publish","type":"page","link":"https:\/\/myoeme.io\/metlife-es\/benefits\/tax-free-spending-accounts\/","title":{"rendered":"Cuentas de gastos libres de impuestos"},"content":{"rendered":"\n<div class=\"wp-block-cover alignfull disable-element-on-mobile has-aspect-ratio wp-duotone-unset-1\" style=\"padding-top:36vh;padding-bottom:40px;aspect-ratio:auto;min-height:unset;\"><img loading=\"lazy\" decoding=\"async\" width=\"1920\" height=\"440\" class=\"wp-block-cover__image-background wp-image-221 size-full\" alt=\"\" src=\"https:\/\/myoeme.io\/metlife-es\/wp-content\/uploads\/sites\/555\/2026\/01\/Untitled-design-49.png\" data-object-fit=\"cover\" srcset=\"https:\/\/myoeme.io\/metlife-es\/wp-content\/uploads\/sites\/555\/2026\/01\/Untitled-design-49.png 1920w, https:\/\/myoeme.io\/metlife-es\/wp-content\/uploads\/sites\/555\/2026\/01\/Untitled-design-49-300x69.png 300w, https:\/\/myoeme.io\/metlife-es\/wp-content\/uploads\/sites\/555\/2026\/01\/Untitled-design-49-1024x235.png 1024w, https:\/\/myoeme.io\/metlife-es\/wp-content\/uploads\/sites\/555\/2026\/01\/Untitled-design-49-768x176.png 768w, https:\/\/myoeme.io\/metlife-es\/wp-content\/uploads\/sites\/555\/2026\/01\/Untitled-design-49-1536x352.png 1536w\" sizes=\"auto, (max-width: 1920px) 100vw, 1920px\" \/><span aria-hidden=\"true\" class=\"wp-block-cover__background has-black-background-color has-background-dim-10 has-background-dim\"><\/span><div class=\"wp-block-cover__inner-container has-global-padding is-layout-constrained wp-container-core-cover-is-layout-64f91264 wp-block-cover-is-layout-constrained\">\n<div class=\"wp-block-columns alignwide is-layout-flex wp-container-core-columns-is-layout-28f84493 wp-block-columns-is-layout-flex\">\n<div class=\"wp-block-column is-layout-flow wp-block-column-is-layout-flow\" style=\"flex-basis:72%\">\n<h2 class=\"wp-block-heading\" style=\"padding-bottom:10px;font-size:clamp(25.014px, 1.563rem + ((1vw - 3.2px) * 1.327), 42px);font-style:normal;font-weight:700\">Aprovecha los beneficios. Deja el impuesto.<\/h2>\n<\/div>\n\n\n\n<div class=\"wp-block-column is-vertically-aligned-center is-layout-flow wp-block-column-is-layout-flow\" style=\"flex-basis:28%\"><\/div>\n<\/div>\n<\/div><\/div>\n\n\n\n<div class=\"wp-block-cover alignfull hide-on-large-devices has-aspect-ratio wp-duotone-unset-2\" style=\"padding-top:20vh;padding-bottom:var(--wp--preset--spacing--20);aspect-ratio:auto;min-height:unset;\"><img loading=\"lazy\" decoding=\"async\" width=\"941\" height=\"672\" class=\"wp-block-cover__image-background wp-image-222 size-full\" alt=\"\" src=\"https:\/\/myoeme.io\/metlife-es\/wp-content\/uploads\/sites\/555\/2026\/01\/AdobeStock_1338597511-1-1.jpeg\" data-object-fit=\"cover\" srcset=\"https:\/\/myoeme.io\/metlife-es\/wp-content\/uploads\/sites\/555\/2026\/01\/AdobeStock_1338597511-1-1.jpeg 941w, https:\/\/myoeme.io\/metlife-es\/wp-content\/uploads\/sites\/555\/2026\/01\/AdobeStock_1338597511-1-1-300x214.jpeg 300w, https:\/\/myoeme.io\/metlife-es\/wp-content\/uploads\/sites\/555\/2026\/01\/AdobeStock_1338597511-1-1-768x548.jpeg 768w\" sizes=\"auto, (max-width: 941px) 100vw, 941px\" \/><span aria-hidden=\"true\" class=\"wp-block-cover__background has-black-background-color has-background-dim-20 has-background-dim\"><\/span><div class=\"wp-block-cover__inner-container has-global-padding is-layout-constrained wp-container-core-cover-is-layout-a0d5411a wp-block-cover-is-layout-constrained\">\n<div class=\"wp-block-columns alignwide is-layout-flex wp-container-core-columns-is-layout-28f84493 wp-block-columns-is-layout-flex\">\n<div class=\"wp-block-column is-layout-flow wp-block-column-is-layout-flow\" style=\"flex-basis:72%\">\n<h2 class=\"wp-block-heading\" style=\"padding-bottom:10px;font-size:clamp(25.014px, 1.563rem + ((1vw - 3.2px) * 1.327), 42px);font-style:normal;font-weight:700\">Aprovecha los beneficios. Deja el impuesto.<\/h2>\n<\/div>\n<\/div>\n<\/div><\/div>\n\n\n\n<div class=\"wp-block-group has-global-padding is-layout-constrained wp-container-core-group-is-layout-81056d93 wp-block-group-is-layout-constrained\">\n<div class=\"wp-block-columns is-layout-flex wp-container-core-columns-is-layout-ebd3efb7 wp-block-columns-is-layout-flex\" style=\"padding-top:var(--wp--preset--spacing--50)\">\n<div class=\"wp-block-column disable-element-on-mobile is-layout-flow wp-block-column-is-layout-flow\" style=\"flex-basis:30%\">\n<div class=\"wp-block-group oeme-sidebar-menu-items has-global-padding is-layout-constrained wp-container-core-group-is-layout-92b9201d wp-block-group-is-layout-constrained\">\n<h4 class=\"wp-block-heading has-large-font-size\" style=\"padding-bottom:var(--wp--preset--spacing--20);font-style:normal;font-weight:700\">Account Options<\/h4>\n\n\n\n<ul style=\"margin-top:0;margin-right:0;margin-bottom:0;margin-left:0;padding-bottom:var(--wp--preset--spacing--40);padding-left:0;font-size:clamp(14px, 0.875rem + ((1vw - 3.2px) * 0.156), 16px);\" class=\"wp-block-list is-style-default oeme-horizontal-menu\">\n<li class=\"oeme-link-hra\"><a class=\"is-active\" href=\"#section-hra\">Acuerdo de Reembolso de Salud (HRA)<\/a><\/li>\n\n\n\n<li class=\"oeme-link-fsa\"><a href=\"#section-fsa\">Cuenta de Gastos Flexibles (FSA)<\/a><\/li>\n<\/ul>\n<\/div>\n<\/div>\n\n\n\n<div class=\"wp-block-column disable-element-on-mobile is-layout-flow wp-block-column-is-layout-flow\" style=\"border-left-color:var(--wp--preset--color--base);border-left-width:1px;padding-right:var(--wp--preset--spacing--40);flex-basis:1px\"><\/div>\n\n\n\n<div class=\"wp-block-column is-layout-flow wp-block-column-is-layout-flow\" style=\"border-top-style:none;border-top-width:0px;border-right-style:none;border-right-width:0px;border-bottom-color:#cccccc;border-bottom-style:none;border-bottom-width:0px;border-left-style:none;border-left-width:0px;padding-top:var(--wp--preset--spacing--30);flex-basis:70%\">\n<div id=\"section-hra\" class=\"wp-block-group oeme-tax-free-account-section is-open has-global-padding is-layout-constrained wp-container-core-group-is-layout-10557fc6 wp-block-group-is-layout-constrained\" style=\"border-bottom-style:none;border-bottom-width:0px;padding-bottom:var(--wp--preset--spacing--40)\">\n<div class=\"wp-block-group oeme-tax-free-section-heading has-global-padding is-layout-constrained wp-container-core-group-is-layout-e0082cf6 wp-block-group-is-layout-constrained\">\n<h2 class=\"wp-block-heading has-text-align-left has-contrast-color has-text-color has-link-color has-x-large-font-size wp-elements-ad0e212d68f3d42127a5cd308e2d79b6 wp-container-content-9cfa9a5a\" style=\"padding-top:0;padding-bottom:0;font-style:normal;font-weight:900\">Acuerdo de Reembolso de Salud (HRA)<\/h2>\n<\/div>\n\n\n\n<div class=\"wp-block-group oeme-tax-free-section-content has-global-padding is-layout-constrained wp-container-core-group-is-layout-92b9201d wp-block-group-is-layout-constrained\">\n<p class=\"has-text-align-left\" style=\"padding-bottom:var(--wp--preset--spacing--20);font-size:clamp(14px, 0.875rem + ((1vw - 3.2px) * 0.313), 18px);font-style:normal;font-weight:400\">Apoyo financiado por el empleador para tus gastos de atenci\u00f3n m\u00e9dica.<\/p>\n\n\n\n<div class=\"wp-block-group has-border-color has-base-border-color has-global-padding is-layout-constrained wp-block-group-is-layout-constrained\" style=\"border-width:6px;font-size:0px;box-shadow:var(--wp--preset--shadow--natural)\">\n<div style=\"padding:56.25% 0 0 0;position:relative;\"><iframe src=\"https:\/\/player.vimeo.com\/video\/1172432559?h=1abc1fcfd1&amp;badge=0&amp;autopause=0&amp;player_id=0&amp;app_id=58479\" frameborder=\"0\" allow=\"autoplay; fullscreen; picture-in-picture; clipboard-write; encrypted-media; web-share\" referrerpolicy=\"strict-origin-when-cross-origin\" style=\"position:absolute;top:0;left:0;width:100%;height:100%;\" title=\"Employee Navigator_20260113_100052_Final_English_Video_2025\"><\/iframe><\/div><script src=\"https:\/\/player.vimeo.com\/api\/player.js\"><\/script>\n<\/div>\n\n\n\n<div class=\"wp-block-group has-global-padding is-layout-constrained wp-container-core-group-is-layout-e0082cf6 wp-block-group-is-layout-constrained\">\n<h3 class=\"wp-block-heading has-text-align-left has-contrast-color has-text-color has-link-color has-large-font-size wp-elements-5135c770e6d7d2672e2a25d77983ebe0 wp-container-content-9cfa9a5a\" style=\"padding-top:0;padding-bottom:0;font-style:normal;font-weight:700\">QU\u00c9 ES:<\/h3>\n\n\n\n<p class=\"has-text-align-left\" style=\"padding-bottom:var(--wp--preset--spacing--20);font-size:clamp(14px, 0.875rem + ((1vw - 3.2px) * 0.313), 18px);font-style:normal;font-weight:400\">Un Acuerdo de Reembolso de Salud (HRA) es un beneficio financiado por el empleador que te reembolsa los gastos de atenci\u00f3n m\u00e9dica elegibles. Un HRA es la promesa de pago de tu empleador. En el video de arriba, aprender\u00e1s sobre tus gastos elegibles, la asignaci\u00f3n anual y qui\u00e9n ayuda a administrar tus fondos de HRA.<\/p>\n<\/div>\n\n\n\n<div class=\"wp-block-group has-global-padding is-layout-constrained wp-container-core-group-is-layout-e0082cf6 wp-block-group-is-layout-constrained\">\n<h3 class=\"wp-block-heading has-text-align-left has-contrast-color has-text-color has-link-color has-large-font-size wp-elements-266c60d3ee13b8974c72898a3aaa5e9d wp-container-content-9cfa9a5a\" style=\"padding-top:0;padding-bottom:0;font-style:normal;font-weight:700\">REGLAS CLAVE (2026):<\/h3>\n\n\n\n<ul style=\"padding-bottom:var(--wp--preset--spacing--20);padding-left:var(--wp--preset--spacing--30);font-size:clamp(14px, 0.875rem + ((1vw - 3.2px) * 0.313), 18px);\" class=\"wp-block-list is-style-checkmark-list\">\n<li><strong>Qui\u00e9n puede inscribirse:<\/strong> Empleados elegibles e inscritos en el plan de salud patrocinado por su empresa<\/li>\n\n\n\n<li><strong>Qui\u00e9n financia tu HRA:<\/strong> 100 % financiado por el empleador<\/li>\n\n\n\n<li><strong>Contribuci\u00f3n anual del empleador:<\/strong> Establecida por tu empleador (sin l\u00edmite m\u00e1ximo del IRS)<\/li>\n\n\n\n<li><strong>Ventaja fiscal:<\/strong> Los reembolsos o pagos no son imponibles cuando se utilizan para gastos m\u00e9dicos elegibles<\/li>\n\n\n\n<li><strong>Transferencia:<\/strong> Las reglas de transferencia se determinan seg\u00fan el dise\u00f1o del plan de tu empleador<\/li>\n\n\n\n<li><strong>Periodo de presentaci\u00f3n posterior:<\/strong> Tu plan puede incluir un per\u00edodo adicional que te brinda m\u00e1s tiempo, despu\u00e9s de que finaliza el a\u00f1o del plan, para presentar reclamaciones por gastos incurridos durante ese a\u00f1o del plan.<\/li>\n<\/ul>\n<\/div>\n\n\n\n<div class=\"wp-block-group has-global-padding is-layout-constrained wp-container-core-group-is-layout-e0082cf6 wp-block-group-is-layout-constrained\">\n<p class=\"has-text-align-left\" style=\"padding-bottom:var(--wp--preset--spacing--20);font-size:clamp(14px, 0.875rem + ((1vw - 3.2px) * 0.313), 18px);font-style:normal;font-weight:400\">Compartir los costos de atenci\u00f3n m\u00e9dica \u2014incluso con seguro\u2014 puede resultar una carga en algunos momentos. Contar con un HRA financiado por la empresa ayuda a compensar los gastos de bolsillo durante todo el a\u00f1o y aporta un valor financiero real y tranquilidad a tu paquete de beneficios.<\/p>\n<\/div>\n<\/div>\n<\/div>\n\n\n\n<div id=\"section-fsa\" class=\"wp-block-group oeme-tax-free-account-section has-global-padding is-layout-constrained wp-container-core-group-is-layout-345faa6b wp-block-group-is-layout-constrained\" style=\"border-bottom-style:none;border-bottom-width:0px;padding-top:0;padding-bottom:var(--wp--preset--spacing--40)\">\n<div class=\"wp-block-group oeme-tax-free-section-heading has-global-padding is-layout-constrained wp-container-core-group-is-layout-e0082cf6 wp-block-group-is-layout-constrained\">\n<h2 class=\"wp-block-heading has-text-align-left has-contrast-color has-text-color has-link-color has-x-large-font-size wp-elements-73c7693e2980d35937ee6866b4ed1e92 wp-container-content-9cfa9a5a\" style=\"padding-top:0;padding-bottom:0;font-style:normal;font-weight:900\">Cuenta de Gastos Flexibles (FSA)<\/h2>\n<\/div>\n\n\n\n<div class=\"wp-block-group oeme-tax-free-section-content has-global-padding is-layout-constrained wp-container-core-group-is-layout-92b9201d wp-block-group-is-layout-constrained\">\n<p class=\"has-text-align-left\" style=\"padding-bottom:var(--wp--preset--spacing--20);font-size:clamp(14px, 0.875rem + ((1vw - 3.2px) * 0.313), 18px);font-style:normal;font-weight:400\">Una forma sencilla de ahorrar en gastos de atenci\u00f3n m\u00e9dica utilizando dinero antes de impuestos.<\/p>\n\n\n\n<div class=\"wp-block-group has-border-color has-base-border-color has-global-padding is-layout-constrained wp-block-group-is-layout-constrained\" style=\"border-width:6px;font-size:0px;box-shadow:var(--wp--preset--shadow--natural)\">\n<div style=\"padding:56.25% 0 0 0;position:relative;\"><iframe src=\"https:\/\/player.vimeo.com\/video\/1172432576?h=0445bb02e1&amp;badge=0&amp;autopause=0&amp;player_id=0&amp;app_id=58479\" frameborder=\"0\" allow=\"autoplay; fullscreen; picture-in-picture; clipboard-write; encrypted-media; web-share\" referrerpolicy=\"strict-origin-when-cross-origin\" style=\"position:absolute;top:0;left:0;width:100%;height:100%;\" title=\"Employee Navigator_20260113_100052_Final_English_Video_2025\"><\/iframe><\/div><script src=\"https:\/\/player.vimeo.com\/api\/player.js\"><\/script>\n<\/div>\n\n\n\n<div class=\"wp-block-group has-global-padding is-layout-constrained wp-container-core-group-is-layout-e0082cf6 wp-block-group-is-layout-constrained\">\n<h3 class=\"wp-block-heading has-text-align-left has-contrast-color has-text-color has-link-color has-large-font-size wp-elements-5135c770e6d7d2672e2a25d77983ebe0 wp-container-content-9cfa9a5a\" style=\"padding-top:0;padding-bottom:0;font-style:normal;font-weight:700\">QU\u00c9 ES:<\/h3>\n\n\n\n<p class=\"has-text-align-left\" style=\"padding-bottom:var(--wp--preset--spacing--20);font-size:clamp(14px, 0.875rem + ((1vw - 3.2px) * 0.313), 18px);font-style:normal;font-weight:400\">Una Cuenta de Gastos Flexibles (FSA) te permite apartar dinero antes de impuestos de tu n\u00f3mina para pagar gastos m\u00e9dicos elegibles a lo largo del a\u00f1o.<\/p>\n<\/div>\n\n\n\n<div class=\"wp-block-group has-global-padding is-layout-constrained wp-container-core-group-is-layout-e0082cf6 wp-block-group-is-layout-constrained\">\n<h3 class=\"wp-block-heading has-text-align-left has-contrast-color has-text-color has-link-color has-large-font-size wp-elements-266c60d3ee13b8974c72898a3aaa5e9d wp-container-content-9cfa9a5a\" style=\"padding-top:0;padding-bottom:0;font-style:normal;font-weight:700\">REGLAS CLAVE (2026):<\/h3>\n\n\n\n<ul style=\"padding-bottom:var(--wp--preset--spacing--20);padding-left:var(--wp--preset--spacing--30);font-size:clamp(14px, 0.875rem + ((1vw - 3.2px) * 0.313), 18px);\" class=\"wp-block-list is-style-checkmark-list\">\n<li>M\u00e1ximo anual:<strong> $3,400<\/strong><\/li>\n\n\n\n<li>Transferencia: Hasta <strong>$680<\/strong> (si lo permite el plan de tu empleador)<\/li>\n<\/ul>\n<\/div>\n\n\n\n<div class=\"wp-block-group has-global-padding is-layout-constrained wp-container-core-group-is-layout-e0082cf6 wp-block-group-is-layout-constrained\">\n<h3 class=\"wp-block-heading has-text-align-left has-contrast-color has-text-color has-link-color has-large-font-size wp-elements-1bea061802eddcdd4d8bfd26ec614a82 wp-container-content-9cfa9a5a\" style=\"padding-top:0;padding-bottom:0;font-style:normal;font-weight:700\">ALGUNAS REGLAS SOBRE LA ELEGIBILIDAD:<\/h3>\n\n\n\n<ul style=\"padding-bottom:var(--wp--preset--spacing--20);padding-left:var(--wp--preset--spacing--30);font-size:clamp(14px, 0.875rem + ((1vw - 3.2px) * 0.313), 18px);\" class=\"wp-block-list is-style-checkmark-list\">\n<li>Debes ser elegible y estar inscrito en el FSA de Atenci\u00f3n M\u00e9dica de tu empleador<\/li>\n\n\n\n<li>No necesitas estar inscrito en un Plan de Salud con Deducible Alto (HDHP)<\/li>\n\n\n\n<li>Si te inscribes en un FSA de Atenci\u00f3n M\u00e9dica, por lo general no puedes contribuir a una Cuenta de Ahorros para la Salud (HSA)<\/li>\n\n\n\n<li>Tu FSA de Atenci\u00f3n M\u00e9dica es patrocinado por tu empleador y no es de propiedad individual<\/li>\n\n\n\n<li>Las elecciones de inscripci\u00f3n generalmente deben realizarse durante el per\u00edodo de inscripci\u00f3n abierta o despu\u00e9s de un evento de vida que califique<\/li>\n<\/ul>\n<\/div>\n\n\n\n<div class=\"wp-block-group has-global-padding is-layout-constrained wp-container-core-group-is-layout-e0082cf6 wp-block-group-is-layout-constrained\">\n<h3 class=\"wp-block-heading has-text-align-left has-contrast-color has-text-color has-link-color has-large-font-size wp-elements-57ba42b7ba608ede02e7bdd9b284bc85 wp-container-content-9cfa9a5a\" style=\"padding-top:0;padding-bottom:0;font-style:normal;font-weight:700\">A\u00d1O DEL PLAN, TRANSFERENCIA Y PER\u00cdODO DE PRESENTACI\u00d3N POSTERIOR<\/h3>\n\n\n\n<ul style=\"padding-bottom:var(--wp--preset--spacing--20);padding-left:var(--wp--preset--spacing--30);font-size:clamp(14px, 0.875rem + ((1vw - 3.2px) * 0.313), 18px);\" class=\"wp-block-list is-style-checkmark-list\">\n<li>La mayor\u00eda de los FSA siguen una estructura de \u201c<strong>\u00fasalo o pi\u00e9rdelo<\/strong>\u201d, por lo que es buena idea planificar tu elecci\u00f3n cuidadosamente<\/li>\n\n\n\n<li>Para brindarte mayor flexibilidad, es posible que puedas transferir una parte de los fondos no utilizados al siguiente a\u00f1o del plan, seg\u00fan el dise\u00f1o del plan<\/li>\n\n\n\n<li>Tu plan tambi\u00e9n puede incluir un <strong>per\u00edodo de presentaci\u00f3n posterior<\/strong>, que te permite disponer de tiempo adicional despu\u00e9s de que finaliza el a\u00f1o del plan para presentar reclamaciones por gastos incurridos durante el a\u00f1o del plan anterior.<\/li>\n<\/ul>\n<\/div>\n\n\n\n<div class=\"wp-block-group has-global-padding is-layout-constrained wp-container-core-group-is-layout-e0082cf6 wp-block-group-is-layout-constrained\">\n<h3 class=\"wp-block-heading has-text-align-left has-contrast-color has-text-color has-link-color has-large-font-size wp-elements-984a468a56cd617ea0601e380fb3dbaf wp-container-content-9cfa9a5a\" style=\"padding-top:0;padding-bottom:0;font-style:normal;font-weight:700\">DIRECTRICES DEL IRS:<\/h3>\n\n\n\n<ul style=\"padding-bottom:var(--wp--preset--spacing--20);padding-left:var(--wp--preset--spacing--30);font-size:clamp(14px, 0.875rem + ((1vw - 3.2px) * 0.313), 18px);\" class=\"wp-block-list is-style-default\">\n<li>Para obtener una lista completa de <strong>gastos m\u00e9dicos, dentales y de la vista elegibles<\/strong>, consulta la <strong>Publicaci\u00f3n 502 del IRS<\/strong>: <a href=\"https:\/\/www.irs.gov\/publications\/p502\" target=\"_blank\" rel=\"noreferrer noopener\">https:\/\/www.irs.gov\/publications\/p502<\/a><\/li>\n\n\n\n<li>Para m\u00e1s informaci\u00f3n sobre <strong>FSA, l\u00edmites de contribuci\u00f3n y normas fiscales<\/strong>, consulta la <strong>Publicaci\u00f3n 969 del IRS<\/strong>: <a href=\"https:\/\/www.irs.gov\/publications\/p969\" target=\"_blank\" rel=\"noreferrer noopener\">https:\/\/www.irs.gov\/publications\/p969<\/a><\/li>\n<\/ul>\n<\/div>\n\n\n\n<div class=\"wp-block-group has-global-padding is-layout-constrained wp-container-core-group-is-layout-e0082cf6 wp-block-group-is-layout-constrained\">\n<p class=\"has-text-align-left\" style=\"padding-bottom:var(--wp--preset--spacing--20);font-size:clamp(14px, 0.875rem + ((1vw - 3.2px) * 0.313), 18px);font-style:normal;font-weight:400\">An FSA makes budgeting for expected healthcare expenses easier while lowering your taxable income.<\/p>\n<\/div>\n<\/div>\n<\/div>\n<\/div>\n<\/div>\n<\/div>\n","protected":false},"excerpt":{"rendered":"<p>Account Options Acuerdo de Reembolso de Salud (HRA) Apoyo financiado por el empleador para tus gastos de atenci\u00f3n m\u00e9dica. QU\u00c9 ES: Un Acuerdo de Reembolso de Salud (HRA) es un beneficio financiado por el empleador que te reembolsa los gastos de atenci\u00f3n m\u00e9dica elegibles. Un HRA es la promesa de pago de tu empleador. En [&hellip;]<\/p>\n","protected":false},"author":4,"featured_media":222,"parent":25,"menu_order":16,"comment_status":"closed","ping_status":"closed","template":"page-no-title","meta":{"footnotes":""},"class_list":["post-218","page","type-page","status-publish","has-post-thumbnail","hentry"],"_links":{"self":[{"href":"https:\/\/myoeme.io\/metlife-es\/wp-json\/wp\/v2\/pages\/218","targetHints":{"allow":["GET"]}}],"collection":[{"href":"https:\/\/myoeme.io\/metlife-es\/wp-json\/wp\/v2\/pages"}],"about":[{"href":"https:\/\/myoeme.io\/metlife-es\/wp-json\/wp\/v2\/types\/page"}],"author":[{"embeddable":true,"href":"https:\/\/myoeme.io\/metlife-es\/wp-json\/wp\/v2\/users\/4"}],"replies":[{"embeddable":true,"href":"https:\/\/myoeme.io\/metlife-es\/wp-json\/wp\/v2\/comments?post=218"}],"version-history":[{"count":13,"href":"https:\/\/myoeme.io\/metlife-es\/wp-json\/wp\/v2\/pages\/218\/revisions"}],"predecessor-version":[{"id":444,"href":"https:\/\/myoeme.io\/metlife-es\/wp-json\/wp\/v2\/pages\/218\/revisions\/444"}],"up":[{"embeddable":true,"href":"https:\/\/myoeme.io\/metlife-es\/wp-json\/wp\/v2\/pages\/25"}],"wp:featuredmedia":[{"embeddable":true,"href":"https:\/\/myoeme.io\/metlife-es\/wp-json\/wp\/v2\/media\/222"}],"wp:attachment":[{"href":"https:\/\/myoeme.io\/metlife-es\/wp-json\/wp\/v2\/media?parent=218"}],"curies":[{"name":"wp","href":"https:\/\/api.w.org\/{rel}","templated":true}]}}