{"id":17,"date":"2025-12-16T11:34:22","date_gmt":"2025-12-16T11:34:22","guid":{"rendered":"https:\/\/myoeme.io\/metlife-fr\/?page_id=17"},"modified":"2026-04-22T06:20:46","modified_gmt":"2026-04-22T06:20:46","slug":"employer-paid-life","status":"publish","type":"page","link":"https:\/\/myoeme.io\/metlife-fr\/benefits\/employer-paid-life\/","title":{"rendered":"Assurance vie pay\u00e9e par l\u2019employeur"},"content":{"rendered":"\n<div class=\"wp-block-cover alignfull disable-element-on-mobile has-aspect-ratio wp-duotone-unset-1\" style=\"padding-top:35vh;padding-bottom:65px;aspect-ratio:auto;min-height:unset;\"><img decoding=\"async\" class=\"wp-block-cover__image-background wp-image-220 size-large\" alt=\"\" src=\"https:\/\/myoeme.io\/wp-content\/uploads\/2025\/06\/tmptaqjw0pw-1024x390.webp\" data-object-fit=\"cover\"\/><span aria-hidden=\"true\" class=\"wp-block-cover__background has-black-background-color has-background-dim-60 has-background-dim\"><\/span><div class=\"wp-block-cover__inner-container has-global-padding is-layout-constrained wp-container-core-cover-is-layout-174515c3 wp-block-cover-is-layout-constrained\">\n<div class=\"wp-block-columns alignwide is-layout-flex wp-container-core-columns-is-layout-28f84493 wp-block-columns-is-layout-flex\">\n<div class=\"wp-block-column is-layout-flow wp-block-column-is-layout-flow\" style=\"flex-basis:72%\">\n<h2 class=\"wp-block-heading\" style=\"padding-bottom:10px;font-size:clamp(25.014px, 1.563rem + ((1vw - 3.2px) * 1.327), 42px);font-style:normal;font-weight:700\"><strong><strong><strong>Pay\u00e9e par l&#8217;Employeur<\/strong>&nbsp;<strong>Assurance Vie<\/strong><\/strong><\/strong><\/h2>\n\n\n\n<p style=\"font-size:clamp(14px, 0.875rem + ((1vw - 3.2px) * 0.313), 18px);font-style:normal;font-weight:500\">La perte d&#8217;un \u00eatre cher est quelque chose \u00e0 laquelle nous \u00e9vitons de penser, mais il est important de planifier l&#8217;inattendu pour que votre famille puisse \u00eatre prise en charge.&nbsp;<\/p>\n<\/div>\n\n\n\n<div class=\"wp-block-column is-vertically-aligned-center is-layout-flow wp-block-column-is-layout-flow\" style=\"flex-basis:28%\"><\/div>\n<\/div>\n<\/div><\/div>\n\n\n\n<div class=\"wp-block-cover alignfull hide-on-large-devices has-aspect-ratio wp-duotone-unset-2\" style=\"padding-top:15vh;padding-bottom:var(--wp--preset--spacing--40);aspect-ratio:auto;min-height:unset;\"><img decoding=\"async\" class=\"wp-block-cover__image-background wp-image-220 size-large\" alt=\"\" src=\"https:\/\/myoeme.io\/wp-content\/uploads\/2025\/06\/tmptaqjw0pw-1024x390.webp\" style=\"object-position:51% 73%\" data-object-fit=\"cover\" data-object-position=\"51% 73%\"\/><span aria-hidden=\"true\" class=\"wp-block-cover__background has-black-background-color has-background-dim-60 has-background-dim\"><\/span><div class=\"wp-block-cover__inner-container has-global-padding is-layout-constrained wp-container-core-cover-is-layout-c8cde179 wp-block-cover-is-layout-constrained\">\n<div class=\"wp-block-columns alignwide is-layout-flex wp-container-core-columns-is-layout-28f84493 wp-block-columns-is-layout-flex\">\n<div class=\"wp-block-column is-layout-flow wp-block-column-is-layout-flow\" style=\"flex-basis:72%\">\n<h2 class=\"wp-block-heading\" style=\"padding-bottom:10px;font-size:clamp(25.014px, 1.563rem + ((1vw - 3.2px) * 1.327), 42px);font-style:normal;font-weight:700\"><strong><strong><strong>Pay\u00e9e par l&#8217;Employeur<\/strong>&nbsp;<strong>Assurance Vie<\/strong><\/strong><\/strong><\/h2>\n\n\n\n<p style=\"font-size:clamp(14px, 0.875rem + ((1vw - 3.2px) * 0.313), 18px);font-style:normal;font-weight:500\">La perte d&#8217;un \u00eatre cher est quelque chose \u00e0 laquelle nous \u00e9vitons de penser, mais il est important de planifier l&#8217;inattendu pour que votre famille puisse \u00eatre prise en charge.&nbsp;<\/p>\n<\/div>\n<\/div>\n<\/div><\/div>\n\n\n\n<div class=\"wp-block-group alignfull has-global-padding is-content-justification-center is-layout-constrained wp-container-core-group-is-layout-f2bd6281 wp-block-group-is-layout-constrained\" style=\"padding-top:var(--wp--preset--spacing--60);padding-bottom:var(--wp--preset--spacing--60)\">\n<div class=\"wp-block-columns has-accent-3-background-color has-background is-layout-flex wp-container-core-columns-is-layout-2a4758ec wp-block-columns-is-layout-flex\" style=\"border-right-color:var(--wp--preset--color--base);margin-top:0;margin-bottom:0;padding-top:var(--wp--preset--spacing--50);padding-right:15px;padding-bottom:var(--wp--preset--spacing--50);padding-left:15px\">\n<div class=\"wp-block-column is-vertically-aligned-stretch is-layout-flow wp-block-column-is-layout-flow\" style=\"flex-basis:53%\">\n<div class=\"wp-block-group is-vertical is-content-justification-left is-layout-flex wp-container-core-group-is-layout-b21d21b4 wp-block-group-is-layout-flex\" style=\"min-height:100%\">\n<h2 class=\"wp-block-heading has-text-align-left has-contrast-color has-text-color has-link-color wp-elements-411da16c344d6656303c7541fa56f74d\" style=\"padding-bottom:20px;font-size:clamp(22.041px, 1.378rem + ((1vw - 3.2px) * 1.091), 36px);font-style:normal;font-weight:700\"><strong><strong><strong>S\u00e9curiser leur Avenir, Aujourd&#8217;hui<\/strong><\/strong><\/strong><\/h2>\n\n\n\n<p class=\"has-text-align-left\" style=\"font-size:clamp(14px, 0.875rem + ((1vw - 3.2px) * 0.313), 18px);font-style:normal;font-weight:400\">L&#8217;assurance vie offre une protection financi\u00e8re et une tranquillit\u00e9 d&#8217;esprit, en veillant \u00e0 ce que vos proches soient soutenus lorsqu&#8217;ils en ont le plus besoin.&nbsp;<\/p>\n<\/div>\n<\/div>\n\n\n\n<div class=\"wp-block-column is-vertically-aligned-center is-layout-flow wp-block-column-is-layout-flow\" style=\"padding-top:0;flex-basis:47%\">\n<div class=\"wp-block-group has-border-color has-base-border-color has-global-padding is-content-justification-right is-layout-constrained wp-container-core-group-is-layout-f1f2ed93 wp-block-group-is-layout-constrained\" style=\"border-width:6px;font-size:0px;box-shadow:var(--wp--preset--shadow--natural)\">\n<div style=\"padding:56.25% 0 0 0;position:relative;\"><iframe src=\"https:\/\/player.vimeo.com\/video\/1172560429?h=c7b09d1a72&amp;badge=0&amp;autopause=0&amp;player_id=0&amp;app_id=58479\" frameborder=\"0\" allow=\"autoplay; fullscreen; picture-in-picture; clipboard-write; encrypted-media; web-share\" referrerpolicy=\"strict-origin-when-cross-origin\" style=\"position:absolute;top:0;left:0;width:100%;height:100%;\" title=\"Employee Navigator_20260113_100052_Final_English_Video_2025\"><\/iframe><\/div><script src=\"https:\/\/player.vimeo.com\/api\/player.js\"><\/script>\n<\/div>\n<\/div>\n<\/div>\n\n\n\n<div class=\"wp-block-group has-global-padding is-layout-constrained wp-block-group-is-layout-constrained\" style=\"margin-top:var(--wp--preset--spacing--60);margin-bottom:0px;padding-top:15px;padding-bottom:15px\">\n<h2 class=\"wp-block-heading has-text-align-left has-contrast-color has-text-color has-link-color wp-elements-fc991d733eeab92e34179dc9b1a88813 wp-container-content-9cfa9a5a\" style=\"padding-bottom:20px;font-size:clamp(22.041px, 1.378rem + ((1vw - 3.2px) * 1.091), 36px);font-style:normal;font-weight:900\"><strong><strong><strong><strong><strong>Pourquoi l&#8217;Assurance Vie Est-Elle Importante<\/strong>&nbsp;<\/strong><\/strong><\/strong><\/strong><\/h2>\n\n\n\n<p class=\"wp-container-content-9cfa9a5a\" style=\"padding-bottom:10px;font-size:clamp(14px, 0.875rem + ((1vw - 3.2px) * 0.313), 18px);font-style:normal;font-weight:400\">Perdre un \u00eatre cher peut cr\u00e9er \u00e0 la fois des d\u00e9fis \u00e9motionnels et financiers. Les d\u00e9penses quotidiennes, les paiements hypoth\u00e9caires et les co\u00fbts futurs tels que l&#8217;\u00e9ducation peuvent rapidement devenir accablants. L&#8217;assurance vie aide \u00e0 fournir un filet de s\u00e9curit\u00e9 pour votre famille pendant&nbsp;les moments difficiles.&nbsp;<\/p>\n\n\n\n<h2 class=\"wp-block-heading has-text-align-left has-contrast-color has-text-color has-link-color wp-elements-c26c851f00ece565812ff01b2fdb02b2 wp-container-content-9cfa9a5a\" style=\"padding-top:20px;padding-bottom:var(--wp--preset--spacing--30);font-size:clamp(22.041px, 1.378rem + ((1vw - 3.2px) * 1.091), 36px);font-style:normal;font-weight:900\"><strong><strong><strong><strong><strong><strong>Comment Fonctionne l&#8217;Assurance Vie Temporaire<\/strong>&nbsp;<\/strong><\/strong><\/strong><\/strong><\/strong><\/h2>\n\n\n\n<p class=\"wp-container-content-9cfa9a5a\" style=\"padding-bottom:10px;font-size:clamp(14px, 0.875rem + ((1vw - 3.2px) * 0.313), 18px);font-style:normal;font-weight:400\">L&#8217;assurance vie temporaire offre une couverture pour une p\u00e9riode sp\u00e9cifique et verse un b\u00e9n\u00e9fice \u00e0 vos b\u00e9n\u00e9ficiaires si quelque chose vous arrive pendant cette p\u00e9riode.&nbsp;Elle est con\u00e7ue pour aider&nbsp;\u00e0 maintenir&nbsp;la stabilit\u00e9 financi\u00e8re de votre famille et \u00e0 couvrir les besoins continus comme les d\u00e9penses de la vie quotidienne ou les co\u00fbts futurs de l&#8217;\u00e9ducation.&nbsp;<\/p>\n\n\n\n<h2 class=\"wp-block-heading has-text-align-left has-contrast-color has-text-color has-link-color wp-elements-954dee44020a875ae1d3ea54c0177241 wp-container-content-9cfa9a5a\" style=\"padding-top:20px;padding-bottom:var(--wp--preset--spacing--30);font-size:clamp(22.041px, 1.378rem + ((1vw - 3.2px) * 1.091), 36px);font-style:normal;font-weight:900\"><strong><strong><strong><strong><strong><strong><strong>Une Valeur Ajout\u00e9e&nbsp;De&nbsp;Votre Employeur<\/strong>&nbsp;<\/strong><\/strong><\/strong><\/strong><\/strong><\/strong><\/h2>\n\n\n\n<p class=\"wp-container-content-9cfa9a5a\" style=\"padding-bottom:20px;font-size:clamp(14px, 0.875rem + ((1vw - 3.2px) * 0.313), 18px);font-style:normal;font-weight:400\">Le meilleur dans tout \u00e7a ? L&#8217;assurance vie temporaire de base est&nbsp;<strong>financ\u00e9e par votre employeur<\/strong>\u2014c&#8217;est-\u00e0-dire que cette couverture importante est fournie sans frais pour vous.&nbsp;C&#8217;est&nbsp;un avantage pr\u00e9cieux qui aide \u00e0 prot\u00e9ger l&#8217;avenir de votre famille, et&nbsp;c&#8217;est&nbsp;une autre fa\u00e7on dont votre employeur investit dans votre bien-\u00eatre.&nbsp;<\/p>\n\n\n\n<h2 class=\"wp-block-heading has-text-align-left has-contrast-color has-text-color has-link-color wp-elements-e3385e77c8e80d0cfb545da1e1cad146 wp-container-content-9cfa9a5a\" style=\"padding-top:20px;padding-bottom:var(--wp--preset--spacing--30);font-size:clamp(22.041px, 1.378rem + ((1vw - 3.2px) * 1.091), 36px);font-style:normal;font-weight:900\"><strong><strong><strong><strong><strong><strong><strong><strong>Prot\u00e9gez l&#8217;Avenir de Votre Famille<\/strong>&nbsp;<\/strong><\/strong><\/strong><\/strong><\/strong><\/strong><\/strong><\/h2>\n\n\n\n<p class=\"wp-container-content-9cfa9a5a\" style=\"padding-bottom:20px;font-size:clamp(14px, 0.875rem + ((1vw - 3.2px) * 0.313), 18px);font-style:normal;font-weight:400\">Choisir la bonne couverture d&#8217;assurance vie est une \u00e9tape proactive pour prot\u00e9ger le bien-\u00eatre financier de votre famille. Comprendre vos options et&nbsp;planifier \u00e0 l&#8217;avance&nbsp;garantit que vos proches soient soutenus, peu importe ce que la vie r\u00e9serve.&nbsp;<\/p>\n<\/div>\n<\/div>\n","protected":false},"excerpt":{"rendered":"<p>S\u00e9curiser leur Avenir, Aujourd&#8217;hui L&#8217;assurance vie offre une protection financi\u00e8re et une tranquillit\u00e9 d&#8217;esprit, en veillant \u00e0 ce que vos proches soient soutenus lorsqu&#8217;ils en ont le plus besoin.&nbsp; Pourquoi l&#8217;Assurance Vie Est-Elle Importante&nbsp; Perdre un \u00eatre cher peut cr\u00e9er \u00e0 la fois des d\u00e9fis \u00e9motionnels et financiers. Les d\u00e9penses quotidiennes, les paiements hypoth\u00e9caires et [&hellip;]<\/p>\n","protected":false},"author":4,"featured_media":60,"parent":19,"menu_order":4,"comment_status":"closed","ping_status":"closed","template":"","meta":{"footnotes":""},"class_list":["post-17","page","type-page","status-publish","has-post-thumbnail","hentry"],"_links":{"self":[{"href":"https:\/\/myoeme.io\/metlife-fr\/wp-json\/wp\/v2\/pages\/17","targetHints":{"allow":["GET"]}}],"collection":[{"href":"https:\/\/myoeme.io\/metlife-fr\/wp-json\/wp\/v2\/pages"}],"about":[{"href":"https:\/\/myoeme.io\/metlife-fr\/wp-json\/wp\/v2\/types\/page"}],"author":[{"embeddable":true,"href":"https:\/\/myoeme.io\/metlife-fr\/wp-json\/wp\/v2\/users\/4"}],"replies":[{"embeddable":true,"href":"https:\/\/myoeme.io\/metlife-fr\/wp-json\/wp\/v2\/comments?post=17"}],"version-history":[{"count":19,"href":"https:\/\/myoeme.io\/metlife-fr\/wp-json\/wp\/v2\/pages\/17\/revisions"}],"predecessor-version":[{"id":591,"href":"https:\/\/myoeme.io\/metlife-fr\/wp-json\/wp\/v2\/pages\/17\/revisions\/591"}],"up":[{"embeddable":true,"href":"https:\/\/myoeme.io\/metlife-fr\/wp-json\/wp\/v2\/pages\/19"}],"wp:featuredmedia":[{"embeddable":true,"href":"https:\/\/myoeme.io\/metlife-fr\/wp-json\/wp\/v2\/media\/60"}],"wp:attachment":[{"href":"https:\/\/myoeme.io\/metlife-fr\/wp-json\/wp\/v2\/media?parent=17"}],"curies":[{"name":"wp","href":"https:\/\/api.w.org\/{rel}","templated":true}]}}