{"id":209,"date":"2026-01-08T12:31:49","date_gmt":"2026-01-08T12:31:49","guid":{"rendered":"https:\/\/myoeme.io\/metlife-fr\/?page_id=209"},"modified":"2026-03-11T14:20:09","modified_gmt":"2026-03-11T14:20:09","slug":"tax-free-spending-accounts","status":"publish","type":"page","link":"https:\/\/myoeme.io\/metlife-fr\/benefits\/tax-free-spending-accounts\/","title":{"rendered":"Comptes de d\u00e9penses exon\u00e9r\u00e9s d&#8217;imp\u00f4t"},"content":{"rendered":"\n<div class=\"wp-block-cover alignfull disable-element-on-mobile has-aspect-ratio wp-duotone-unset-1\" style=\"padding-top:36vh;padding-bottom:40px;aspect-ratio:auto;min-height:unset;\"><img loading=\"lazy\" decoding=\"async\" width=\"1920\" height=\"440\" class=\"wp-block-cover__image-background wp-image-210 size-full\" alt=\"\" src=\"https:\/\/myoeme.io\/metlife-fr\/wp-content\/uploads\/sites\/556\/2026\/01\/Untitled-design-49.png\" data-object-fit=\"cover\" srcset=\"https:\/\/myoeme.io\/metlife-fr\/wp-content\/uploads\/sites\/556\/2026\/01\/Untitled-design-49.png 1920w, https:\/\/myoeme.io\/metlife-fr\/wp-content\/uploads\/sites\/556\/2026\/01\/Untitled-design-49-300x69.png 300w, https:\/\/myoeme.io\/metlife-fr\/wp-content\/uploads\/sites\/556\/2026\/01\/Untitled-design-49-1024x235.png 1024w, https:\/\/myoeme.io\/metlife-fr\/wp-content\/uploads\/sites\/556\/2026\/01\/Untitled-design-49-768x176.png 768w, https:\/\/myoeme.io\/metlife-fr\/wp-content\/uploads\/sites\/556\/2026\/01\/Untitled-design-49-1536x352.png 1536w\" sizes=\"auto, (max-width: 1920px) 100vw, 1920px\" \/><span aria-hidden=\"true\" class=\"wp-block-cover__background has-black-background-color has-background-dim-10 has-background-dim\"><\/span><div class=\"wp-block-cover__inner-container has-global-padding is-layout-constrained wp-container-core-cover-is-layout-64f91264 wp-block-cover-is-layout-constrained\">\n<div class=\"wp-block-columns alignwide is-layout-flex wp-container-core-columns-is-layout-28f84493 wp-block-columns-is-layout-flex\">\n<div class=\"wp-block-column is-layout-flow wp-block-column-is-layout-flow\" style=\"flex-basis:72%\">\n<h2 class=\"wp-block-heading\" style=\"padding-bottom:10px;font-size:clamp(25.014px, 1.563rem + ((1vw - 3.2px) * 1.327), 42px);font-style:normal;font-weight:700\">Profitez des avantages. Laissez l\u2019imp\u00f4t.<\/h2>\n<\/div>\n\n\n\n<div class=\"wp-block-column is-vertically-aligned-center is-layout-flow wp-block-column-is-layout-flow\" style=\"flex-basis:28%\"><\/div>\n<\/div>\n<\/div><\/div>\n\n\n\n<div class=\"wp-block-cover alignfull hide-on-large-devices has-aspect-ratio wp-duotone-unset-2\" style=\"padding-top:20vh;padding-bottom:var(--wp--preset--spacing--20);aspect-ratio:auto;min-height:unset;\"><img loading=\"lazy\" decoding=\"async\" width=\"941\" height=\"672\" class=\"wp-block-cover__image-background wp-image-211 size-full\" alt=\"\" src=\"https:\/\/myoeme.io\/metlife-fr\/wp-content\/uploads\/sites\/556\/2026\/01\/AdobeStock_1338597511-1-1.jpeg\" data-object-fit=\"cover\" srcset=\"https:\/\/myoeme.io\/metlife-fr\/wp-content\/uploads\/sites\/556\/2026\/01\/AdobeStock_1338597511-1-1.jpeg 941w, https:\/\/myoeme.io\/metlife-fr\/wp-content\/uploads\/sites\/556\/2026\/01\/AdobeStock_1338597511-1-1-300x214.jpeg 300w, https:\/\/myoeme.io\/metlife-fr\/wp-content\/uploads\/sites\/556\/2026\/01\/AdobeStock_1338597511-1-1-768x548.jpeg 768w\" sizes=\"auto, (max-width: 941px) 100vw, 941px\" \/><span aria-hidden=\"true\" class=\"wp-block-cover__background has-black-background-color has-background-dim-20 has-background-dim\"><\/span><div class=\"wp-block-cover__inner-container has-global-padding is-layout-constrained wp-container-core-cover-is-layout-a0d5411a wp-block-cover-is-layout-constrained\">\n<div class=\"wp-block-columns alignwide is-layout-flex wp-container-core-columns-is-layout-28f84493 wp-block-columns-is-layout-flex\">\n<div class=\"wp-block-column is-layout-flow wp-block-column-is-layout-flow\" style=\"flex-basis:72%\">\n<h2 class=\"wp-block-heading\" style=\"padding-bottom:10px;font-size:clamp(25.014px, 1.563rem + ((1vw - 3.2px) * 1.327), 42px);font-style:normal;font-weight:700\">Profitez des avantages. Laissez l\u2019imp\u00f4t.<\/h2>\n<\/div>\n<\/div>\n<\/div><\/div>\n\n\n\n<div class=\"wp-block-group has-global-padding is-layout-constrained wp-container-core-group-is-layout-81056d93 wp-block-group-is-layout-constrained\">\n<div class=\"wp-block-columns is-layout-flex wp-container-core-columns-is-layout-ebd3efb7 wp-block-columns-is-layout-flex\" style=\"padding-top:var(--wp--preset--spacing--50)\">\n<div class=\"wp-block-column disable-element-on-mobile is-layout-flow wp-block-column-is-layout-flow\" style=\"flex-basis:30%\">\n<div class=\"wp-block-group oeme-sidebar-menu-items has-global-padding is-layout-constrained wp-container-core-group-is-layout-92b9201d wp-block-group-is-layout-constrained\">\n<h4 class=\"wp-block-heading has-large-font-size\" style=\"padding-bottom:var(--wp--preset--spacing--20);font-style:normal;font-weight:700\">Account Options<\/h4>\n\n\n\n<ul style=\"margin-top:0;margin-right:0;margin-bottom:0;margin-left:0;padding-bottom:var(--wp--preset--spacing--40);padding-left:0;font-size:clamp(14px, 0.875rem + ((1vw - 3.2px) * 0.156), 16px);\" class=\"wp-block-list is-style-default oeme-horizontal-menu\">\n<li class=\"oeme-link-hra\"><a class=\"is-active\" href=\"#section-hra\">R\u00e9gime de remboursement des frais de sant\u00e9 (HRA)<\/a><\/li>\n\n\n\n<li class=\"oeme-link-fsa\"><a href=\"#section-fsa\">Compte de d\u00e9penses flexibles (FSA)<\/a><\/li>\n<\/ul>\n<\/div>\n<\/div>\n\n\n\n<div class=\"wp-block-column disable-element-on-mobile is-layout-flow wp-block-column-is-layout-flow\" style=\"border-left-color:var(--wp--preset--color--base);border-left-width:1px;padding-right:var(--wp--preset--spacing--40);flex-basis:1px\"><\/div>\n\n\n\n<div class=\"wp-block-column is-layout-flow wp-block-column-is-layout-flow\" style=\"border-top-style:none;border-top-width:0px;border-right-style:none;border-right-width:0px;border-bottom-color:#cccccc;border-bottom-style:none;border-bottom-width:0px;border-left-style:none;border-left-width:0px;padding-top:var(--wp--preset--spacing--30);flex-basis:70%\">\n<div id=\"section-hra\" class=\"wp-block-group oeme-tax-free-account-section is-open has-global-padding is-layout-constrained wp-container-core-group-is-layout-10557fc6 wp-block-group-is-layout-constrained\" style=\"border-bottom-style:none;border-bottom-width:0px;padding-bottom:var(--wp--preset--spacing--40)\">\n<div class=\"wp-block-group oeme-tax-free-section-heading has-global-padding is-layout-constrained wp-container-core-group-is-layout-e0082cf6 wp-block-group-is-layout-constrained\">\n<h2 class=\"wp-block-heading has-text-align-left has-contrast-color has-text-color has-link-color has-x-large-font-size wp-elements-2f6edaf9ee017fef8f6f160376ad9ce5 wp-container-content-9cfa9a5a\" style=\"padding-top:0;padding-bottom:0;font-style:normal;font-weight:900\">R\u00e9gime de remboursement des frais de sant\u00e9 (HRA)<\/h2>\n<\/div>\n\n\n\n<div class=\"wp-block-group oeme-tax-free-section-content has-global-padding is-layout-constrained wp-container-core-group-is-layout-92b9201d wp-block-group-is-layout-constrained\">\n<p class=\"has-text-align-left\" style=\"padding-bottom:var(--wp--preset--spacing--20);font-size:clamp(14px, 0.875rem + ((1vw - 3.2px) * 0.313), 18px);font-style:normal;font-weight:400\">Un soutien financ\u00e9 par l\u2019employeur pour vos d\u00e9penses de sant\u00e9.<\/p>\n\n\n\n<div class=\"wp-block-group has-border-color has-base-border-color has-global-padding is-layout-constrained wp-block-group-is-layout-constrained\" style=\"border-width:6px;font-size:0px;box-shadow:var(--wp--preset--shadow--natural)\">\n<div style=\"padding:56.25% 0 0 0;position:relative;\"><iframe src=\"https:\/\/player.vimeo.com\/video\/1172560328?h=ef11b47cb0&amp;badge=0&amp;autopause=0&amp;player_id=0&amp;app_id=58479\" frameborder=\"0\" allow=\"autoplay; fullscreen; picture-in-picture; clipboard-write; encrypted-media; web-share\" referrerpolicy=\"strict-origin-when-cross-origin\" style=\"position:absolute;top:0;left:0;width:100%;height:100%;\" title=\"Employee Navigator_20260113_100052_Final_English_Video_2025\"><\/iframe><\/div><script src=\"https:\/\/player.vimeo.com\/api\/player.js\"><\/script>\n<\/div>\n\n\n\n<div class=\"wp-block-group has-global-padding is-layout-constrained wp-container-core-group-is-layout-e0082cf6 wp-block-group-is-layout-constrained\">\n<h3 class=\"wp-block-heading has-text-align-left has-contrast-color has-text-color has-link-color has-large-font-size wp-elements-4b98fbb9e3b653072dee74e2107d35fd wp-container-content-9cfa9a5a\" style=\"padding-top:0;padding-bottom:0;font-style:normal;font-weight:700\">CE QUE C\u2019EST :<\/h3>\n\n\n\n<p class=\"has-text-align-left\" style=\"padding-bottom:var(--wp--preset--spacing--20);font-size:clamp(14px, 0.875rem + ((1vw - 3.2px) * 0.313), 18px);font-style:normal;font-weight:400\">Un r\u00e9gime de remboursement des frais de sant\u00e9 (HRA) est un avantage financ\u00e9 par l\u2019employeur qui vous rembourse les d\u00e9penses de sant\u00e9 admissibles. Un HRA repr\u00e9sente l\u2019engagement de votre employeur \u00e0 payer. Dans la vid\u00e9o ci-dessus, vous d\u00e9couvrirez quelles d\u00e9penses sont admissibles, le montant annuel allou\u00e9 et qui aide \u00e0 g\u00e9rer vos fonds HRA.<\/p>\n<\/div>\n\n\n\n<div class=\"wp-block-group has-global-padding is-layout-constrained wp-container-core-group-is-layout-e0082cf6 wp-block-group-is-layout-constrained\">\n<h3 class=\"wp-block-heading has-text-align-left has-contrast-color has-text-color has-link-color has-large-font-size wp-elements-8bcfff135c5b732054ebfba517c336c6 wp-container-content-9cfa9a5a\" style=\"padding-top:0;padding-bottom:0;font-style:normal;font-weight:700\">R\u00c8GLES CL\u00c9S (2026) :<\/h3>\n\n\n\n<ul style=\"padding-bottom:var(--wp--preset--spacing--20);padding-left:var(--wp--preset--spacing--30);font-size:clamp(14px, 0.875rem + ((1vw - 3.2px) * 0.313), 18px);\" class=\"wp-block-list is-style-checkmark-list\">\n<li><strong>Qui peut s\u2019inscrire :<\/strong> Les employ\u00e9s \u00e9ligibles et inscrits au r\u00e9gime de sant\u00e9 parrain\u00e9 par votre entreprise<\/li>\n\n\n\n<li><strong>Qui finance votre HRA :<\/strong> Financ\u00e9 \u00e0 100 % par l\u2019employeur<\/li>\n\n\n\n<li><strong>Contribution annuelle de l\u2019employeur :<\/strong> Fix\u00e9e par votre employeur (aucune limite maximale de l\u2019IRS)<\/li>\n\n\n\n<li><strong>Avantage fiscal :<\/strong> Les remboursements ou paiements ne sont pas imposables lorsqu\u2019ils sont utilis\u00e9s pour des d\u00e9penses m\u00e9dicales admissibles<\/li>\n\n\n\n<li><strong>Report :<\/strong> Les r\u00e8gles de report sont d\u00e9termin\u00e9es par la conception du r\u00e9gime de votre employeur<\/li>\n\n\n\n<li><strong>D\u00e9lai de soumission :<\/strong> Votre r\u00e9gime peut inclure une p\u00e9riode de prolongation, vous donnant du temps suppl\u00e9mentaire apr\u00e8s la fin de l\u2019ann\u00e9e du r\u00e9gime pour soumettre des demandes de remboursement pour des d\u00e9penses engag\u00e9es pendant cette ann\u00e9e-l\u00e0.<\/li>\n<\/ul>\n<\/div>\n\n\n\n<div class=\"wp-block-group has-global-padding is-layout-constrained wp-container-core-group-is-layout-e0082cf6 wp-block-group-is-layout-constrained\">\n<p class=\"has-text-align-left\" style=\"padding-bottom:var(--wp--preset--spacing--20);font-size:clamp(14px, 0.875rem + ((1vw - 3.2px) * 0.313), 18px);font-style:normal;font-weight:400\">Le partage des co\u00fbts de sant\u00e9 \u2014 m\u00eame avec une assurance \u2014 peut parfois \u00eatre lourd \u00e0 supporter. Disposer d\u2019un HRA financ\u00e9 par l\u2019entreprise aide \u00e0 compenser les d\u00e9penses \u00e0 la charge de l\u2019assur\u00e9 tout au long de l\u2019ann\u00e9e et apporte une r\u00e9elle valeur financi\u00e8re ainsi qu\u2019une tranquillit\u00e9 d\u2019esprit \u00e0 votre ensemble d\u2019avantages sociaux.<\/p>\n<\/div>\n<\/div>\n<\/div>\n\n\n\n<div id=\"section-fsa\" class=\"wp-block-group oeme-tax-free-account-section has-global-padding is-layout-constrained wp-container-core-group-is-layout-345faa6b wp-block-group-is-layout-constrained\" style=\"border-bottom-style:none;border-bottom-width:0px;padding-top:0;padding-bottom:var(--wp--preset--spacing--40)\">\n<div class=\"wp-block-group oeme-tax-free-section-heading has-global-padding is-layout-constrained wp-container-core-group-is-layout-e0082cf6 wp-block-group-is-layout-constrained\">\n<h2 class=\"wp-block-heading has-text-align-left has-contrast-color has-text-color has-link-color has-x-large-font-size wp-elements-f25b29a1a5a2411cf3f7894866ed787c wp-container-content-9cfa9a5a\" style=\"padding-top:0;padding-bottom:0;font-style:normal;font-weight:900\">Compte de d\u00e9penses flexibles (FSA)<\/h2>\n<\/div>\n\n\n\n<div class=\"wp-block-group oeme-tax-free-section-content has-global-padding is-layout-constrained wp-container-core-group-is-layout-92b9201d wp-block-group-is-layout-constrained\">\n<p class=\"has-text-align-left\" style=\"padding-bottom:var(--wp--preset--spacing--20);font-size:clamp(14px, 0.875rem + ((1vw - 3.2px) * 0.313), 18px);font-style:normal;font-weight:400\">Une fa\u00e7on simple d\u2019\u00e9conomiser sur les d\u00e9penses de sant\u00e9 en utilisant des fonds avant imp\u00f4t.<\/p>\n\n\n\n<div class=\"wp-block-group has-border-color has-base-border-color has-global-padding is-layout-constrained wp-block-group-is-layout-constrained\" style=\"border-width:6px;font-size:0px;box-shadow:var(--wp--preset--shadow--natural)\">\n<div style=\"padding:56.25% 0 0 0;position:relative;\"><iframe src=\"https:\/\/player.vimeo.com\/video\/1172560351?h=e5b88af58e&amp;badge=0&amp;autopause=0&amp;player_id=0&amp;app_id=58479\" frameborder=\"0\" allow=\"autoplay; fullscreen; picture-in-picture; clipboard-write; encrypted-media; web-share\" referrerpolicy=\"strict-origin-when-cross-origin\" style=\"position:absolute;top:0;left:0;width:100%;height:100%;\" title=\"Employee Navigator_20260113_100052_Final_English_Video_2025\"><\/iframe><\/div><script src=\"https:\/\/player.vimeo.com\/api\/player.js\"><\/script>\n<\/div>\n\n\n\n<div class=\"wp-block-group has-global-padding is-layout-constrained wp-container-core-group-is-layout-e0082cf6 wp-block-group-is-layout-constrained\">\n<h3 class=\"wp-block-heading has-text-align-left has-contrast-color has-text-color has-link-color has-large-font-size wp-elements-ce14ea85fea512500ad6e96d96dd711c wp-container-content-9cfa9a5a\" style=\"padding-top:0;padding-bottom:0;font-style:normal;font-weight:700\">WHAT IT IS:<\/h3>\n\n\n\n<p class=\"has-text-align-left\" style=\"padding-bottom:var(--wp--preset--spacing--20);font-size:clamp(14px, 0.875rem + ((1vw - 3.2px) * 0.313), 18px);font-style:normal;font-weight:400\">Un compte de d\u00e9penses flexibles (FSA) vous permet de mettre de c\u00f4t\u00e9 des fonds avant imp\u00f4t pr\u00e9lev\u00e9s sur votre salaire afin de payer des d\u00e9penses m\u00e9dicales admissibles tout au long de l\u2019ann\u00e9e.<\/p>\n<\/div>\n\n\n\n<div class=\"wp-block-group has-global-padding is-layout-constrained wp-container-core-group-is-layout-e0082cf6 wp-block-group-is-layout-constrained\">\n<h3 class=\"wp-block-heading has-text-align-left has-contrast-color has-text-color has-link-color has-large-font-size wp-elements-6241254da9df0b83feea7667f6aba39b wp-container-content-9cfa9a5a\" style=\"padding-top:0;padding-bottom:0;font-style:normal;font-weight:700\">PLAFONDS DE L\u2019IRS 2026<\/h3>\n\n\n\n<ul style=\"padding-bottom:var(--wp--preset--spacing--20);padding-left:var(--wp--preset--spacing--30);font-size:clamp(14px, 0.875rem + ((1vw - 3.2px) * 0.313), 18px);\" class=\"wp-block-list is-style-checkmark-list\">\n<li>Plafond annuel : <strong>3 400 $<\/strong><\/li>\n\n\n\n<li>Report : jusqu\u2019\u00e0 <strong>680 $<\/strong> (si le r\u00e9gime de votre employeur l\u2019autorise)<\/li>\n<\/ul>\n<\/div>\n\n\n\n<div class=\"wp-block-group has-global-padding is-layout-constrained wp-container-core-group-is-layout-e0082cf6 wp-block-group-is-layout-constrained\">\n<h3 class=\"wp-block-heading has-text-align-left has-contrast-color has-text-color has-link-color has-large-font-size wp-elements-79334b7952c5bc609b1cfd5952924e05 wp-container-content-9cfa9a5a\" style=\"padding-top:0;padding-bottom:0;font-style:normal;font-weight:700\">QUELQUES R\u00c8GLES D\u2019\u00c9LIGIBILIT\u00c9 :<\/h3>\n\n\n\n<ul style=\"padding-bottom:var(--wp--preset--spacing--20);padding-left:var(--wp--preset--spacing--30);font-size:clamp(14px, 0.875rem + ((1vw - 3.2px) * 0.313), 18px);\" class=\"wp-block-list is-style-checkmark-list\">\n<li>Vous devez \u00eatre \u00e9ligible et inscrit au FSA de sant\u00e9 propos\u00e9 par votre employeur<\/li>\n\n\n\n<li>Vous n\u2019avez pas besoin d\u2019\u00eatre inscrit \u00e0 un r\u00e9gime de sant\u00e9 \u00e0 franchise \u00e9lev\u00e9e (HDHP)<\/li>\n\n\n\n<li>Si vous adh\u00e9rez \u00e0 un FSA de sant\u00e9, vous ne pouvez g\u00e9n\u00e9ralement pas cotiser \u00e0 un compte d\u2019\u00e9pargne sant\u00e9 (HSA)<\/li>\n\n\n\n<li>Votre FSA de sant\u00e9 est parrain\u00e9 par votre employeur et n\u2019est pas d\u00e9tenu \u00e0 titre individuel<\/li>\n\n\n\n<li>Les choix d\u2019inscription doivent g\u00e9n\u00e9ralement \u00eatre effectu\u00e9s pendant la p\u00e9riode d\u2019inscription ouverte ou \u00e0 la suite d\u2019un \u00e9v\u00e9nement de vie admissible<\/li>\n<\/ul>\n<\/div>\n\n\n\n<div class=\"wp-block-group has-global-padding is-layout-constrained wp-container-core-group-is-layout-e0082cf6 wp-block-group-is-layout-constrained\">\n<h3 class=\"wp-block-heading has-text-align-left has-contrast-color has-text-color has-link-color has-large-font-size wp-elements-af0efd6d9a4915a6ca0ba87b9925486e wp-container-content-9cfa9a5a\" style=\"padding-top:0;padding-bottom:0;font-style:normal;font-weight:700\">ANN\u00c9E DU R\u00c9GIME, REPORT ET D\u00c9LAI DE SOUMISSION<\/h3>\n\n\n\n<ul style=\"padding-bottom:var(--wp--preset--spacing--20);padding-left:var(--wp--preset--spacing--30);font-size:clamp(14px, 0.875rem + ((1vw - 3.2px) * 0.313), 18px);\" class=\"wp-block-list is-style-checkmark-list\">\n<li>La plupart des FSA fonctionnent selon le principe \u00ab <strong>utilisez-le ou perdez-le<\/strong> \u00bb, il est donc conseill\u00e9 de planifier soigneusement votre choix<\/li>\n\n\n\n<li>Pour vous offrir davantage de flexibilit\u00e9, il peut \u00eatre possible de reporter une partie des fonds non utilis\u00e9s \u00e0 l\u2019ann\u00e9e de r\u00e9gime suivante, selon la conception du r\u00e9gime<\/li>\n\n\n\n<li>Votre r\u00e9gime peut \u00e9galement inclure une <strong>p\u00e9riode de d\u00e9lai de soumission<\/strong>, qui vous permet de disposer de temps suppl\u00e9mentaire apr\u00e8s la fin de l\u2019ann\u00e9e du r\u00e9gime pour soumettre des demandes de remboursement pour des d\u00e9penses engag\u00e9es au cours de l\u2019ann\u00e9e de r\u00e9gime pr\u00e9c\u00e9dente.<\/li>\n<\/ul>\n<\/div>\n\n\n\n<div class=\"wp-block-group has-global-padding is-layout-constrained wp-container-core-group-is-layout-e0082cf6 wp-block-group-is-layout-constrained\">\n<h3 class=\"wp-block-heading has-text-align-left has-contrast-color has-text-color has-link-color has-large-font-size wp-elements-a70f809c61ecbc28c2c91b44a2791abe wp-container-content-9cfa9a5a\" style=\"padding-top:0;padding-bottom:0;font-style:normal;font-weight:700\">DIRECTIVES DE L\u2019IRS :<\/h3>\n\n\n\n<ul style=\"padding-bottom:var(--wp--preset--spacing--20);padding-left:var(--wp--preset--spacing--30);font-size:clamp(14px, 0.875rem + ((1vw - 3.2px) * 0.313), 18px);\" class=\"wp-block-list is-style-default\">\n<li>Pour une liste compl\u00e8te des <strong>d\u00e9penses m\u00e9dicales, dentaires et de vision admissibles<\/strong>, consultez la <strong>Publication 502 de l\u2019IRS<\/strong> : <a href=\"https:\/\/www.irs.gov\/publications\/p502\" target=\"_blank\" rel=\"noreferrer noopener\">https:\/\/www.irs.gov\/publications\/p502<\/a><\/li>\n\n\n\n<li>Pour plus d\u2019informations sur les <strong>FSA, les plafonds de cotisation et les r\u00e8gles fiscales<\/strong>, consultez la <strong>Publication 969 de l\u2019IRS<\/strong> : <a href=\"https:\/\/www.irs.gov\/publications\/p969\" target=\"_blank\" rel=\"noreferrer noopener\">https:\/\/www.irs.gov\/publications\/p969<\/a><\/li>\n<\/ul>\n<\/div>\n\n\n\n<div class=\"wp-block-group has-global-padding is-layout-constrained wp-container-core-group-is-layout-e0082cf6 wp-block-group-is-layout-constrained\">\n<p class=\"has-text-align-left\" style=\"padding-bottom:var(--wp--preset--spacing--20);font-size:clamp(14px, 0.875rem + ((1vw - 3.2px) * 0.313), 18px);font-style:normal;font-weight:400\">Un FSA facilite la planification des d\u00e9penses de sant\u00e9 pr\u00e9vues tout en r\u00e9duisant votre revenu imposable.<\/p>\n<\/div>\n<\/div>\n<\/div>\n<\/div>\n<\/div>\n<\/div>\n","protected":false},"excerpt":{"rendered":"<p>Account Options R\u00e9gime de remboursement des frais de sant\u00e9 (HRA) Un soutien financ\u00e9 par l\u2019employeur pour vos d\u00e9penses de sant\u00e9. CE QUE C\u2019EST : Un r\u00e9gime de remboursement des frais de sant\u00e9 (HRA) est un avantage financ\u00e9 par l\u2019employeur qui vous rembourse les d\u00e9penses de sant\u00e9 admissibles. Un HRA repr\u00e9sente l\u2019engagement de votre employeur \u00e0 [&hellip;]<\/p>\n","protected":false},"author":4,"featured_media":211,"parent":19,"menu_order":22,"comment_status":"closed","ping_status":"closed","template":"page-no-title","meta":{"footnotes":""},"class_list":["post-209","page","type-page","status-publish","has-post-thumbnail","hentry"],"_links":{"self":[{"href":"https:\/\/myoeme.io\/metlife-fr\/wp-json\/wp\/v2\/pages\/209","targetHints":{"allow":["GET"]}}],"collection":[{"href":"https:\/\/myoeme.io\/metlife-fr\/wp-json\/wp\/v2\/pages"}],"about":[{"href":"https:\/\/myoeme.io\/metlife-fr\/wp-json\/wp\/v2\/types\/page"}],"author":[{"embeddable":true,"href":"https:\/\/myoeme.io\/metlife-fr\/wp-json\/wp\/v2\/users\/4"}],"replies":[{"embeddable":true,"href":"https:\/\/myoeme.io\/metlife-fr\/wp-json\/wp\/v2\/comments?post=209"}],"version-history":[{"count":22,"href":"https:\/\/myoeme.io\/metlife-fr\/wp-json\/wp\/v2\/pages\/209\/revisions"}],"predecessor-version":[{"id":557,"href":"https:\/\/myoeme.io\/metlife-fr\/wp-json\/wp\/v2\/pages\/209\/revisions\/557"}],"up":[{"embeddable":true,"href":"https:\/\/myoeme.io\/metlife-fr\/wp-json\/wp\/v2\/pages\/19"}],"wp:featuredmedia":[{"embeddable":true,"href":"https:\/\/myoeme.io\/metlife-fr\/wp-json\/wp\/v2\/media\/211"}],"wp:attachment":[{"href":"https:\/\/myoeme.io\/metlife-fr\/wp-json\/wp\/v2\/media?parent=209"}],"curies":[{"name":"wp","href":"https:\/\/api.w.org\/{rel}","templated":true}]}}