{"id":14,"date":"2026-03-11T06:27:49","date_gmt":"2026-03-11T06:27:49","guid":{"rendered":"https:\/\/myoeme.io\/metlife-lt\/?page_id=14"},"modified":"2026-03-11T14:40:09","modified_gmt":"2026-03-11T14:40:09","slug":"legal","status":"publish","type":"page","link":"https:\/\/myoeme.io\/metlife-lt\/benefits\/legal\/","title":{"rendered":"Teisin\u0117s paslaugos"},"content":{"rendered":"\n<div class=\"wp-block-cover alignfull disable-element-on-mobile has-aspect-ratio wp-duotone-unset-1\" style=\"padding-top:35vh;padding-bottom:65px;aspect-ratio:auto;min-height:unset;\"><img decoding=\"async\" class=\"wp-block-cover__image-background wp-image-1220 size-large\" alt=\"\" src=\"https:\/\/myoeme.io\/wp-content\/uploads\/2025\/10\/pexels-ekaterina-bolovtsova-6077447-1024x683.jpg\" style=\"object-position:52% 84%\" data-object-fit=\"cover\" data-object-position=\"52% 84%\"\/><span aria-hidden=\"true\" class=\"wp-block-cover__background has-black-background-color has-background-dim-60 has-background-dim\"><\/span><div class=\"wp-block-cover__inner-container has-global-padding is-layout-constrained wp-container-core-cover-is-layout-174515c3 wp-block-cover-is-layout-constrained\">\n<div class=\"wp-block-columns alignwide is-layout-flex wp-container-core-columns-is-layout-28f84493 wp-block-columns-is-layout-flex\">\n<div class=\"wp-block-column is-layout-flow wp-block-column-is-layout-flow\" style=\"flex-basis:72%\">\n<h2 class=\"wp-block-heading\" style=\"padding-bottom:10px;font-size:clamp(25.014px, 1.563rem + ((1vw - 3.2px) * 1.327), 42px);font-style:normal;font-weight:700\"><strong><strong>Teisin\u0117s paslaugos<\/strong><\/strong><\/h2>\n<\/div>\n\n\n\n<div class=\"wp-block-column is-vertically-aligned-center is-layout-flow wp-block-column-is-layout-flow\" style=\"flex-basis:28%\"><\/div>\n<\/div>\n<\/div><\/div>\n\n\n\n<div class=\"wp-block-cover alignfull hide-on-large-devices has-aspect-ratio wp-duotone-unset-2\" style=\"padding-top:15vh;padding-bottom:var(--wp--preset--spacing--40);aspect-ratio:auto;min-height:unset;\"><img decoding=\"async\" class=\"wp-block-cover__image-background wp-image-1220 size-large\" alt=\"\" src=\"https:\/\/myoeme.io\/wp-content\/uploads\/2025\/10\/pexels-ekaterina-bolovtsova-6077447-1024x683.jpg\" style=\"object-position:54% 78%\" data-object-fit=\"cover\" data-object-position=\"54% 78%\"\/><span aria-hidden=\"true\" class=\"wp-block-cover__background has-black-background-color has-background-dim-60 has-background-dim\"><\/span><div class=\"wp-block-cover__inner-container has-global-padding is-layout-constrained wp-container-core-cover-is-layout-c8cde179 wp-block-cover-is-layout-constrained\">\n<div class=\"wp-block-columns alignwide is-layout-flex wp-container-core-columns-is-layout-28f84493 wp-block-columns-is-layout-flex\">\n<div class=\"wp-block-column is-layout-flow wp-block-column-is-layout-flow\" style=\"flex-basis:72%\">\n<h2 class=\"wp-block-heading\" style=\"padding-bottom:10px;font-size:clamp(25.014px, 1.563rem + ((1vw - 3.2px) * 1.327), 42px);font-style:normal;font-weight:700\"><strong><strong>Teisin\u0117s paslaugos<\/strong><\/strong><\/h2>\n<\/div>\n<\/div>\n<\/div><\/div>\n\n\n\n<div class=\"wp-block-group alignfull has-global-padding is-content-justification-center is-layout-constrained wp-container-core-group-is-layout-f2bd6281 wp-block-group-is-layout-constrained\" style=\"padding-top:var(--wp--preset--spacing--60);padding-bottom:var(--wp--preset--spacing--60)\">\n<div class=\"wp-block-columns has-accent-3-background-color has-background is-layout-flex wp-container-core-columns-is-layout-0b25a670 wp-block-columns-is-layout-flex\" style=\"border-right-color:var(--wp--preset--color--base);margin-top:0;margin-bottom:0;padding-top:7vh;padding-right:15px;padding-bottom:7vh;padding-left:15px\">\n<div class=\"wp-block-column is-vertically-aligned-stretch is-layout-flow wp-block-column-is-layout-flow\" style=\"flex-basis:53%\">\n<div class=\"wp-block-group is-vertical is-content-justification-left is-layout-flex wp-container-core-group-is-layout-b21d21b4 wp-block-group-is-layout-flex\" style=\"min-height:100%\">\n<h2 class=\"wp-block-heading has-text-align-left has-contrast-color has-text-color has-link-color wp-elements-5a40853286db09ce514acf429acb70df\" style=\"padding-bottom:20px;font-size:clamp(22.041px, 1.378rem + ((1vw - 3.2px) * 1.091), 36px);font-style:normal;font-weight:700\"><strong><strong><strong>Kasdien\u0117 teisin\u0117 pagalba, kai jos labiausiai reikia<\/strong><\/strong><\/strong><\/h2>\n\n\n\n<p class=\"has-text-align-left\" style=\"padding-bottom:var(--wp--preset--spacing--20);font-size:clamp(14px, 0.875rem + ((1vw - 3.2px) * 0.313), 18px);font-style:normal;font-weight:400\">Teisiniai klausimai gali b\u016bti stresiniai \u2014 ir brang\u016bs \u2014 bet jie neturi tokie b\u016bti.<\/p>\n\n\n\n<p class=\"has-text-align-left\" style=\"padding-bottom:var(--wp--preset--spacing--20);font-size:clamp(14px, 0.875rem + ((1vw - 3.2px) * 0.313), 18px);font-style:normal;font-weight:400\">J\u016bs\u0173&nbsp;<strong>Teisin\u0117s paslaugos<\/strong>&nbsp;suteikia jums&nbsp;<strong>prieinam\u0105 prieig\u0105 prie licencijuot\u0173 advokat\u0173<\/strong>&nbsp;kurie gali pad\u0117ti su kasdieniais teisiniais klausimais, dideliais ar ma\u017eais.<\/p>\n\n\n\n<p class=\"has-text-align-left\" style=\"padding-bottom:var(--wp--preset--spacing--20);font-size:clamp(14px, 0.875rem + ((1vw - 3.2px) * 0.313), 18px);font-style:normal;font-weight:400\">Nuo nuomos per\u017ei\u016bros ar testamento sudarymo iki eismo biliet\u0173 tvarkymo ar tapatyb\u0117s vagyst\u0117s atk\u016brimo, \u0161is privalumas padeda gauti patikim\u0105 patarim\u0105 ir atstovavim\u0105&nbsp;<strong>be dideli\u0173 valandini\u0173 i\u0161laid\u0173<\/strong>.<\/p>\n<\/div>\n<\/div>\n\n\n\n<div class=\"wp-block-column is-vertically-aligned-center is-layout-flow wp-block-column-is-layout-flow\" style=\"padding-top:0;flex-basis:47%\">\n<div class=\"wp-block-group has-border-color has-base-border-color has-global-padding is-content-justification-right is-layout-constrained wp-container-core-group-is-layout-f1f2ed93 wp-block-group-is-layout-constrained\" style=\"border-width:6px;font-size:0px;box-shadow:var(--wp--preset--shadow--natural)\">\n<div style=\"padding:56.25% 0 0 0;position:relative;\"><iframe src=\"https:\/\/player.vimeo.com\/video\/1172565806?h=d94c404a37&amp;badge=0&amp;autopause=0&amp;player_id=0&amp;app_id=58479\" frameborder=\"0\" allow=\"autoplay; fullscreen; picture-in-picture; clipboard-write; encrypted-media; web-share\" referrerpolicy=\"strict-origin-when-cross-origin\" style=\"position:absolute;top:0;left:0;width:100%;height:100%;\" title=\"Employee Navigator_20260113_100052_Final_English_Video_2025\"><\/iframe><\/div><script src=\"https:\/\/player.vimeo.com\/api\/player.js\"><\/script>\n<\/div>\n<\/div>\n<\/div>\n\n\n\n<div class=\"wp-block-group has-global-padding is-layout-constrained wp-block-group-is-layout-constrained\" style=\"margin-top:var(--wp--preset--spacing--60);margin-bottom:0px;padding-top:15px;padding-bottom:15px\">\n<h2 class=\"wp-block-heading has-text-align-left has-contrast-color has-text-color has-link-color wp-elements-782a1ac1b63f6b3e978664792ed63cf1 wp-container-content-9cfa9a5a\" style=\"padding-top:20px;padding-bottom:var(--wp--preset--spacing--30);font-size:clamp(22.041px, 1.378rem + ((1vw - 3.2px) * 1.091), 36px);font-style:normal;font-weight:900\">Kas \u012ftraukta<\/h2>\n\n\n\n<p class=\"has-text-align-left\" style=\"padding-bottom:var(--wp--preset--spacing--20);font-size:clamp(14px, 0.875rem + ((1vw - 3.2px) * 0.313), 18px);font-style:normal;font-weight:400\">Priklausomai nuo j\u016bs\u0173 plano, teisin\u0117s paslaugos gali apimti:<\/p>\n\n\n\n<ul style=\"padding-bottom:var(--wp--preset--spacing--20);padding-left:var(--wp--preset--spacing--30);font-size:clamp(14px, 0.875rem + ((1vw - 3.2px) * 0.313), 18px);\" class=\"wp-block-list is-style-checkmark-list\">\n<li><strong>Testamentai ir turto planavimas<\/strong><\/li>\n\n\n\n<li><strong>Nuomotoj\u0173 ir nuominink\u0173 klausimai<\/strong><\/li>\n\n\n\n<li><strong>\u0160eimos klausimai<\/strong>&nbsp;tokie kaip skyrybos, \u012fvaikinimas ar vaik\u0173 i\u0161laikymas<\/li>\n\n\n\n<li><strong>Nekilnojamojo turto sandoriai<\/strong>&nbsp;ir nam\u0173 pirkimai<\/li>\n\n\n\n<li><strong>Eismo ir persik\u0117limo pa\u017eeidimai<\/strong><\/li>\n\n\n\n<li><strong>Skol\u0173 i\u0161ie\u0161kojimas arba finansiniai gin\u010dai<\/strong><\/li>\n\n\n\n<li><strong>Tapatyb\u0117s vagyst\u0117 ir vartotoj\u0173 apsauga<\/strong><\/li>\n\n\n\n<li><strong>Dokument\u0173 per\u017ei\u016bra ir konsultacijos<\/strong><\/li>\n<\/ul>\n\n\n\n<p class=\"has-text-align-left\" style=\"padding-bottom:var(--wp--preset--spacing--20);font-size:clamp(14px, 0.875rem + ((1vw - 3.2px) * 0.313), 18px);font-style:normal;font-weight:400\">Galite susisiekti telefonu, internetu ar asmeni\u0161kai su tinklo advokatais d\u0117l konsultacij\u0173, dokument\u0173 paruo\u0161imo ar pilno atstovavimo \u2014 da\u017enai be&nbsp;<strong>joki\u0173 i\u0161laid\u0173 arba ma\u017e\u0173 fiksuot\u0173 mokes\u010di\u0173<\/strong>.<\/p>\n\n\n\n<h2 class=\"wp-block-heading has-text-align-left has-contrast-color has-text-color has-link-color wp-elements-7c6bce23c36eb7b1931730da1cf83e6d wp-container-content-9cfa9a5a\" style=\"padding-top:20px;padding-bottom:var(--wp--preset--spacing--30);font-size:clamp(22.041px, 1.378rem + ((1vw - 3.2px) * 1.091), 36px);font-style:normal;font-weight:900\">Kod\u0117l tai svarbu<\/h2>\n\n\n\n<p class=\"has-text-align-left\" style=\"padding-bottom:var(--wp--preset--spacing--20);font-size:clamp(14px, 0.875rem + ((1vw - 3.2px) * 0.313), 18px);font-style:normal;font-weight:400\">Teisiniai klausimai yra gyvenimo dalis \u2014 ir dauguma \u017emoni\u0173 susiduria su bent viena reik\u0161minga teisine problema kiekvienais metais.<\/p>\n\n\n\n<p class=\"has-text-align-left\" style=\"padding-bottom:var(--wp--preset--spacing--20);font-size:clamp(14px, 0.875rem + ((1vw - 3.2px) * 0.313), 18px);font-style:normal;font-weight:400\">Tur\u0117ti prieig\u0105 prie profesionalios pagalbos palengvina problem\u0173 sprendim\u0105 anksti ir dr\u0105siai.<\/p>\n\n\n\n<blockquote class=\"wp-block-quote is-layout-flow wp-block-quote-is-layout-flow\" style=\"margin-bottom:40px;padding-top:var(--wp--preset--spacing--30);padding-right:var(--wp--preset--spacing--30);padding-bottom:var(--wp--preset--spacing--30);padding-left:var(--wp--preset--spacing--30)\">\n<p class=\"has-text-align-left\" style=\"padding-bottom:0px;font-size:clamp(14px, 0.875rem + ((1vw - 3.2px) * 0.313), 18px);font-style:normal;font-weight:400\"><em><em><em>J\u016bs\u0173 teisin\u0117s paslaugos privalumas padeda jums apsaugoti tai, kas svarbu \u2014 j\u016bs\u0173 teises, j\u016bs\u0173 \u0161eim\u0105 ir j\u016bs\u0173 ramyb\u0119.<\/em><\/em><\/em><\/p>\n<\/blockquote>\n\n\n\n<div class=\"wp-block-group has-global-padding is-layout-constrained wp-block-group-is-layout-constrained\" style=\"border-top-color:var(--wp--preset--color--contrast);border-top-style:dotted;border-top-width:5px;margin-top:0;padding-top:var(--wp--preset--spacing--60);padding-bottom:25px\">\n<div class=\"wp-block-columns are-vertically-aligned-center is-layout-flex wp-container-core-columns-is-layout-17fc1b09 wp-block-columns-is-layout-flex\">\n<div class=\"wp-block-column is-vertically-aligned-center is-layout-flow wp-block-column-is-layout-flow\">\n<h2 class=\"wp-block-heading has-text-align-left has-contrast-color has-text-color has-link-color wp-elements-ed6ff1f750272184e344e79b2874e2f0\" style=\"padding-right:var(--wp--preset--spacing--20);padding-bottom:0;font-size:clamp(22.041px, 1.378rem + ((1vw - 3.2px) * 1.091), 36px);font-style:normal;font-weight:900\"><strong><strong><strong><strong>Reikia pagalbos?<\/strong><\/strong><\/strong><\/strong> <\/h2>\n<\/div>\n\n\n\n<div class=\"wp-block-column is-vertically-aligned-center is-layout-flow wp-block-column-is-layout-flow\" style=\"flex-basis:70%\">\n<p class=\"wp-container-content-47197e2f\" style=\"font-size:clamp(14px, 0.875rem + ((1vw - 3.2px) * 0.313), 18px);font-style:normal;font-weight:400\">Prisijunkite, kad valdytum\u0117te savo MetLife s\u0105skait\u0105 arba pasiektum\u0117te pretenzij\u0173 formas ir papildomas i\u0161teklius.<\/p>\n<\/div>\n<\/div>\n<\/div>\n\n\n\n<div class=\"wp-block-columns is-layout-flex wp-container-core-columns-is-layout-ea69a204 wp-block-columns-is-layout-flex\">\n<div class=\"wp-block-column is-style-default has-accent-3-background-color has-background is-layout-flow wp-block-column-is-layout-flow\" style=\"padding-top:35px;padding-right:35px;padding-bottom:35px;padding-left:35px;font-size:clamp(15.747px, 0.984rem + ((1vw - 3.2px) * 0.645), 24px);font-style:normal;font-weight:400\">\n<figure class=\"wp-block-image aligncenter size-full is-resized\" style=\"margin-bottom:10px\"><a href=\"https:\/\/www.metlife.com\/MWBwelcome\/claim-forms\/\" target=\"_blank\" rel=\" noreferrer noopener\"><img decoding=\"async\" src=\"https:\/\/myoeme.io\/wp-content\/uploads\/2025\/06\/tmp18fz5ez9.webp\" alt=\"\" class=\"wp-image-87\" style=\"object-fit:cover;width:60px;height:60px\"\/><\/a><\/figure>\n\n\n\n<p class=\"has-text-align-center\"><a href=\"https:\/\/www.metlife.com\/MWBwelcome\/claim-forms\/\" target=\"_blank\" rel=\"noreferrer noopener\">Kaip pateikti pretenzij\u0105<\/a><\/p>\n<\/div>\n<\/div>\n<\/div>\n<\/div>\n","protected":false},"excerpt":{"rendered":"<p>Kasdien\u0117 teisin\u0117 pagalba, kai jos labiausiai reikia Teisiniai klausimai gali b\u016bti stresiniai \u2014 ir brang\u016bs \u2014 bet jie neturi tokie b\u016bti. J\u016bs\u0173&nbsp;Teisin\u0117s paslaugos&nbsp;suteikia jums&nbsp;prieinam\u0105 prieig\u0105 prie licencijuot\u0173 advokat\u0173&nbsp;kurie gali pad\u0117ti su kasdieniais teisiniais klausimais, dideliais ar ma\u017eais. Nuo nuomos per\u017ei\u016bros ar testamento sudarymo iki eismo biliet\u0173 tvarkymo ar tapatyb\u0117s vagyst\u0117s atk\u016brimo, \u0161is privalumas padeda gauti [&hellip;]<\/p>\n","protected":false},"author":4,"featured_media":54,"parent":22,"menu_order":12,"comment_status":"closed","ping_status":"closed","template":"","meta":{"footnotes":""},"class_list":["post-14","page","type-page","status-publish","has-post-thumbnail","hentry"],"_links":{"self":[{"href":"https:\/\/myoeme.io\/metlife-lt\/wp-json\/wp\/v2\/pages\/14","targetHints":{"allow":["GET"]}}],"collection":[{"href":"https:\/\/myoeme.io\/metlife-lt\/wp-json\/wp\/v2\/pages"}],"about":[{"href":"https:\/\/myoeme.io\/metlife-lt\/wp-json\/wp\/v2\/types\/page"}],"author":[{"embeddable":true,"href":"https:\/\/myoeme.io\/metlife-lt\/wp-json\/wp\/v2\/users\/4"}],"replies":[{"embeddable":true,"href":"https:\/\/myoeme.io\/metlife-lt\/wp-json\/wp\/v2\/comments?post=14"}],"version-history":[{"count":6,"href":"https:\/\/myoeme.io\/metlife-lt\/wp-json\/wp\/v2\/pages\/14\/revisions"}],"predecessor-version":[{"id":541,"href":"https:\/\/myoeme.io\/metlife-lt\/wp-json\/wp\/v2\/pages\/14\/revisions\/541"}],"up":[{"embeddable":true,"href":"https:\/\/myoeme.io\/metlife-lt\/wp-json\/wp\/v2\/pages\/22"}],"wp:featuredmedia":[{"embeddable":true,"href":"https:\/\/myoeme.io\/metlife-lt\/wp-json\/wp\/v2\/media\/54"}],"wp:attachment":[{"href":"https:\/\/myoeme.io\/metlife-lt\/wp-json\/wp\/v2\/media?parent=14"}],"curies":[{"name":"wp","href":"https:\/\/api.w.org\/{rel}","templated":true}]}}