{"id":25,"date":"2026-04-22T15:14:28","date_gmt":"2026-04-22T15:14:28","guid":{"rendered":"https:\/\/myoeme.io\/rafteryconstructionco-es\/?page_id=25"},"modified":"2026-04-30T11:30:18","modified_gmt":"2026-04-30T11:30:18","slug":"dental-insurance","status":"publish","type":"page","link":"https:\/\/myoeme.io\/rafteryconstructionco-es\/benefits\/dental-insurance\/","title":{"rendered":"Seguro Dental"},"content":{"rendered":"\n<div class=\"wp-block-cover alignfull disable-element-on-mobile has-aspect-ratio wp-duotone-unset-2\" style=\"padding-top:35vh;padding-bottom:65px;aspect-ratio:auto;min-height:unset;\"><img decoding=\"async\" class=\"wp-block-cover__image-background wp-image-67 size-large\" alt=\"\" src=\"https:\/\/myoeme.io\/wp-content\/uploads\/2025\/06\/tmpm7h1tqpm-1024x685.webp\" data-object-fit=\"cover\"\/><span aria-hidden=\"true\" class=\"wp-block-cover__background has-black-background-color has-background-dim-60 has-background-dim\"><\/span><div class=\"wp-block-cover__inner-container has-global-padding is-layout-constrained wp-container-core-cover-is-layout-174515c3 wp-block-cover-is-layout-constrained\">\n<div class=\"wp-block-columns alignwide is-layout-flex wp-container-core-columns-is-layout-28f84493 wp-block-columns-is-layout-flex\">\n<div class=\"wp-block-column is-layout-flow wp-block-column-is-layout-flow\" style=\"flex-basis:70%\">\n<h2 class=\"wp-block-heading\" style=\"padding-bottom:32px;font-size:clamp(25.014px, 1.563rem + ((1vw - 3.2px) * 1.327), 42px);font-style:normal;font-weight:700\"><strong><strong>Seguro Dental<\/strong><\/strong><\/h2>\n\n\n\n<p style=\"font-size:clamp(14px, 0.875rem + ((1vw - 3.2px) * 0.313), 18px);font-style:normal;font-weight:500\">\u00bfSab\u00edas que el cuidado bucal preventivo no solo mantiene tus dientes saludables, sino que tambi\u00e9n puede prevenir costos inesperados y el dolor que a menudo viene con la cirug\u00eda oral y los procedimientos de emergencia? \u00bfEst\u00e1s listo para un seguro dental que te ayude a mantener tu sonrisa?<\/p>\n<\/div>\n\n\n\n<div class=\"wp-block-column is-vertically-aligned-center is-layout-flow wp-block-column-is-layout-flow\" style=\"flex-basis:30%\">\n<div class=\"wp-block-buttons is-content-justification-left is-layout-flex wp-container-core-buttons-is-layout-0e5a4d8e wp-block-buttons-is-layout-flex\">\n<div class=\"wp-block-button has-custom-width wp-block-button__width-100 is-style-outline is-style-outline--1\"><a class=\"wp-block-button__link has-border-color has-custom-font-size wp-element-button\" href=\"https:\/\/providers.online.metlife.com\/findDentist?searchType=findDentistMetLife\" style=\"border-color:#FFFFFF;border-width:2px;border-radius:10px;padding-top:var(--wp--preset--spacing--20);padding-right:60px;padding-bottom:var(--wp--preset--spacing--20);padding-left:60px;font-size:clamp(14px, 0.875rem + ((1vw - 3.2px) * 0.469), 20px);line-height:1.3;text-transform:uppercase\" target=\"_blank\" rel=\"noreferrer noopener\">Encuentra un dentista<\/a><\/div>\n<\/div>\n<\/div>\n<\/div>\n<\/div><\/div>\n\n\n\n<div class=\"wp-block-cover alignfull hide-on-large-devices has-aspect-ratio wp-duotone-unset-4\" style=\"padding-top:15vh;padding-bottom:var(--wp--preset--spacing--40);aspect-ratio:auto;min-height:unset;\"><img decoding=\"async\" class=\"wp-block-cover__image-background wp-image-67 size-large\" alt=\"\" src=\"https:\/\/myoeme.io\/wp-content\/uploads\/2025\/06\/tmpm7h1tqpm-1024x685.webp\" data-object-fit=\"cover\"\/><span aria-hidden=\"true\" class=\"wp-block-cover__background has-black-background-color has-background-dim-60 has-background-dim\"><\/span><div class=\"wp-block-cover__inner-container has-global-padding is-layout-constrained wp-container-core-cover-is-layout-c8cde179 wp-block-cover-is-layout-constrained\">\n<div class=\"wp-block-columns alignwide is-layout-flex wp-container-core-columns-is-layout-5c8fb865 wp-block-columns-is-layout-flex\">\n<div class=\"wp-block-column is-layout-flow wp-container-core-column-is-layout-22223934 wp-block-column-is-layout-flow\" style=\"flex-basis:70%\">\n<h2 class=\"wp-block-heading\" style=\"font-size:clamp(25.014px, 1.563rem + ((1vw - 3.2px) * 1.327), 42px);font-style:normal;font-weight:700\"><strong><strong>Seguro Dental<\/strong><\/strong><\/h2>\n\n\n\n<p style=\"font-size:clamp(14px, 0.875rem + ((1vw - 3.2px) * 0.313), 18px);font-style:normal;font-weight:500\">\u00bfSab\u00edas que el cuidado bucal preventivo no solo mantiene tus dientes saludables, sino que tambi\u00e9n puede prevenir costos inesperados y el dolor que a menudo viene con la cirug\u00eda oral y los procedimientos de emergencia? \u00bfEst\u00e1s listo para un seguro dental que te ayude a mantener tu sonrisa?<\/p>\n<\/div>\n\n\n\n<div class=\"wp-block-column is-vertically-aligned-center is-layout-flow wp-block-column-is-layout-flow\" style=\"flex-basis:30%\">\n<div class=\"wp-block-buttons is-content-justification-left is-layout-flex wp-container-core-buttons-is-layout-0e5a4d8e wp-block-buttons-is-layout-flex\">\n<div class=\"wp-block-button has-custom-width wp-block-button__width-100 is-style-outline is-style-outline--3\"><a class=\"wp-block-button__link has-border-color has-custom-font-size wp-element-button\" href=\"https:\/\/providers.online.metlife.com\/findDentist?searchType=findDentistMetLife\" style=\"border-color:#FFFFFF;border-width:2px;border-radius:10px;padding-top:var(--wp--preset--spacing--20);padding-right:60px;padding-bottom:var(--wp--preset--spacing--20);padding-left:60px;font-size:clamp(14px, 0.875rem + ((1vw - 3.2px) * 0.469), 20px);line-height:1.3;text-transform:uppercase\" target=\"_blank\" rel=\"noreferrer noopener\">Encuentra un dentista<\/a><\/div>\n<\/div>\n<\/div>\n<\/div>\n<\/div><\/div>\n\n\n\n<div class=\"wp-block-group alignfull has-global-padding is-content-justification-center is-layout-constrained wp-container-core-group-is-layout-f2bd6281 wp-block-group-is-layout-constrained\" style=\"padding-top:var(--wp--preset--spacing--60);padding-bottom:var(--wp--preset--spacing--60)\">\n<div class=\"wp-block-group is-vertical is-content-justification-center is-layout-flex wp-container-core-group-is-layout-06945cd5 wp-block-group-is-layout-flex\" style=\"min-height:100%;margin-bottom:var(--wp--preset--spacing--40)\">\n<h2 class=\"wp-block-heading has-text-align-left has-contrast-color has-text-color has-link-color wp-elements-281eefdebfcf9822b75c0eb4251056ab\" style=\"padding-bottom:var(--wp--preset--spacing--20);font-size:clamp(22.041px, 1.378rem + ((1vw - 3.2px) * 1.091), 36px);font-style:normal;font-weight:700\"><strong><strong>Ayuda a mantener tu sonrisa saludable<\/strong><\/strong><\/h2>\n\n\n\n<p class=\"has-text-align-left\" style=\"font-size:clamp(14px, 0.875rem + ((1vw - 3.2px) * 0.313), 18px);font-style:normal;font-weight:400\">Mant\u00e9n tu salud bucal, y los costos asociados, en \u00f3ptimas condiciones.<\/p>\n<\/div>\n\n\n\n<div class=\"wp-block-columns oeme-dental-plan-count-2 oeme-plan-name-columns has-accent-3-background-color has-background is-layout-flex wp-container-core-columns-is-layout-fbe87d89 wp-block-columns-is-layout-flex\" style=\"border-right-color:var(--wp--preset--color--base);margin-top:0;margin-bottom:0;padding-top:var(--wp--preset--spacing--60);padding-right:15px;padding-bottom:var(--wp--preset--spacing--60);padding-left:15px\">\n<div class=\"wp-block-column is-vertically-aligned-stretch is-layout-flow wp-block-column-is-layout-flow\" style=\"padding-right:15px;padding-left:15px;flex-basis:50%\">\n<h2 class=\"wp-block-heading has-text-align-center has-contrast-color has-text-color has-link-color wp-elements-60927b4acc857b65216d8d6c3b31e8d3\" style=\"padding-bottom:var(--wp--preset--spacing--20);font-size:clamp(1.119rem, 1.119rem + ((1vw - 0.2rem) * 0.789), 1.75rem);font-style:normal;font-weight:900\">MetLife Dental Plan<\/h2>\n\n\n\n<div class=\"wp-block-group has-border-color has-base-border-color has-global-padding is-content-justification-right is-layout-constrained wp-container-core-group-is-layout-f1f2ed93 wp-block-group-is-layout-constrained\" style=\"border-width:6px;font-size:0px;box-shadow:var(--wp--preset--shadow--natural)\">\n<div style=\"padding:56.25% 0 0 0;position:relative;\"><iframe src=\"https:\/\/player.vimeo.com\/video\/1185565423?h=00b36660df&amp;badge=0&amp;autopause=0&amp;player_id=0&amp;app_id=58479\" frameborder=\"0\" allow=\"autoplay; fullscreen; picture-in-picture; clipboard-write; encrypted-media; web-share\" referrerpolicy=\"strict-origin-when-cross-origin\" style=\"position:absolute;top:0;left:0;width:100%;height:100%;\" title=\"Employee Navigator_20260113_100052_Final_English_Video_2025\"><\/iframe><\/div><script src=\"https:\/\/player.vimeo.com\/api\/player.js\"><\/script>\n<\/div>\n<\/div>\n\n\n\n<div class=\"wp-block-column is-vertically-aligned-stretch oeme-hide-dental-with-ortho-3 is-layout-flow wp-block-column-is-layout-flow\" style=\"padding-right:15px;padding-left:15px;flex-basis:50%\">\n<h2 class=\"wp-block-heading has-text-align-center has-contrast-color has-text-color has-link-color wp-elements-af40e5e5471504e7898c3c22490d1237\" style=\"padding-bottom:var(--wp--preset--spacing--20);font-size:clamp(1.119rem, 1.119rem + ((1vw - 0.2rem) * 0.789), 1.75rem);font-style:normal;font-weight:900\"><\/h2>\n\n\n\n<div class=\"wp-block-group has-border-color has-base-border-color has-global-padding is-content-justification-right is-layout-constrained wp-container-core-group-is-layout-f1f2ed93 wp-block-group-is-layout-constrained\" style=\"border-width:6px;font-size:0px;box-shadow:var(--wp--preset--shadow--natural)\">\n[oeme_benefithub_vimeo_embed_dental_insurance_5]\n<\/div>\n<\/div>\n<\/div>\n\n\n\n<div class=\"wp-block-group has-global-padding is-layout-constrained wp-block-group-is-layout-constrained\" style=\"margin-top:var(--wp--preset--spacing--60);padding-top:15px;padding-bottom:15px\">\n<h2 class=\"wp-block-heading has-text-align-left has-contrast-color has-text-color has-link-color wp-elements-4d21e059926582573d92c9163c90c93f wp-container-content-9cfa9a5a\" style=\"padding-bottom:20px;font-size:clamp(22.041px, 1.378rem + ((1vw - 3.2px) * 1.091), 36px);font-style:normal;font-weight:900\"><strong><strong><strong><strong>Mant\u00e9n Sana Tu Sonrisa y Tu Cuenta Bancaria<\/strong><\/strong><\/strong><\/strong><\/h2>\n\n\n\n<p class=\"wp-container-content-9cfa9a5a\" style=\"font-size:clamp(14px, 0.875rem + ((1vw - 3.2px) * 0.313), 18px);font-style:normal;font-weight:400\">Elegir al dentista adecuado es esencial tanto para tu salud dental como general. Aqu\u00ed hay una gu\u00eda r\u00e1pida para encontrar un proveedor de confianza:<\/p>\n\n\n\n<ul style=\"border-top-style:none;border-top-width:0px;border-right-style:none;border-right-width:0px;border-bottom-style:dotted;border-bottom-width:5px;border-left-style:none;border-left-width:0px;margin-bottom:40px;padding-bottom:40px;padding-left:20px\" class=\"wp-block-list is-style-checkmark-list\">\n<li style=\"padding-top:10px;padding-bottom:10px;font-size:clamp(14px, 0.875rem + ((1vw - 3.2px) * 0.313), 18px);font-style:normal;font-weight:400;line-height:1.1\">Pide recomendaciones: Consulta a amigos, familiares o tu dentista actual para obtener referencias. Los sitios de rese\u00f1as en l\u00ednea tambi\u00e9n pueden ser \u00fatiles para opciones basadas en la ubicaci\u00f3n.<\/li>\n\n\n\n<li style=\"padding-top:10px;padding-bottom:10px;font-size:clamp(14px, 0.875rem + ((1vw - 3.2px) * 0.313), 18px);font-style:normal;font-weight:400;line-height:1.1\">Haz preguntas clave: Antes de reservar, verifica el horario de atenci\u00f3n, las opciones de pago y los protocolos de emergencia. Aseg\u00farate de que acepten tu seguro o pregunta sobre la cobertura fuera de la red.<\/li>\n\n\n\n<li style=\"padding-top:10px;padding-bottom:10px;font-size:clamp(14px, 0.875rem + ((1vw - 3.2px) * 0.313), 18px);font-style:normal;font-weight:400;line-height:1.1\">Eval\u00faa tu primera visita: Busca un ambiente limpio y acogedor. \u00bfEl dentista ofrece un plan de tratamiento claro y se toma el tiempo para discutir tus inquietudes?<\/li>\n\n\n\n<li style=\"padding-top:10px;padding-bottom:10px;font-size:clamp(14px, 0.875rem + ((1vw - 3.2px) * 0.313), 18px);font-style:normal;font-weight:400;line-height:1.1\">Elegir un dentista que se adapte a sus necesidades puede ahorrarle tiempo, dinero y molestias en el futuro.<\/li>\n<\/ul>\n\n\n\n<div class=\"wp-block-group has-global-padding is-layout-constrained wp-block-group-is-layout-constrained\" style=\"padding-top:30px;padding-bottom:25px\">\n<div class=\"wp-block-columns are-vertically-aligned-center is-layout-flex wp-container-core-columns-is-layout-17fc1b09 wp-block-columns-is-layout-flex\">\n<div class=\"wp-block-column is-vertically-aligned-center is-layout-flow wp-block-column-is-layout-flow\">\n<h2 class=\"wp-block-heading has-text-align-left has-contrast-color has-text-color has-link-color wp-elements-47cc7c32daa4b8b67b522ab7c84b0c75 wp-container-content-29dca9c1\" style=\"padding-right:0;padding-bottom:0;font-size:clamp(22.041px, 1.378rem + ((1vw - 3.2px) * 1.091), 36px);font-style:normal;font-weight:900\"><strong><strong><strong><strong><strong>\u00bfNecesitas ayuda?<\/strong><\/strong><\/strong><\/strong><\/strong><\/h2>\n<\/div>\n\n\n\n<div class=\"wp-block-column is-vertically-aligned-center is-layout-flow wp-block-column-is-layout-flow\" style=\"flex-basis:68%\">\n<p class=\"is-style-default\" style=\"font-size:clamp(14px, 0.875rem + ((1vw - 3.2px) * 0.313), 18px);\">Inicia sesi\u00f3n para administrar tu cuenta de MetLife o para acceder a formularios de reclamaci\u00f3n y recursos adicionales.<\/p>\n<\/div>\n<\/div>\n<\/div>\n\n\n\n<div class=\"wp-block-columns is-layout-flex wp-container-core-columns-is-layout-ea69a204 wp-block-columns-is-layout-flex\">\n<div class=\"wp-block-column is-style-default has-accent-3-background-color has-background is-layout-flow wp-block-column-is-layout-flow\" style=\"padding-top:35px;padding-right:35px;padding-bottom:35px;padding-left:35px;font-size:clamp(15.747px, 0.984rem + ((1vw - 3.2px) * 0.645), 24px);font-style:normal;font-weight:400\">\n<figure class=\"wp-block-image aligncenter size-full is-resized\" style=\"margin-bottom:10px\"><a href=\"https:\/\/providers.online.metlife.com\/findDentist?searchType=findDentistMetLife\" target=\"_blank\" rel=\" noreferrer noopener\"><img decoding=\"async\" src=\"https:\/\/myoeme.io\/wp-content\/uploads\/2025\/06\/tmpe0ojaten.webp\" alt=\"\" class=\"wp-image-85\" style=\"object-fit:cover;width:60px;height:60px\"\/><\/a><\/figure>\n\n\n\n<p class=\"has-text-align-center\" style=\"text-decoration:none\"><a href=\"https:\/\/providers.online.metlife.com\/findDentist?searchType=findDentistMetLife\" data-type=\"page\" data-id=\"63\" target=\"_blank\" rel=\"noreferrer noopener\">Encuentra un dentista<\/a><\/p>\n<\/div>\n\n\n\n<div class=\"wp-block-column is-style-default has-accent-3-background-color has-background is-layout-flow wp-block-column-is-layout-flow\" style=\"padding-top:35px;padding-right:35px;padding-bottom:35px;padding-left:35px;font-size:clamp(15.747px, 0.984rem + ((1vw - 3.2px) * 0.645), 24px);font-style:normal;font-weight:400\">\n<figure class=\"wp-block-image aligncenter size-full is-resized\" style=\"margin-bottom:10px\"><a href=\"https:\/\/www.metlife.com\/MWBwelcome\/claim-forms\/\" target=\"_blank\" rel=\" noreferrer noopener\"><img decoding=\"async\" src=\"https:\/\/myoeme.io\/wp-content\/uploads\/2025\/06\/tmpeayq3hb5.webp\" alt=\"\" class=\"wp-image-86\" style=\"object-fit:cover;width:60px;height:60px\"\/><\/a><\/figure>\n\n\n\n<p class=\"has-text-align-center\"><a href=\"https:\/\/www.metlife.com\/MWBwelcome\/claim-forms\/\" data-type=\"page\" data-id=\"63\" target=\"_blank\" rel=\"noreferrer noopener\">Formulario de reclamaci\u00f3n en l\u00ednea<\/a><\/p>\n<\/div>\n\n\n\n<div class=\"wp-block-column is-style-default has-accent-3-background-color has-background is-layout-flow wp-block-column-is-layout-flow\" style=\"padding-top:35px;padding-right:35px;padding-bottom:35px;padding-left:35px;font-size:clamp(15.747px, 0.984rem + ((1vw - 3.2px) * 0.645), 24px);font-style:normal;font-weight:400\">\n<figure class=\"wp-block-image aligncenter size-full is-resized\" style=\"margin-bottom:10px\"><a href=\"https:\/\/metlife.com\/mybenefits\" target=\"_blank\" rel=\" noreferrer noopener\"><img decoding=\"async\" src=\"https:\/\/myoeme.io\/wp-content\/uploads\/2025\/06\/tmp18fz5ez9.webp\" alt=\"\" class=\"wp-image-87\" style=\"object-fit:cover;width:60px;height:60px\"\/><\/a><\/figure>\n\n\n\n<p class=\"has-text-align-center\"><a href=\"https:\/\/metlife.com\/mybenefits\" data-type=\"page\" data-id=\"63\" target=\"_blank\" rel=\"noreferrer noopener\">Iniciar sesi\u00f3n<\/a><\/p>\n<\/div>\n<\/div>\n<\/div>\n<\/div>\n\n\n\n<p><\/p>\n","protected":false},"excerpt":{"rendered":"<p>Ayuda a mantener tu sonrisa saludable Mant\u00e9n tu salud bucal, y los costos asociados, en \u00f3ptimas condiciones. [oeme_benefithub_vimeo_embed_dental_insurance_5] Mant\u00e9n Sana Tu Sonrisa y Tu Cuenta Bancaria Elegir al dentista adecuado es esencial tanto para tu salud dental como general. Aqu\u00ed hay una gu\u00eda r\u00e1pida para encontrar un proveedor de confianza: \u00bfNecesitas ayuda? Inicia sesi\u00f3n para [&hellip;]<\/p>\n","protected":false},"author":4,"featured_media":67,"parent":26,"menu_order":2,"comment_status":"closed","ping_status":"closed","template":"","meta":{"footnotes":""},"class_list":["post-25","page","type-page","status-publish","has-post-thumbnail","hentry"],"_links":{"self":[{"href":"https:\/\/myoeme.io\/rafteryconstructionco-es\/wp-json\/wp\/v2\/pages\/25","targetHints":{"allow":["GET"]}}],"collection":[{"href":"https:\/\/myoeme.io\/rafteryconstructionco-es\/wp-json\/wp\/v2\/pages"}],"about":[{"href":"https:\/\/myoeme.io\/rafteryconstructionco-es\/wp-json\/wp\/v2\/types\/page"}],"author":[{"embeddable":true,"href":"https:\/\/myoeme.io\/rafteryconstructionco-es\/wp-json\/wp\/v2\/users\/4"}],"replies":[{"embeddable":true,"href":"https:\/\/myoeme.io\/rafteryconstructionco-es\/wp-json\/wp\/v2\/comments?post=25"}],"version-history":[{"count":10,"href":"https:\/\/myoeme.io\/rafteryconstructionco-es\/wp-json\/wp\/v2\/pages\/25\/revisions"}],"predecessor-version":[{"id":266,"href":"https:\/\/myoeme.io\/rafteryconstructionco-es\/wp-json\/wp\/v2\/pages\/25\/revisions\/266"}],"up":[{"embeddable":true,"href":"https:\/\/myoeme.io\/rafteryconstructionco-es\/wp-json\/wp\/v2\/pages\/26"}],"wp:featuredmedia":[{"embeddable":true,"href":"https:\/\/myoeme.io\/rafteryconstructionco-es\/wp-json\/wp\/v2\/media\/67"}],"wp:attachment":[{"href":"https:\/\/myoeme.io\/rafteryconstructionco-es\/wp-json\/wp\/v2\/media?parent=25"}],"curies":[{"name":"wp","href":"https:\/\/api.w.org\/{rel}","templated":true}]}}