{"id":28,"date":"2026-04-22T14:55:05","date_gmt":"2026-04-22T14:55:05","guid":{"rendered":"https:\/\/myoeme.io\/rafteryconstructionco-es\/medical\/"},"modified":"2026-04-30T11:30:06","modified_gmt":"2026-04-30T11:30:06","slug":"medical","status":"publish","type":"page","link":"https:\/\/myoeme.io\/rafteryconstructionco-es\/benefits\/medical\/","title":{"rendered":"Seguro m\u00e9dico"},"content":{"rendered":"\n<div class=\"wp-block-cover alignfull disable-element-on-mobile\" style=\"padding-top:35vh;padding-bottom:var(--wp--preset--spacing--40)\"><img loading=\"lazy\" decoding=\"async\" width=\"1920\" height=\"600\" class=\"wp-block-cover__image-background wp-image-201 size-full\" alt=\"\" src=\"https:\/\/myoeme.io\/rafteryconstructionco-es\/wp-content\/uploads\/sites\/784\/2026\/04\/Untitled-design-33.png\" data-object-fit=\"cover\" srcset=\"https:\/\/myoeme.io\/rafteryconstructionco-es\/wp-content\/uploads\/sites\/784\/2026\/04\/Untitled-design-33.png 1920w, https:\/\/myoeme.io\/rafteryconstructionco-es\/wp-content\/uploads\/sites\/784\/2026\/04\/Untitled-design-33-300x94.png 300w, https:\/\/myoeme.io\/rafteryconstructionco-es\/wp-content\/uploads\/sites\/784\/2026\/04\/Untitled-design-33-1024x320.png 1024w, https:\/\/myoeme.io\/rafteryconstructionco-es\/wp-content\/uploads\/sites\/784\/2026\/04\/Untitled-design-33-768x240.png 768w, https:\/\/myoeme.io\/rafteryconstructionco-es\/wp-content\/uploads\/sites\/784\/2026\/04\/Untitled-design-33-1536x480.png 1536w\" sizes=\"auto, (max-width: 1920px) 100vw, 1920px\" \/><span aria-hidden=\"true\" class=\"wp-block-cover__background has-contrast-background-color has-background-dim-60 has-background-dim\"><\/span><div class=\"wp-block-cover__inner-container has-global-padding is-layout-constrained wp-container-core-cover-is-layout-64e0efc7 wp-block-cover-is-layout-constrained\">\n<div class=\"wp-block-columns alignwide is-style-default is-layout-flex wp-container-core-columns-is-layout-26e64e2d wp-block-columns-is-layout-flex\" style=\"margin-top:0px;margin-bottom:0px;padding-top:0px;padding-bottom:0px\">\n<div class=\"wp-block-column is-vertically-aligned-center is-layout-flow wp-container-core-column-is-layout-fae38783 wp-block-column-is-layout-flow\" style=\"padding-right:20px;padding-left:20px;flex-basis:100%\">\n<h2 class=\"wp-block-heading\" style=\"font-size:clamp(29.768px, 1.861rem + ((1vw - 3.2px) * 1.737), 52px);font-style:normal;font-weight:400;line-height:1.1\">Seguro m\u00e9dico<\/h2>\n\n\n\n<p class=\"has-inter-font-family\" style=\"font-size:clamp(14px, 0.875rem + ((1vw - 3.2px) * 0.469), 20px);font-style:normal;font-weight:400\">Su salud es su base: nuestro plan m\u00e9dico est\u00e1 aqu\u00ed para protegerla.<\/p>\n\n\n\n<p class=\"has-inter-font-family\" style=\"font-size:clamp(14px, 0.875rem + ((1vw - 3.2px) * 0.469), 20px);font-style:normal;font-weight:400\">Desde chequeos de rutina hasta emergencias inesperadas, esta cobertura les ayuda a usted y a su familia a mantenerse sanos, recuperarse m\u00e1s r\u00e1pido y reducir los gastos de bolsillo. Con acceso a una red confiable de proveedores y apoyo para atenci\u00f3n presencial y virtual, nuestro plan le ofrece la calidad y la comodidad que necesita para cuidar su salud con confianza.<\/p>\n<\/div>\n<\/div>\n<\/div><\/div>\n\n\n\n<div class=\"wp-block-cover alignfull hide-on-large-devices\" style=\"padding-top:15vh;padding-bottom:var(--wp--preset--spacing--40)\"><img loading=\"lazy\" decoding=\"async\" width=\"1920\" height=\"600\" class=\"wp-block-cover__image-background wp-image-201 size-full\" alt=\"\" src=\"https:\/\/myoeme.io\/rafteryconstructionco-es\/wp-content\/uploads\/sites\/784\/2026\/04\/Untitled-design-33.png\" data-object-fit=\"cover\" srcset=\"https:\/\/myoeme.io\/rafteryconstructionco-es\/wp-content\/uploads\/sites\/784\/2026\/04\/Untitled-design-33.png 1920w, https:\/\/myoeme.io\/rafteryconstructionco-es\/wp-content\/uploads\/sites\/784\/2026\/04\/Untitled-design-33-300x94.png 300w, https:\/\/myoeme.io\/rafteryconstructionco-es\/wp-content\/uploads\/sites\/784\/2026\/04\/Untitled-design-33-1024x320.png 1024w, https:\/\/myoeme.io\/rafteryconstructionco-es\/wp-content\/uploads\/sites\/784\/2026\/04\/Untitled-design-33-768x240.png 768w, https:\/\/myoeme.io\/rafteryconstructionco-es\/wp-content\/uploads\/sites\/784\/2026\/04\/Untitled-design-33-1536x480.png 1536w\" sizes=\"auto, (max-width: 1920px) 100vw, 1920px\" \/><span aria-hidden=\"true\" class=\"wp-block-cover__background has-contrast-background-color has-background-dim-60 has-background-dim\"><\/span><div class=\"wp-block-cover__inner-container has-global-padding is-layout-constrained wp-container-core-cover-is-layout-3db9c44f wp-block-cover-is-layout-constrained\">\n<div class=\"wp-block-columns alignwide is-style-default is-layout-flex wp-container-core-columns-is-layout-26e64e2d wp-block-columns-is-layout-flex\" style=\"margin-top:0px;margin-bottom:0px;padding-top:0px;padding-bottom:0px\">\n<div class=\"wp-block-column is-vertically-aligned-center is-layout-flow wp-container-core-column-is-layout-9b9bbc16 wp-block-column-is-layout-flow\" style=\"padding-right:20px;padding-left:20px;flex-basis:100%\">\n<h2 class=\"wp-block-heading\" style=\"font-size:clamp(29.768px, 1.861rem + ((1vw - 3.2px) * 1.737), 52px);font-style:normal;font-weight:400;line-height:1.1\">Seguro m\u00e9dico<\/h2>\n\n\n\n<p class=\"has-inter-font-family\" style=\"font-size:clamp(14px, 0.875rem + ((1vw - 3.2px) * 0.469), 20px);font-style:normal;font-weight:400\">Su salud es su base: nuestro plan m\u00e9dico est\u00e1 aqu\u00ed para protegerla.<\/p>\n\n\n\n<p class=\"has-inter-font-family\" style=\"font-size:clamp(14px, 0.875rem + ((1vw - 3.2px) * 0.469), 20px);font-style:normal;font-weight:400\">Desde chequeos de rutina hasta emergencias inesperadas, esta cobertura les ayuda a usted y a su familia a mantenerse sanos, recuperarse m\u00e1s r\u00e1pido y reducir los gastos de bolsillo. Con acceso a una red confiable de proveedores y apoyo para atenci\u00f3n presencial y virtual, nuestro plan le ofrece la calidad y la comodidad que necesita para cuidar su salud con confianza.<\/p>\n<\/div>\n<\/div>\n<\/div><\/div>\n\n\n\n<div class=\"wp-block-group has-global-padding is-layout-constrained wp-container-core-group-is-layout-874b1eab wp-block-group-is-layout-constrained\" style=\"padding-top:var(--wp--preset--spacing--50);padding-bottom:var(--wp--preset--spacing--50)\">\n<div class=\"wp-block-columns oeme-plan-name-columns has-accent-3-background-color has-background is-layout-flex wp-container-core-columns-is-layout-f61b2cd3 wp-block-columns-is-layout-flex\" style=\"margin-bottom:0;padding-top:var(--wp--preset--spacing--60);padding-right:15px;padding-bottom:var(--wp--preset--spacing--60);padding-left:15px\">\n<div class=\"wp-block-column is-layout-flow wp-block-column-is-layout-flow\" style=\"padding-right:15px;padding-left:15px;flex-basis:50%\">\n<h2 class=\"wp-block-heading has-text-align-center\" style=\"padding-bottom:var(--wp--preset--spacing--20);font-size:clamp(1.119rem, 1.119rem + ((1vw - 0.2rem) * 0.789), 1.75rem);font-style:normal;font-weight:900\">Angle Healthcare Medical Plan<\/h2>\n\n\n\n<div class=\"wp-block-group has-border-color has-base-border-color has-global-padding is-layout-constrained wp-block-group-is-layout-constrained\" style=\"border-width:6px;font-size:0px;box-shadow:var(--wp--preset--shadow--natural)\">\n<div style=\"padding:56.25% 0 0 0;position:relative;\"><iframe src=\"https:\/\/player.vimeo.com\/video\/1185565314?h=c6c6780310&amp;badge=0&amp;autopause=0&amp;player_id=0&amp;app_id=58479\" frameborder=\"0\" allow=\"autoplay; fullscreen; picture-in-picture; clipboard-write; encrypted-media; web-share\" referrerpolicy=\"strict-origin-when-cross-origin\" style=\"position:absolute;top:0;left:0;width:100%;height:100%;\" title=\"Employee Navigator_20260113_100052_Final_English_Video_2025\"><\/iframe><\/div><script src=\"https:\/\/player.vimeo.com\/api\/player.js\"><\/script>\n<\/div>\n<\/div>\n\n\n\n<div class=\"wp-block-column oeme-hide-medical-3 has-accent-3-background-color has-background is-layout-flow wp-block-column-is-layout-flow\" style=\"padding-top:0;padding-right:15px;padding-bottom:0;padding-left:15px;flex-basis:50%\">\n<div class=\"wp-block-group has-global-padding is-content-justification-center is-layout-constrained wp-block-group-is-layout-constrained\">\n<h2 class=\"wp-block-heading has-text-align-center\" style=\"padding-bottom:var(--wp--preset--spacing--20);font-size:clamp(1.119rem, 1.119rem + ((1vw - 0.2rem) * 0.789), 1.75rem);font-style:normal;font-weight:900\"><\/h2>\n\n\n\n<div class=\"wp-block-group has-border-color has-base-border-color has-global-padding is-layout-constrained wp-block-group-is-layout-constrained\" style=\"border-width:6px;font-size:0px;box-shadow:var(--wp--preset--shadow--natural)\">\n[oeme_benefithub_vimeo_embed_medical_benefits_3]\n<\/div>\n<\/div>\n<\/div>\n<\/div>\n<\/div>\n\n\n\n<div class=\"wp-block-group alignfull has-border-color has-accent-1-border-color has-global-padding is-layout-constrained wp-container-core-group-is-layout-638f82ae wp-block-group-is-layout-constrained\" style=\"border-width:10px;padding-top:var(--wp--preset--spacing--70);padding-bottom:60px\">\n<h2 class=\"wp-block-heading has-text-align-center\" style=\"margin-top:0px;margin-bottom:0px;padding-top:0px;padding-bottom:0px;font-size:clamp(25.014px, 1.563rem + ((1vw - 3.2px) * 1.327), 42px);line-height:1.3;text-transform:capitalize\">Tu&nbsp;<strong>salud<\/strong>&nbsp;grupal est\u00e1<br>impulsada por<\/h2>\n\n\n\n<p class=\"has-text-align-center\"><\/p>\n\n\n\n<figure class=\"wp-block-image aligncenter size-full is-resized\"><img decoding=\"async\" src=\"https:\/\/myoeme.io\/wp-content\/uploads\/sites\/784\/2026\/04\/anglehealth.png\" alt=\"\" class=\"wp-image-128\" style=\"width:230px\"\/><\/figure>\n\n\n\n<div class=\"wp-block-columns is-layout-flex wp-container-core-columns-is-layout-f313b1e6 wp-block-columns-is-layout-flex\" style=\"margin-top:0px;padding-top:var(--wp--preset--spacing--50);padding-right:var(--wp--preset--spacing--20);padding-left:var(--wp--preset--spacing--20)\">\n<div class=\"wp-block-column has-accent-3-background-color has-background is-layout-flow wp-block-column-is-layout-flow\" style=\"padding-top:var(--wp--preset--spacing--50);padding-right:var(--wp--preset--spacing--50);padding-bottom:var(--wp--preset--spacing--50);padding-left:var(--wp--preset--spacing--50);flex-basis:100%\">\n<h3 class=\"wp-block-heading has-text-align-center has-accent-2-color has-text-color has-link-color wp-elements-fb6ef95ba265aedf820051fe6b78d0b0\" style=\"padding-bottom:20px;font-size:clamp(24.034px, 1.502rem + ((1vw - 3.2px) * 1.247), 40px);font-style:normal;font-weight:700\"><strong><strong><strong>Primera experiencia de miembro<\/strong><\/strong><\/strong><\/h3>\n\n\n\n<p class=\"has-text-align-center\" style=\"font-size:clamp(14px, 0.875rem + ((1vw - 3.2px) * 0.469), 20px);font-style:normal;font-weight:500;line-height:1.3\">Explorar las opciones de atenci\u00f3n m\u00e9dica ha sido un desaf\u00edo en el pasado. Angle Health se compromete a ofrecer planes de salud flexibles y asequibles con apoyo personalizado, facilitando a los miembros el acceso y la comprensi\u00f3n de su atenci\u00f3n.<\/p>\n\n\n\n<div class=\"wp-block-buttons is-content-justification-center is-layout-flex wp-container-core-buttons-is-layout-03d7960e wp-block-buttons-is-layout-flex\" style=\"margin-top:40px;margin-bottom:40px\">\n<div class=\"wp-block-button oeme-background-button\"><a class=\"wp-block-button__link has-base-color has-accent-5-background-color has-text-color has-background has-link-color has-border-color has-base-border-color has-custom-font-size wp-element-button\" href=\"https:\/\/www.anglehealth.com\/network-directories\" style=\"border-width:4px;padding-top:15px;padding-right:45px;padding-bottom:15px;padding-left:45px;box-shadow:var(--wp--preset--shadow--natural);font-size:clamp(14.642px, 0.915rem + ((1vw - 3.2px) * 0.575), 22px);font-style:normal;font-weight:600;letter-spacing:0px;text-transform:uppercase\" target=\"_blank\" rel=\"noreferrer noopener\">Encuentra a mi m\u00e9dico<\/a><\/div>\n<\/div>\n\n\n\n<div class=\"wp-block-group is-content-justification-center is-nowrap is-layout-flex wp-container-core-group-is-layout-0a12bad6 wp-block-group-is-layout-flex\">\n<figure class=\"wp-block-image aligncenter size-full is-resized btn-hover-zoom\"><a href=\"https:\/\/apps.apple.com\/us\/app\/angle-health-inc\/id1572887423\" target=\"_blank\" rel=\"noreferrer noopener\"><img decoding=\"async\" src=\"https:\/\/myoeme.io\/wp-content\/uploads\/2025\/06\/66e2ebab729fd46348ed91e6.png\" alt=\"\" class=\"wp-image-18\" style=\"width:230px\"\/><\/a><\/figure>\n\n\n\n<figure class=\"wp-block-image aligncenter size-full is-resized btn-hover-zoom\"><a href=\"https:\/\/play.google.com\/store\/apps\/details?id=com.anglehealth.inc&amp;hl=en_US\" target=\"_blank\" rel=\"noreferrer noopener\"><img decoding=\"async\" src=\"https:\/\/myoeme.io\/wp-content\/uploads\/2025\/06\/66e2eb9d92934951d948fc1a.png\" alt=\"\" class=\"wp-image-19\" style=\"width:230px\"\/><\/a><\/figure>\n<\/div>\n<\/div>\n<\/div>\n<\/div>\n","protected":false},"excerpt":{"rendered":"<p>[oeme_benefithub_vimeo_embed_medical_benefits_3] Tu&nbsp;salud&nbsp;grupal est\u00e1impulsada por Primera experiencia de miembro Explorar las opciones de atenci\u00f3n m\u00e9dica ha sido un desaf\u00edo en el pasado. Angle Health se compromete a ofrecer planes de salud flexibles y asequibles con apoyo personalizado, facilitando a los miembros el acceso y la comprensi\u00f3n de su atenci\u00f3n.<\/p>\n","protected":false},"author":4,"featured_media":69,"parent":26,"menu_order":1,"comment_status":"closed","ping_status":"closed","template":"","meta":{"footnotes":""},"class_list":["post-28","page","type-page","status-publish","has-post-thumbnail","hentry"],"_links":{"self":[{"href":"https:\/\/myoeme.io\/rafteryconstructionco-es\/wp-json\/wp\/v2\/pages\/28","targetHints":{"allow":["GET"]}}],"collection":[{"href":"https:\/\/myoeme.io\/rafteryconstructionco-es\/wp-json\/wp\/v2\/pages"}],"about":[{"href":"https:\/\/myoeme.io\/rafteryconstructionco-es\/wp-json\/wp\/v2\/types\/page"}],"author":[{"embeddable":true,"href":"https:\/\/myoeme.io\/rafteryconstructionco-es\/wp-json\/wp\/v2\/users\/4"}],"replies":[{"embeddable":true,"href":"https:\/\/myoeme.io\/rafteryconstructionco-es\/wp-json\/wp\/v2\/comments?post=28"}],"version-history":[{"count":13,"href":"https:\/\/myoeme.io\/rafteryconstructionco-es\/wp-json\/wp\/v2\/pages\/28\/revisions"}],"predecessor-version":[{"id":265,"href":"https:\/\/myoeme.io\/rafteryconstructionco-es\/wp-json\/wp\/v2\/pages\/28\/revisions\/265"}],"up":[{"embeddable":true,"href":"https:\/\/myoeme.io\/rafteryconstructionco-es\/wp-json\/wp\/v2\/pages\/26"}],"wp:featuredmedia":[{"embeddable":true,"href":"https:\/\/myoeme.io\/rafteryconstructionco-es\/wp-json\/wp\/v2\/media\/69"}],"wp:attachment":[{"href":"https:\/\/myoeme.io\/rafteryconstructionco-es\/wp-json\/wp\/v2\/media?parent=28"}],"curies":[{"name":"wp","href":"https:\/\/api.w.org\/{rel}","templated":true}]}}