{"id":4,"date":"2026-04-22T15:14:29","date_gmt":"2026-04-22T15:14:29","guid":{"rendered":"https:\/\/myoeme.io\/rafteryconstructionco-es\/?page_id=4"},"modified":"2026-04-30T11:02:00","modified_gmt":"2026-04-30T11:02:00","slug":"employee-assistance-program","status":"publish","type":"page","link":"https:\/\/myoeme.io\/rafteryconstructionco-es\/benefits\/employee-assistance-program\/","title":{"rendered":"Programa de Asistencia al Empleado (EAP)"},"content":{"rendered":"\n<div class=\"wp-block-cover alignfull disable-element-on-mobile has-aspect-ratio wp-duotone-unset-1\" style=\"padding-top:35vh;padding-bottom:65px;aspect-ratio:auto;min-height:unset;\"><img decoding=\"async\" class=\"wp-block-cover__image-background wp-image-423 size-large\" alt=\"\" src=\"https:\/\/myoeme.io\/spanish-en\/wp-content\/uploads\/sites\/185\/2025\/10\/pexels-tima-miroshnichenko-5439477-1024x683.jpg\" data-object-fit=\"cover\"\/><span aria-hidden=\"true\" class=\"wp-block-cover__background has-black-background-color has-background-dim-70 has-background-dim\"><\/span><div class=\"wp-block-cover__inner-container has-global-padding is-layout-constrained wp-container-core-cover-is-layout-174515c3 wp-block-cover-is-layout-constrained\">\n<div class=\"wp-block-columns alignwide is-layout-flex wp-container-core-columns-is-layout-28f84493 wp-block-columns-is-layout-flex\">\n<div class=\"wp-block-column is-layout-flow wp-block-column-is-layout-flow\" style=\"flex-basis:72%\">\n<h2 class=\"wp-block-heading\" style=\"padding-bottom:10px;font-size:clamp(25.014px, 1.563rem + ((1vw - 3.2px) * 1.327), 42px);font-style:normal;font-weight:700\">Programa de Asistencia al Empleado (EAP)<\/h2>\n<\/div>\n\n\n\n<div class=\"wp-block-column is-vertically-aligned-center is-layout-flow wp-block-column-is-layout-flow\" style=\"flex-basis:28%\"><\/div>\n<\/div>\n<\/div><\/div>\n\n\n\n<div class=\"wp-block-cover alignfull hide-on-large-devices has-aspect-ratio wp-duotone-unset-2\" style=\"padding-top:15vh;padding-bottom:var(--wp--preset--spacing--40);aspect-ratio:auto;min-height:unset;\"><img decoding=\"async\" class=\"wp-block-cover__image-background wp-image-423 size-large\" alt=\"\" src=\"https:\/\/myoeme.io\/spanish-en\/wp-content\/uploads\/sites\/185\/2025\/10\/pexels-tima-miroshnichenko-5439477-1024x683.jpg\" data-object-fit=\"cover\"\/><span aria-hidden=\"true\" class=\"wp-block-cover__background has-black-background-color has-background-dim-70 has-background-dim\"><\/span><div class=\"wp-block-cover__inner-container has-global-padding is-layout-constrained wp-container-core-cover-is-layout-c8cde179 wp-block-cover-is-layout-constrained\">\n<div class=\"wp-block-columns alignwide is-layout-flex wp-container-core-columns-is-layout-28f84493 wp-block-columns-is-layout-flex\">\n<div class=\"wp-block-column is-layout-flow wp-block-column-is-layout-flow\" style=\"flex-basis:72%\">\n<h2 class=\"wp-block-heading\" style=\"padding-bottom:10px;font-size:clamp(25.014px, 1.563rem + ((1vw - 3.2px) * 1.327), 42px);font-style:normal;font-weight:700\">Programa de Asistencia al Empleado (EAP)<\/h2>\n<\/div>\n<\/div>\n<\/div><\/div>\n\n\n\n<div class=\"wp-block-group alignfull has-global-padding is-content-justification-center is-layout-constrained wp-container-core-group-is-layout-f2bd6281 wp-block-group-is-layout-constrained\" style=\"padding-top:var(--wp--preset--spacing--60);padding-bottom:var(--wp--preset--spacing--60)\">\n<div class=\"wp-block-columns has-accent-3-background-color has-background is-layout-flex wp-container-core-columns-is-layout-45b9a720 wp-block-columns-is-layout-flex\" style=\"border-right-color:var(--wp--preset--color--base);margin-top:0;margin-bottom:0;padding-top:7vh;padding-right:15px;padding-bottom:7vh;padding-left:15px\">\n<div class=\"wp-block-column is-vertically-aligned-stretch is-layout-flow wp-block-column-is-layout-flow\" style=\"flex-basis:53%\">\n<div class=\"wp-block-group is-vertical is-content-justification-left is-layout-flex wp-container-core-group-is-layout-b21d21b4 wp-block-group-is-layout-flex\" style=\"min-height:100%\">\n<h2 class=\"wp-block-heading has-text-align-left has-contrast-color has-text-color has-link-color wp-elements-39075b37b6427b2bc74e9cc361cbfbc7\" style=\"padding-bottom:20px;font-size:clamp(22.041px, 1.378rem + ((1vw - 3.2px) * 1.091), 36px);font-style:normal;font-weight:700\"><strong><strong><strong>Apoyo confidencial, cuando lo necesites<\/strong><\/strong><\/strong><\/h2>\n\n\n\n<p class=\"has-text-align-left\" style=\"padding-bottom:var(--wp--preset--spacing--20);font-size:clamp(14px, 0.875rem + ((1vw - 3.2px) * 0.313), 18px);font-style:normal;font-weight:400\">La vida puede ser gratificante, pero tambi\u00e9n desafiante. Cuando los problemas personales o laborales comienzan a sentirse abrumadores, tu <strong>Programa de Asistencia al Empleado (EAP)<\/strong> est\u00e1 aqu\u00ed para ayudarte.<\/p>\n\n\n\n<p class=\"has-text-align-left\" style=\"padding-bottom:var(--wp--preset--spacing--20);font-size:clamp(14px, 0.875rem + ((1vw - 3.2px) * 0.313), 18px);font-style:normal;font-weight:400\">Tu EAP ofrece apoyo gratuito y confidencial \u2014 <strong>disponible las 24 horas del d\u00eda, los 7 d\u00edas de la semana<\/strong>, durante todo el a\u00f1o. Ya sea que enfrentes un desaf\u00edo personal, una preocupaci\u00f3n familiar o estr\u00e9s emocional, puedes conectarte con consejeros profesionales por tel\u00e9fono, en l\u00ednea o en persona.<\/p>\n\n\n\n<p class=\"has-text-align-left\" style=\"font-size:clamp(14px, 0.875rem + ((1vw - 3.2px) * 0.313), 18px);font-style:normal;font-weight:400\">Sin costo. Sin juicios. Nadie en el trabajo sabr\u00e1 que pediste ayuda.<\/p>\n<\/div>\n<\/div>\n\n\n\n<div class=\"wp-block-column is-vertically-aligned-center is-layout-flow wp-block-column-is-layout-flow\" style=\"padding-top:0;flex-basis:47%\">\n<div class=\"wp-block-group has-border-color has-base-border-color has-global-padding is-content-justification-right is-layout-constrained wp-container-core-group-is-layout-f1f2ed93 wp-block-group-is-layout-constrained\" style=\"border-width:6px;font-size:0px;box-shadow:var(--wp--preset--shadow--natural)\">\n<div style=\"padding:56.25% 0 0 0;position:relative;\"><iframe src=\"https:\/\/player.vimeo.com\/video\/1185564970?h=ae90c17b69&amp;badge=0&amp;autopause=0&amp;player_id=0&amp;app_id=58479\" frameborder=\"0\" allow=\"autoplay; fullscreen; picture-in-picture; clipboard-write; encrypted-media; web-share\" referrerpolicy=\"strict-origin-when-cross-origin\" style=\"position:absolute;top:0;left:0;width:100%;height:100%;\" title=\"Employee Navigator_20260113_100052_Final_English_Video_2025\"><\/iframe><\/div><script src=\"https:\/\/player.vimeo.com\/api\/player.js\"><\/script>\n<\/div>\n<\/div>\n<\/div>\n\n\n\n<div class=\"wp-block-group has-global-padding is-layout-constrained wp-block-group-is-layout-constrained\" style=\"margin-top:var(--wp--preset--spacing--60);margin-bottom:0px;padding-top:15px;padding-bottom:15px\">\n<h2 class=\"wp-block-heading has-text-align-left has-contrast-color has-text-color has-link-color wp-elements-f4ccd724a455ca677fde7cec4ebd9095 wp-container-content-9cfa9a5a\" style=\"padding-top:20px;padding-bottom:var(--wp--preset--spacing--30);font-size:clamp(22.041px, 1.378rem + ((1vw - 3.2px) * 1.091), 36px);font-style:normal;font-weight:900\"><strong><strong><strong>C\u00f3mo puede ayudarte el EAP<\/strong><\/strong><\/strong><\/h2>\n\n\n\n<p class=\"has-text-align-left\" style=\"padding-bottom:var(--wp--preset--spacing--20);font-size:clamp(14px, 0.875rem + ((1vw - 3.2px) * 0.313), 18px);font-style:normal;font-weight:400\">Puedes usar tu EAP para casi cualquier inquietud personal, emocional o familiar, incluyendo:<\/p>\n\n\n\n<ul style=\"padding-bottom:40px;padding-left:var(--wp--preset--spacing--30);font-size:clamp(14px, 0.875rem + ((1vw - 3.2px) * 0.313), 18px);\" class=\"wp-block-list is-style-checkmark-list\">\n<li>Estr\u00e9s y agotamiento<\/li>\n\n\n\n<li>Equilibrio entre el trabajo y la vida personal<\/li>\n\n\n\n<li>Problemas familiares o de pareja<\/li>\n\n\n\n<li>Duelo o p\u00e9rdida<\/li>\n\n\n\n<li>Ansiedad o depresi\u00f3n<\/li>\n\n\n\n<li>Abuso de sustancias y adicciones<\/li>\n\n\n\n<li>Preocupaciones financieras o legales<\/li>\n\n\n\n<li>Recursos para el cuidado de hijos o personas mayores<\/li>\n<\/ul>\n\n\n\n<h2 class=\"wp-block-heading has-text-align-left has-contrast-color has-text-color has-link-color wp-elements-25411589e53491eddbe714f6a48033e5 wp-container-content-9cfa9a5a\" style=\"padding-top:20px;padding-bottom:var(--wp--preset--spacing--30);font-size:clamp(22.041px, 1.378rem + ((1vw - 3.2px) * 1.091), 36px);font-style:normal;font-weight:900\"><strong><strong><strong><strong>Disponible en todo momento<\/strong><\/strong><\/strong><\/strong><\/h2>\n\n\n\n<p class=\"has-text-align-left\" style=\"padding-bottom:var(--wp--preset--spacing--20);font-size:clamp(14px, 0.875rem + ((1vw - 3.2px) * 0.313), 18px);font-style:normal;font-weight:400\">El apoyo est\u00e1 disponible las 24 horas del d\u00eda, los 7 d\u00edas de la semana, por tel\u00e9fono o en l\u00ednea.<br>Puedes hablar con un consejero autorizado o acceder a una amplia gama de recursos \u2014 desde herramientas de salud mental hasta asesoramiento legal y financiero.<\/p>\n\n\n\n<blockquote class=\"wp-block-quote is-layout-flow wp-block-quote-is-layout-flow\" style=\"margin-bottom:40px;padding-top:var(--wp--preset--spacing--20);padding-right:var(--wp--preset--spacing--30);padding-bottom:var(--wp--preset--spacing--20);padding-left:var(--wp--preset--spacing--30)\">\n<p class=\"has-text-align-left\" style=\"padding-bottom:var(--wp--preset--spacing--20);font-size:clamp(14px, 0.875rem + ((1vw - 3.2px) * 0.313), 18px);font-style:normal;font-weight:400\">Cuando la vida se complica, tu EAP est\u00e1 a solo una llamada o un clic de distancia.<\/p>\n<\/blockquote>\n\n\n\n<div class=\"wp-block-group has-global-padding is-layout-constrained wp-block-group-is-layout-constrained\" style=\"border-top-color:var(--wp--preset--color--contrast);border-top-style:dotted;border-top-width:5px;margin-top:0;padding-top:var(--wp--preset--spacing--60);padding-bottom:25px\">\n<div class=\"wp-block-columns are-vertically-aligned-center is-layout-flex wp-container-core-columns-is-layout-17fc1b09 wp-block-columns-is-layout-flex\">\n<div class=\"wp-block-column is-vertically-aligned-center is-layout-flow wp-block-column-is-layout-flow\">\n<h2 class=\"wp-block-heading has-text-align-left has-contrast-color has-text-color has-link-color wp-elements-10ff76ba436256cbdc09c22437a53274\" style=\"padding-right:0;padding-bottom:0;font-size:clamp(22.041px, 1.378rem + ((1vw - 3.2px) * 1.091), 36px);font-style:normal;font-weight:900\">\u00bfNecesitas ayuda?<\/h2>\n<\/div>\n\n\n\n<div class=\"wp-block-column is-vertically-aligned-center is-layout-flow wp-block-column-is-layout-flow\" style=\"flex-basis:68%\">\n<p class=\"is-style-default wp-container-content-663c14dd\" style=\"font-size:clamp(14px, 0.875rem + ((1vw - 3.2px) * 0.313), 18px);font-style:normal;font-weight:400\">Inicia sesi\u00f3n para administrar tu cuenta de MetLife o para acceder a formularios de reclamaci\u00f3n y recursos adicionales.<\/p>\n<\/div>\n<\/div>\n<\/div>\n\n\n\n<div class=\"wp-block-columns is-layout-flex wp-container-core-columns-is-layout-ea69a204 wp-block-columns-is-layout-flex\">\n<div class=\"wp-block-column is-style-default has-accent-3-background-color has-background is-layout-flow wp-block-column-is-layout-flow\" style=\"padding-top:35px;padding-right:35px;padding-bottom:35px;padding-left:35px;font-size:clamp(15.747px, 0.984rem + ((1vw - 3.2px) * 0.645), 24px);font-style:normal;font-weight:400\">\n<figure class=\"wp-block-image aligncenter size-full is-resized\" style=\"margin-bottom:10px\"><a href=\"https:\/\/metlife.com\/mybenefits\" target=\"_blank\" rel=\" noreferrer noopener\"><img decoding=\"async\" src=\"https:\/\/myoeme.io\/wp-content\/uploads\/2025\/06\/tmp18fz5ez9.webp\" alt=\"\" class=\"wp-image-87\" style=\"object-fit:cover;width:60px;height:60px\"\/><\/a><\/figure>\n\n\n\n<p class=\"has-text-align-center\"><a href=\"https:\/\/[oeme_benefithub_disability_claim_form_url]\" data-type=\"page\" data-id=\"63\" target=\"_blank\" rel=\"noreferrer noopener\"><\/a><a href=\"https:\/\/metlife.com\/mybenefits\" target=\"_blank\" rel=\"noreferrer noopener\"><\/a><a href=\"https:\/\/metlife.com\/mybenefits\/\" target=\"_blank\" rel=\"noreferrer noopener\">niciar sesi\u00f3n<\/a><\/p>\n<\/div>\n\n\n\n<div class=\"wp-block-column is-style-default has-accent-3-background-color has-background is-layout-flow wp-block-column-is-layout-flow\" style=\"padding-top:35px;padding-right:35px;padding-bottom:35px;padding-left:35px;font-size:clamp(15.747px, 0.984rem + ((1vw - 3.2px) * 0.645), 24px);font-style:normal;font-weight:400\">\n<figure class=\"wp-block-image aligncenter size-full is-resized\" style=\"margin-bottom:10px\"><a href=\"https:\/\/metlife.com\" target=\"_blank\" rel=\" noreferrer noopener\"><img decoding=\"async\" src=\"https:\/\/myoeme.io\/spanish-en\/wp-content\/uploads\/sites\/185\/2026\/02\/tmpeayq3hb5-1-150x150-1.webp\" alt=\"\" class=\"wp-image-723\" style=\"object-fit:cover;width:60px;height:60px\"\/><\/a><\/figure>\n\n\n\n<p class=\"has-text-align-center\"><a href=\"https:\/\/[oeme_benefithub_disability_claim_form_url]\" data-type=\"page\" data-id=\"63\" target=\"_blank\" rel=\"noreferrer noopener\"><\/a><a href=\"https:\/\/[oeme_benefithub_eap_website_url]\" target=\"_blank\" rel=\"noreferrer noopener\"><\/a><a href=\"https:\/\/metlife.com\/mybenefits\/\" target=\"_blank\" rel=\"noreferrer noopener\">URL del sitio web<\/a><\/p>\n<\/div>\n<\/div>\n<\/div>\n<\/div>\n\n\n\n<p><\/p>\n","protected":false},"excerpt":{"rendered":"<p>Apoyo confidencial, cuando lo necesites La vida puede ser gratificante, pero tambi\u00e9n desafiante. Cuando los problemas personales o laborales comienzan a sentirse abrumadores, tu Programa de Asistencia al Empleado (EAP) est\u00e1 aqu\u00ed para ayudarte. Tu EAP ofrece apoyo gratuito y confidencial \u2014 disponible las 24 horas del d\u00eda, los 7 d\u00edas de la semana, durante [&hellip;]<\/p>\n","protected":false},"author":4,"featured_media":49,"parent":26,"menu_order":9,"comment_status":"closed","ping_status":"closed","template":"","meta":{"footnotes":""},"class_list":["post-4","page","type-page","status-publish","has-post-thumbnail","hentry"],"_links":{"self":[{"href":"https:\/\/myoeme.io\/rafteryconstructionco-es\/wp-json\/wp\/v2\/pages\/4","targetHints":{"allow":["GET"]}}],"collection":[{"href":"https:\/\/myoeme.io\/rafteryconstructionco-es\/wp-json\/wp\/v2\/pages"}],"about":[{"href":"https:\/\/myoeme.io\/rafteryconstructionco-es\/wp-json\/wp\/v2\/types\/page"}],"author":[{"embeddable":true,"href":"https:\/\/myoeme.io\/rafteryconstructionco-es\/wp-json\/wp\/v2\/users\/4"}],"replies":[{"embeddable":true,"href":"https:\/\/myoeme.io\/rafteryconstructionco-es\/wp-json\/wp\/v2\/comments?post=4"}],"version-history":[{"count":6,"href":"https:\/\/myoeme.io\/rafteryconstructionco-es\/wp-json\/wp\/v2\/pages\/4\/revisions"}],"predecessor-version":[{"id":178,"href":"https:\/\/myoeme.io\/rafteryconstructionco-es\/wp-json\/wp\/v2\/pages\/4\/revisions\/178"}],"up":[{"embeddable":true,"href":"https:\/\/myoeme.io\/rafteryconstructionco-es\/wp-json\/wp\/v2\/pages\/26"}],"wp:featuredmedia":[{"embeddable":true,"href":"https:\/\/myoeme.io\/rafteryconstructionco-es\/wp-json\/wp\/v2\/media\/49"}],"wp:attachment":[{"href":"https:\/\/myoeme.io\/rafteryconstructionco-es\/wp-json\/wp\/v2\/media?parent=4"}],"curies":[{"name":"wp","href":"https:\/\/api.w.org\/{rel}","templated":true}]}}