{"id":10,"date":"2026-04-30T09:45:53","date_gmt":"2026-04-30T09:45:53","guid":{"rendered":"https:\/\/myoeme.io\/rafteryconstructionco-fr\/terms-and-conditions\/"},"modified":"2026-04-30T09:45:53","modified_gmt":"2026-04-30T09:45:53","slug":"terms-and-conditions","status":"publish","type":"page","link":"https:\/\/myoeme.io\/rafteryconstructionco-fr\/terms-and-conditions\/","title":{"rendered":"Conditions d&#8217;utilisation"},"content":{"rendered":"\n<div class=\"wp-block-group alignfull has-global-padding is-layout-constrained wp-container-core-group-is-layout-6d22059d wp-block-group-is-layout-constrained\" style=\"border-top-width:1px;padding-top:var(--wp--preset--spacing--50);padding-bottom:var(--wp--preset--spacing--50)\">\n<h1 class=\"wp-block-heading\">Conditions d&#8217;utilisation<\/h1>\n\n\n\n<div style=\"height:var(--wp--preset--spacing--40)\" aria-hidden=\"true\" class=\"wp-block-spacer\"><\/div>\n\n\n\n<div class=\"wp-block-group has-global-padding is-layout-constrained wp-container-core-group-is-layout-92b9201d wp-block-group-is-layout-constrained\">\n<p><strong>Date d&#8217;entr\u00e9e en vigueur :<\/strong>&nbsp;16 janvier 2026<br><strong>Derni\u00e8re mise \u00e0 jour :<\/strong>&nbsp;16 janvier 2026<\/p>\n\n\n\n<div class=\"wp-block-group has-global-padding is-layout-constrained wp-block-group-is-layout-constrained\">\n<h2 class=\"wp-block-heading has-large-font-size\" style=\"padding-bottom:0;font-style:normal;font-weight:600;line-height:1.5\">1. Introduction<\/h2>\n\n\n\n<p class=\"has-medium-font-size\" style=\"line-height:1.5\">Bienvenue dans le Hub de votre entreprise. Le Hub est d\u00e9velopp\u00e9 et maintenu par\u00a0<strong>O\u2019Eme, LLC<\/strong>, une soci\u00e9t\u00e9 \u00e0 responsabilit\u00e9 limit\u00e9e du Delaware (\u201c<strong>O\u2019Eme<\/strong>,\u201d \u201c<strong>nous<\/strong>,\u201d \u201c<strong>nous<\/strong>,\u201d ou \u201c<strong>notre<\/strong>\u201d), sous accord avec votre employeur et\/ou leur courtier en avantages (collectivement, le \u201c<strong>Client<\/strong>\u201d).<br>En acc\u00e9dant ou en utilisant ce Hub, vous acceptez d&#8217;\u00eatre li\u00e9 par ces Conditions d&#8217;utilisation (\u201c<strong>Conditions<\/strong>\u201d). Si vous n&#8217;\u00eates pas d&#8217;accord, veuillez cesser d&#8217;utiliser le Hub.<br>Le Hub est con\u00e7u comme un point d&#8217;acc\u00e8s central pour l&#8217;\u00e9ducation, la sensibilisation et le soutien li\u00e9s aux avantages, et peut inclure des vid\u00e9os informatives, des EMODs, des outils interactifs et des liens vers des plateformes d&#8217;inscription s\u00e9curis\u00e9es. Ce n&#8217;est pas un syst\u00e8me d&#8217;inscription ou de collecte de donn\u00e9es.<\/p>\n<\/div>\n\n\n\n<div class=\"wp-block-group has-global-padding is-layout-constrained wp-block-group-is-layout-constrained\">\n<h2 class=\"wp-block-heading has-large-font-size\" style=\"padding-bottom:0;font-style:normal;font-weight:600;line-height:1.5\">2. \u00c0 des fins d&#8217;information uniquement<\/h2>\n\n\n\n<p class=\"has-medium-font-size\">Tous les mat\u00e9riaux, vid\u00e9os et outils fournis par le biais du Hub sont uniquement \u00e0 des fins d&#8217;information et d&#8217;\u00e9ducation.<\/p>\n\n\n\n<ul class=\"wp-block-list has-medium-font-size\">\n<li>Les d\u00e9tails des avantages pr\u00e9sent\u00e9s sont fournis et approuv\u00e9s par votre employeur ou leur courtier en avantages.<\/li>\n\n\n\n<li>O\u2019Eme ne fournit pas de conseils juridiques, financiers ou professionnels sur les avantages.<\/li>\n\n\n\n<li>Pour toute information officielle ou contraignante sur les avantages, veuillez vous r\u00e9f\u00e9rer aux documents de plan de soutien de votre entreprise, aux descriptions de plan sommaires (SPDs) ou contacter le service des ressources humaines ou l&#8217;administrateur des avantages de votre employeur.<\/li>\n<\/ul>\n<\/div>\n\n\n\n<div class=\"wp-block-group has-global-padding is-layout-constrained wp-block-group-is-layout-constrained\">\n<h2 class=\"wp-block-heading has-large-font-size\" style=\"padding-bottom:0;font-style:normal;font-weight:600;line-height:1.5\">3. Pr\u00e9cision de l&#8217;information<\/h2>\n\n\n\n<p class=\"has-medium-font-size\" style=\"line-height:1.5\">O\u2019Eme travaille en partenariat avec le Client pour s&#8217;assurer que les mat\u00e9riaux sont pr\u00e9cis et \u00e0 jour. Cependant, O\u2019Eme ne garantit pas que les informations contenues dans ce Hub soient exemptes d&#8217;erreurs, compl\u00e8tes ou actuelles.<br>Les documents de plan de soutien fournis par votre employeur ou votre courtier sont la source de v\u00e9rit\u00e9 pour tous les termes du plan, l\u2019\u00e9ligibilit\u00e9, les niveaux de couverture et les co\u00fbts.<br>Ni O\u2019Eme ni le Client ne sauraient \u00eatre tenus responsables de la confiance accord\u00e9e au contenu du Hub ou des d\u00e9cisions prises sur la base de ces informations.<\/p>\n<\/div>\n\n\n\n<div class=\"wp-block-group has-global-padding is-layout-constrained wp-container-core-group-is-layout-19e250f3 wp-block-group-is-layout-constrained\">\n<h2 class=\"wp-block-heading has-large-font-size\" style=\"padding-bottom:0;font-style:normal;font-weight:600;line-height:1.5\">4. Assistant IA (\u201cSherp\u201d)<\/h2>\n\n\n\n<div class=\"wp-block-group has-global-padding is-layout-constrained wp-container-core-group-is-layout-e0082cf6 wp-block-group-is-layout-constrained\">\n<p class=\"has-medium-font-size\" style=\"line-height:1.5\">Le Hub peut inclure l&#8217;acc\u00e8s \u00e0 un assistant virtuel (\u201cSherp\u201d) aliment\u00e9 par intelligence artificielle pour soutenir l&#8217;\u00e9ducation g\u00e9n\u00e9rale sur les avantages et la navigation.<br>En acc\u00e9dant ou en interagissant avec Sherp, vous reconnaissez et acceptez ce qui suit :<\/p>\n\n\n\n<p class=\"has-medium-font-size\" style=\"line-height:1.5\"><strong>\u00c0 des fins \u00e9ducatives uniquement<\/strong><br>Sherp est fourni uniquement \u00e0 des fins d&#8217;information et d&#8217;\u00e9ducation. Il est con\u00e7u pour aider les utilisateurs \u00e0 mieux comprendre les concepts de r\u00e9vision des avantages, les structures de plan et les sujets courants de navigation dans les soins de sant\u00e9.<br>Sherp ne fournit pas :<\/p>\n\n\n\n<ul class=\"wp-block-list has-medium-font-size\">\n<li>Des conseils m\u00e9dicaux<\/li>\n\n\n\n<li>Des conseils juridiques, financiers ou fiscaux<\/li>\n\n\n\n<li>Des recommandations ou diagnostics cliniques<\/li>\n\n\n\n<li>Des recommandations de s\u00e9lection de plan ou d&#8217;inscription<\/li>\n<\/ul>\n\n\n\n<p class=\"has-medium-font-size\" style=\"line-height:1.5\"><strong>Aucune d\u00e9termination de plan ou de couverture<\/strong><br>Sherp ne d\u00e9termine pas l&#8217;\u00e9ligibilit\u00e9, ne confirme pas la couverture, ni n&#8217;interpr\u00e8te les dispositions du plan au-del\u00e0 des r\u00e9sum\u00e9s g\u00e9n\u00e9raux.<br>Il ne garantit pas les co\u00fbts, les r\u00e9sultats des r\u00e9clamations, le statut du r\u00e9seau de prestataires ou la disponibilit\u00e9 des avantages.<br>Toutes les d\u00e9cisions relatives aux avantages doivent \u00eatre prises par l&#8217;utilisateur et v\u00e9rifi\u00e9es \u00e0 l&#8217;aide des documents officiels du plan, y compris les descriptions sommaires de plan (SPDs), le r\u00e9sum\u00e9 des avantages et de la couverture (SBCs), ou directement aupr\u00e8s de l&#8217;employeur, du courtier ou du transporteur.<\/p>\n\n\n\n<p class=\"has-medium-font-size\" style=\"line-height:1.5\"><strong>Responsabilit\u00e9 de l&#8217;utilisateur et v\u00e9rification<\/strong><br>Vous \u00eates seul responsable de l&#8217;examen des documents officiels sur les avantages et de la confirmation de toutes les informations avant de prendre toute d\u00e9cision li\u00e9e aux soins de sant\u00e9 ou aux avantages.<br>Les informations fournies par Sherp peuvent \u00eatre g\u00e9n\u00e9ralis\u00e9es, incompl\u00e8tes ou pas sp\u00e9cifiques \u00e0 vos circonstances individuelles.<\/p>\n\n\n\n<p class=\"has-medium-font-size\" style=\"line-height:1.5\"><strong>Limitations de l&#8217;IA<\/strong><br>Sherp utilise des technologies d&#8217;intelligence artificielle qui peuvent g\u00e9n\u00e9rer des r\u00e9ponses bas\u00e9es sur des mod\u00e8les dans les donn\u00e9es.<br>En tant que tel :<\/p>\n\n\n\n<ul style=\"line-height:1.5\" class=\"wp-block-list has-medium-font-size\">\n<li>Les r\u00e9ponses peuvent \u00eatre inexactes, incompl\u00e8tes ou hors contexte<\/li>\n\n\n\n<li>Les r\u00e9sultats ne sont pas garantis sans erreur<\/li>\n\n\n\n<li>O\u2019Eme ne garantit pas l&#8217;exactitude, l&#8217;exhaustivit\u00e9 ou l&#8217;applicabilit\u00e9 de toute r\u00e9ponse g\u00e9n\u00e9r\u00e9e par l&#8217;IA<\/li>\n<\/ul>\n\n\n\n<p class=\"has-medium-font-size\" style=\"line-height:1.5\">L&#8217;utilisation de Sherp est \u00e0 votre propre discr\u00e9tion et \u00e0 vos risques.<\/p>\n\n\n\n<p class=\"has-medium-font-size\" style=\"line-height:1.5\"><strong>Utilisation prohib\u00e9e et inappropri\u00e9e<\/strong><br>Vous acceptez de ne pas utiliser Sherp :<\/p>\n\n\n\n<ul style=\"line-height:1.5\" class=\"wp-block-list has-medium-font-size\">\n<li>Pour rechercher ou vous fier \u00e0 des conseils m\u00e9dicaux ou cliniques<\/li>\n\n\n\n<li>Pour obtenir des conseils d\u00e9finitifs sur la s\u00e9lection de plan ou l&#8217;inscription<\/li>\n\n\n\n<li>Pour tenter de manipuler, d&#8217;outrepasser ou d&#8217;extraire des r\u00e9ponses en dehors de l&#8217;utilisation pr\u00e9vue<\/li>\n\n\n\n<li>Pour saisir de fausses informations, trompeuses ou inappropri\u00e9es<\/li>\n\n\n\n<li>Pour toute fin ill\u00e9gale, abusive ou conflictuelle<\/li>\n<\/ul>\n\n\n\n<p class=\"has-medium-font-size\" style=\"line-height:1.5\">Toute tentative de mauvaise utilisation intentionnelle ou de test des limites de la fonction pr\u00e9vue de Sherp constitue une violation de ces Conditions.<\/p>\n\n\n\n<p class=\"has-medium-font-size\" style=\"line-height:1.5\"><strong>Escalade et soutien humain<\/strong><br>Sherp peut orienter les utilisateurs vers des ressources officielles ou recommander de contacter les ressources humaines, un courtier ou un transporteur pour une assistance suppl\u00e9mentaire.<br>Sherp peut \u00e9galement faciliter l&#8217;escalade des questions lorsque cela est appropri\u00e9.<br>Sherp n&#8217;est pas un substitut aux professionnels titulaires de licences ou aux canaux de soutien parrain\u00e9s par l&#8217;employeur.<\/p>\n\n\n\n<p class=\"has-medium-font-size\" style=\"line-height:1.5\"><strong>Acceptation de l&#8217;utilisation<\/strong><br>L&#8217;utilisation de la fonctionnalit\u00e9 de chat de Sherp constitue une acceptation de ces Conditions d&#8217;utilisation.<br>Si vous n&#8217;\u00eates pas d&#8217;accord, vous ne devez pas interagir avec la fonctionnalit\u00e9 de chat. (\u201c<strong>Sherp<\/strong>\u201d) aliment\u00e9 par intelligence artificielle pour aider \u00e0 l&#8217;\u00e9ducation g\u00e9n\u00e9rale sur les avantages et la navigation.<\/p>\n<\/div>\n<\/div>\n\n\n\n<div class=\"wp-block-group has-global-padding is-layout-constrained wp-block-group-is-layout-constrained\">\n<h2 class=\"wp-block-heading has-large-font-size\" style=\"padding-bottom:0;font-style:normal;font-weight:600;line-height:1.5\">5. Liens et plateformes d&#8217;inscription de tiers<\/h2>\n\n\n\n<p class=\"has-medium-font-size\" style=\"line-height:1.5\">Le Hub peut contenir des liens ou des redirections (\u201cInscrivez-vous ici\u201d ou similaire) vers des sites externes, y compris des plateformes d&#8217;inscription aux avantages et des portails d&#8217;assureurs.<\/p>\n\n\n\n<ul style=\"line-height:1.5\" class=\"wp-block-list has-medium-font-size\">\n<li>O\u2019Eme ne contr\u00f4le pas, n&#8217;op\u00e8re pas et ne soutient pas ces sites tiers et n&#8217;est pas responsable de leur contenu, de leur exactitude ou de leurs pratiques de s\u00e9curit\u00e9.<\/li>\n\n\n\n<li>Lorsque vous cliquez sur un lien externe, vous \u00eates soumis \u00e0 la politique de confidentialit\u00e9 et aux conditions d&#8217;utilisation de ce tiers. Veuillez consulter ces politiques avant de fournir des informations personnelles ou confidentielles.<\/li>\n<\/ul>\n<\/div>\n\n\n\n<div class=\"wp-block-group has-global-padding is-layout-constrained wp-container-core-group-is-layout-19e250f3 wp-block-group-is-layout-constrained\">\n<h2 class=\"wp-block-heading has-large-font-size\" style=\"padding-bottom:0;font-style:normal;font-weight:600;line-height:1.5\">6. Propri\u00e9t\u00e9 intellectuelle<\/h2>\n\n\n\n<div class=\"wp-block-group has-global-padding is-layout-constrained wp-container-core-group-is-layout-e0082cf6 wp-block-group-is-layout-constrained\">\n<p class=\"has-medium-font-size\" style=\"line-height:1.5\">Le Hub int\u00e8gre \u00e0 la fois une marque sp\u00e9cifique au client et des mat\u00e9riels produits par O\u2019Eme.<\/p>\n\n\n\n<p class=\"has-medium-font-size\" style=\"line-height:1.5\"><strong>Propri\u00e9t\u00e9 du Client :<\/strong>\u00a0Tous les logos, marques commerciales et images propri\u00e9taires des clients restent la propri\u00e9t\u00e9 de l&#8217;employeur ou du courtier respectif.<\/p>\n\n\n\n<p class=\"has-medium-font-size\" style=\"line-height:1.5\"><strong>Propri\u00e9t\u00e9 d&#8217;O\u2019Eme :<\/strong>\u00a0Toutes les vid\u00e9os, EMODs, outils d&#8217;IA, scripts \u00e9crits et cadre web restent la propri\u00e9t\u00e9 exclusive d&#8217;O\u2019Eme, LLC et sont prot\u00e9g\u00e9s par des droits d&#8217;auteur et des lois sur la propri\u00e9t\u00e9 intellectuelle.<br>Les utilisateurs ne peuvent pas copier, t\u00e9l\u00e9charger, modifier, distribuer ou r\u00e9utiliser des mat\u00e9riaux d&#8217;O\u2019Eme sans l&#8217;autorisation \u00e9crite pr\u00e9alable.<br>\u00a92026 O\u2019Eme, LLC. Tous droits r\u00e9serv\u00e9s.<\/p>\n<\/div>\n<\/div>\n\n\n\n<div class=\"wp-block-group has-global-padding is-layout-constrained wp-container-core-group-is-layout-19e250f3 wp-block-group-is-layout-constrained\">\n<h2 class=\"wp-block-heading has-large-font-size\" style=\"padding-bottom:0;font-style:normal;font-weight:600;line-height:1.5\">7. Utilisation acceptable<\/h2>\n\n\n\n<div class=\"wp-block-group has-global-padding is-layout-constrained wp-container-core-group-is-layout-e0082cf6 wp-block-group-is-layout-constrained\">\n<p class=\"has-medium-font-size\" style=\"line-height:1.5\">En utilisant ce Hub, vous acceptez de ne pas :<\/p>\n\n\n\n<ul style=\"line-height:1.5\" class=\"wp-block-list has-medium-font-size\">\n<li>Copier, reproduire ou distribuer des vid\u00e9os, graphiques ou textes sans autorisation ;<\/li>\n\n\n\n<li>Tenter d&#8217;acc\u00e9der ou de modifier toute partie du Hub en dehors de son utilisation pr\u00e9vue ;<\/li>\n\n\n\n<li>Utiliser des syst\u00e8mes automatis\u00e9s, des scripts ou des robots pour extraire ou interagir avec le contenu du Hub ;<\/li>\n\n\n\n<li>Introduire des logiciels malveillants, des virus ou interf\u00e9rer avec les performances du Hub.<\/li>\n<\/ul>\n\n\n\n<p class=\"has-medium-font-size\" style=\"line-height:1.5\">O\u2019Eme se r\u00e9serve le droit de suspendre ou de restreindre l&#8217;acc\u00e8s en cas de mauvaise utilisation ou de violation de ces Conditions.<\/p>\n<\/div>\n<\/div>\n\n\n\n<div class=\"wp-block-group has-global-padding is-layout-constrained wp-block-group-is-layout-constrained\">\n<h2 class=\"wp-block-heading has-large-font-size\" style=\"padding-bottom:0;font-style:normal;font-weight:600;line-height:1.5\">8. Confidentialit\u00e9 et gestion des donn\u00e9es<\/h2>\n\n\n\n<p class=\"has-medium-font-size\" style=\"line-height:1.5\">Ce Hub ne collecte, ne stocke ni ne transmet d&#8217;informations personnelles ou confidentielles. Toutes les activit\u00e9s d&#8217;inscription et de partage de donn\u00e9es se d\u00e9roulent exclusivement sur la plateforme d&#8217;inscription s\u00e9curis\u00e9e d\u00e9sign\u00e9e par votre employeur.<br>Pour des informations sur la mani\u00e8re dont O\u2019Eme g\u00e8re les donn\u00e9es analytiques non personnelles, veuillez vous r\u00e9f\u00e9rer \u00e0 la Politique de confidentialit\u00e9 d&#8217;O\u2019Eme disponible \u00e0<a href=\"https:\/\/oeme.io\/privacy\">https:\/\/oeme.io\/privacy<\/a>.<\/p>\n<\/div>\n\n\n\n<div class=\"wp-block-group has-global-padding is-layout-constrained wp-container-core-group-is-layout-19e250f3 wp-block-group-is-layout-constrained\">\n<h2 class=\"wp-block-heading has-large-font-size\" style=\"padding-bottom:0;font-style:normal;font-weight:600;line-height:1.5\">9. Limitation de responsabilit\u00e9<\/h2>\n\n\n\n<div class=\"wp-block-group has-global-padding is-layout-constrained wp-container-core-group-is-layout-e0082cf6 wp-block-group-is-layout-constrained\">\n<p class=\"has-medium-font-size\" style=\"line-height:1.5\">Dans toute la mesure permise par la loi :<\/p>\n\n\n\n<ul style=\"line-height:1.5\" class=\"wp-block-list has-medium-font-size\">\n<li>O\u2019Eme et le Client ne pourront \u00eatre tenus responsables des dommages indirects, accessoires, cons\u00e9cutifs ou sp\u00e9ciaux d\u00e9coulant de votre utilisation de ce Hub ou de votre confiance en son contenu.<\/li>\n\n\n\n<li>La responsabilit\u00e9 totale d&#8217;O\u2019Eme, le cas \u00e9ch\u00e9ant, ne d\u00e9passera pas le montant pay\u00e9 (le cas \u00e9ch\u00e9ant) pour l&#8217;acc\u00e8s \u00e0 ce Hub.<\/li>\n\n\n\n<li>O\u2019Eme et le Client ne garantissent pas un fonctionnement ininterrompu ou sans erreur du Hub.<\/li>\n<\/ul>\n<\/div>\n<\/div>\n\n\n\n<div class=\"wp-block-group has-global-padding is-layout-constrained wp-block-group-is-layout-constrained\">\n<h2 class=\"wp-block-heading has-large-font-size\" style=\"padding-bottom:0;font-style:normal;font-weight:600;line-height:1.5\">10. Droit applicable<\/h2>\n\n\n\n<p class=\"has-medium-font-size\" style=\"line-height:1.5\">Ces Termes seront r\u00e9gis et interpr\u00e9t\u00e9s conform\u00e9ment aux lois de l&#8217;\u00c9tat du Delaware, sans tenir compte de ses principes de conflit de lois. Tout litige d\u00e9coulant de ou se rapportant \u00e0 ces Termes sera soumis \u00e0 la juridiction exclusive des tribunaux d&#8217;\u00c9tat ou f\u00e9d\u00e9raux situ\u00e9s au Delaware.<\/p>\n<\/div>\n\n\n\n<div class=\"wp-block-group has-global-padding is-layout-constrained wp-block-group-is-layout-constrained\">\n<h2 class=\"wp-block-heading has-large-font-size\" style=\"padding-bottom:0;font-style:normal;font-weight:600;line-height:1.5\">11. Modifications<\/h2>\n\n\n\n<p class=\"has-medium-font-size\" style=\"line-height:1.5\">O\u2019Eme peut mettre \u00e0 jour ou modifier ces Termes \u00e0 tout moment. La date \u201cDerni\u00e8re mise \u00e0 jour\u201d en haut de cette page refl\u00e8te la derni\u00e8re r\u00e9vision. La poursuite de l&#8217;utilisation du Hub constitue une acceptation des Termes mis \u00e0 jour.<\/p>\n<\/div>\n\n\n\n<div class=\"wp-block-group has-global-padding is-layout-constrained wp-block-group-is-layout-constrained\">\n<h2 class=\"wp-block-heading has-large-font-size\" style=\"padding-bottom:0;font-style:normal;font-weight:600;line-height:1.5\">12. Coordonn\u00e9es<\/h2>\n\n\n\n<p class=\"has-medium-font-size\" style=\"line-height:1.5\">Pour des questions ou des pr\u00e9occupations concernant ce Hub ou ces Termes, veuillez contacter :<\/p>\n\n\n\n<p class=\"has-medium-font-size\" style=\"line-height:1.5\"><strong>O\u2019Eme, LLC<\/strong><br>Email :&nbsp;<a href=\"mailto:support@oeme.io\" target=\"_blank\" rel=\"noreferrer noopener\">support@oeme.io<\/a><br><strong>\u00a9 2026 O\u2019Eme, LLC. Tous droits r\u00e9serv\u00e9s.<\/strong><\/p>\n<\/div>\n<\/div>\n<\/div>\n","protected":false},"excerpt":{"rendered":"<p>Conditions d&#8217;utilisation Date d&#8217;entr\u00e9e en vigueur :&nbsp;16 janvier 2026Derni\u00e8re mise \u00e0 jour :&nbsp;16 janvier 2026 1. Introduction Bienvenue dans le Hub de votre entreprise. Le Hub est d\u00e9velopp\u00e9 et maintenu par\u00a0O\u2019Eme, LLC, une soci\u00e9t\u00e9 \u00e0 responsabilit\u00e9 limit\u00e9e du Delaware (\u201cO\u2019Eme,\u201d \u201cnous,\u201d \u201cnous,\u201d ou \u201cnotre\u201d), sous accord avec votre employeur et\/ou leur courtier en avantages (collectivement, [&hellip;]<\/p>\n","protected":false},"author":0,"featured_media":0,"parent":0,"menu_order":0,"comment_status":"closed","ping_status":"closed","template":"","meta":{"footnotes":""},"class_list":["post-10","page","type-page","status-publish","hentry"],"_links":{"self":[{"href":"https:\/\/myoeme.io\/rafteryconstructionco-fr\/wp-json\/wp\/v2\/pages\/10","targetHints":{"allow":["GET"]}}],"collection":[{"href":"https:\/\/myoeme.io\/rafteryconstructionco-fr\/wp-json\/wp\/v2\/pages"}],"about":[{"href":"https:\/\/myoeme.io\/rafteryconstructionco-fr\/wp-json\/wp\/v2\/types\/page"}],"replies":[{"embeddable":true,"href":"https:\/\/myoeme.io\/rafteryconstructionco-fr\/wp-json\/wp\/v2\/comments?post=10"}],"version-history":[{"count":0,"href":"https:\/\/myoeme.io\/rafteryconstructionco-fr\/wp-json\/wp\/v2\/pages\/10\/revisions"}],"wp:attachment":[{"href":"https:\/\/myoeme.io\/rafteryconstructionco-fr\/wp-json\/wp\/v2\/media?parent=10"}],"curies":[{"name":"wp","href":"https:\/\/api.w.org\/{rel}","templated":true}]}}