{"id":13,"date":"2026-04-30T11:02:01","date_gmt":"2026-04-30T11:02:01","guid":{"rendered":"https:\/\/myoeme.io\/rafteryconstructionco-fr\/?page_id=13"},"modified":"2026-04-30T12:45:05","modified_gmt":"2026-04-30T12:45:05","slug":"employee-assistance-program","status":"publish","type":"page","link":"https:\/\/myoeme.io\/rafteryconstructionco-fr\/benefits\/employee-assistance-program\/","title":{"rendered":"Programme d&#8217;Aide aux Employ\u00e9s"},"content":{"rendered":"\n<div class=\"wp-block-cover alignfull disable-element-on-mobile has-aspect-ratio wp-duotone-unset-1\" style=\"padding-top:35vh;padding-bottom:65px;aspect-ratio:auto;min-height:unset;\"><img decoding=\"async\" class=\"wp-block-cover__image-background wp-image-1228 size-large\" alt=\"\" src=\"https:\/\/myoeme.io\/wp-content\/uploads\/2025\/10\/pexels-tima-miroshnichenko-5439477-1024x683.jpg\" data-object-fit=\"cover\"\/><span aria-hidden=\"true\" class=\"wp-block-cover__background has-black-background-color has-background-dim-60 has-background-dim\"><\/span><div class=\"wp-block-cover__inner-container has-global-padding is-layout-constrained wp-container-core-cover-is-layout-174515c3 wp-block-cover-is-layout-constrained\">\n<div class=\"wp-block-columns alignwide is-layout-flex wp-container-core-columns-is-layout-28f84493 wp-block-columns-is-layout-flex\">\n<div class=\"wp-block-column is-layout-flow wp-block-column-is-layout-flow\" style=\"flex-basis:72%\">\n<h2 class=\"wp-block-heading\" style=\"padding-bottom:10px;font-size:clamp(25.014px, 1.563rem + ((1vw - 3.2px) * 1.327), 42px);font-style:normal;font-weight:700\"><strong><strong>Programme d&#8217;Aide aux Employ\u00e9s (EAP)<\/strong><\/strong><\/h2>\n<\/div>\n\n\n\n<div class=\"wp-block-column is-vertically-aligned-center is-layout-flow wp-block-column-is-layout-flow\" style=\"flex-basis:28%\"><\/div>\n<\/div>\n<\/div><\/div>\n\n\n\n<div class=\"wp-block-cover alignfull hide-on-large-devices has-aspect-ratio wp-duotone-unset-2\" style=\"padding-top:15vh;padding-bottom:var(--wp--preset--spacing--40);aspect-ratio:auto;min-height:unset;\"><img decoding=\"async\" class=\"wp-block-cover__image-background wp-image-1229 size-large\" alt=\"\" src=\"https:\/\/myoeme.io\/wp-content\/uploads\/2025\/10\/pexels-tima-miroshnichenko-5439477-1-1024x683.jpg\" data-object-fit=\"cover\"\/><span aria-hidden=\"true\" class=\"wp-block-cover__background has-black-background-color has-background-dim-60 has-background-dim\"><\/span><div class=\"wp-block-cover__inner-container has-global-padding is-layout-constrained wp-container-core-cover-is-layout-c8cde179 wp-block-cover-is-layout-constrained\">\n<div class=\"wp-block-columns alignwide is-layout-flex wp-container-core-columns-is-layout-28f84493 wp-block-columns-is-layout-flex\">\n<div class=\"wp-block-column is-layout-flow wp-block-column-is-layout-flow\" style=\"flex-basis:72%\">\n<h2 class=\"wp-block-heading\" style=\"padding-bottom:10px;font-size:clamp(25.014px, 1.563rem + ((1vw - 3.2px) * 1.327), 42px);font-style:normal;font-weight:700\"><strong><strong>Programme d&#8217;Aide aux Employ\u00e9s (EAP)<\/strong><\/strong><\/h2>\n<\/div>\n<\/div>\n<\/div><\/div>\n\n\n\n<div class=\"wp-block-group alignfull has-global-padding is-content-justification-center is-layout-constrained wp-container-core-group-is-layout-f2bd6281 wp-block-group-is-layout-constrained\" style=\"padding-top:var(--wp--preset--spacing--60);padding-bottom:var(--wp--preset--spacing--60)\">\n<div class=\"wp-block-columns has-accent-3-background-color has-background is-layout-flex wp-container-core-columns-is-layout-0b25a670 wp-block-columns-is-layout-flex\" style=\"border-right-color:var(--wp--preset--color--base);margin-top:0;margin-bottom:0;padding-top:7vh;padding-right:15px;padding-bottom:7vh;padding-left:15px\">\n<div class=\"wp-block-column is-vertically-aligned-stretch is-layout-flow wp-block-column-is-layout-flow\" style=\"flex-basis:53%\">\n<div class=\"wp-block-group is-vertical is-content-justification-left is-layout-flex wp-container-core-group-is-layout-b21d21b4 wp-block-group-is-layout-flex\" style=\"min-height:100%\">\n<h2 class=\"wp-block-heading has-text-align-left has-contrast-color has-text-color has-link-color wp-elements-d134ab0b38bfd6fc0fd47f21d108d0aa\" style=\"padding-bottom:20px;font-size:clamp(22.041px, 1.378rem + ((1vw - 3.2px) * 1.091), 36px);font-style:normal;font-weight:700\"><strong><strong><strong>Soutien Confidentiel, Quand Vous en Avez Besoin<\/strong><\/strong><\/strong><\/h2>\n\n\n\n<p class=\"has-text-align-left\" style=\"padding-bottom:var(--wp--preset--spacing--20);font-size:clamp(14px, 0.875rem + ((1vw - 3.2px) * 0.313), 18px);font-style:normal;font-weight:400\">La vie peut \u00eatre enrichissante \u2014 mais aussi difficile. Quand des probl\u00e8mes personnels ou li\u00e9s au travail commencent \u00e0 sembler accablants, votre&nbsp;<strong>Programme d&#8217;Aide aux Employ\u00e9s (EAP)<\/strong>&nbsp;est l\u00e0 pour vous aider.<\/p>\n\n\n\n<p class=\"has-text-align-left\" style=\"padding-bottom:var(--wp--preset--spacing--20);font-size:clamp(14px, 0.875rem + ((1vw - 3.2px) * 0.313), 18px);font-style:normal;font-weight:400\">Votre EAP fournit&nbsp;<strong>un soutien gratuit et confidentiel \u2014 disponible 24\/7<\/strong>, chaque jour de l&#8217;ann\u00e9e. Que vous soyez confront\u00e9 \u00e0 un d\u00e9fi personnel, \u00e0 une pr\u00e9occupation familiale ou \u00e0 du stress \u00e9motionnel, vous pouvez vous connecter avec des conseillers professionnels par t\u00e9l\u00e9phone, en ligne ou en personne.<\/p>\n\n\n\n<p class=\"has-text-align-left\" style=\"padding-bottom:var(--wp--preset--spacing--20);font-size:clamp(14px, 0.875rem + ((1vw - 3.2px) * 0.313), 18px);font-style:normal;font-weight:400\">Aucun co\u00fbt. Aucun jugement. Personne au travail ne saura jamais que vous avez demand\u00e9 de l&#8217;aide.<\/p>\n<\/div>\n<\/div>\n\n\n\n<div class=\"wp-block-column is-vertically-aligned-center is-layout-flow wp-block-column-is-layout-flow\" style=\"padding-top:0;flex-basis:47%\">\n<div class=\"wp-block-group has-border-color has-base-border-color has-global-padding is-content-justification-right is-layout-constrained wp-container-core-group-is-layout-f1f2ed93 wp-block-group-is-layout-constrained\" style=\"border-width:6px;font-size:0px;box-shadow:var(--wp--preset--shadow--natural)\"><div style=\"padding:56.25% 0 0 0;position:relative;\"><iframe src=\"https:\/\/player.vimeo.com\/video\/1188075022?h=421ff7f31a&amp;badge=0&amp;autopause=0&amp;player_id=0&amp;app_id=58479\" frameborder=\"0\" allow=\"autoplay; fullscreen; picture-in-picture; clipboard-write; encrypted-media; web-share\" referrerpolicy=\"strict-origin-when-cross-origin\" style=\"position:absolute;top:0;left:0;width:100%;height:100%;\" title=\"Employee Navigator_20260113_100052_Final_English_Video_2025\"><\/iframe><\/div><script src=\"https:\/\/player.vimeo.com\/api\/player.js\"><\/script><\/div>\n<\/div>\n<\/div>\n\n\n\n<div class=\"wp-block-group has-global-padding is-layout-constrained wp-block-group-is-layout-constrained\" style=\"margin-top:var(--wp--preset--spacing--60);margin-bottom:0px;padding-top:15px;padding-bottom:15px\">\n<h2 class=\"wp-block-heading has-text-align-left has-contrast-color has-text-color has-link-color wp-elements-deffdfa3e90d81568db94e0fb6421128 wp-container-content-9cfa9a5a\" style=\"padding-top:20px;padding-bottom:var(--wp--preset--spacing--30);font-size:clamp(22.041px, 1.378rem + ((1vw - 3.2px) * 1.091), 36px);font-style:normal;font-weight:900\">Comment le EAP Peut Aider<\/h2>\n\n\n\n<p class=\"has-text-align-left\" style=\"padding-bottom:var(--wp--preset--spacing--20);font-size:clamp(14px, 0.875rem + ((1vw - 3.2px) * 0.313), 18px);font-style:normal;font-weight:400\">Vous pouvez utiliser votre EAP pour presque toute pr\u00e9occupation personnelle, \u00e9motionnelle ou familiale, y compris :<\/p>\n\n\n\n<ul style=\"padding-bottom:var(--wp--preset--spacing--20);padding-left:var(--wp--preset--spacing--30);font-size:clamp(14px, 0.875rem + ((1vw - 3.2px) * 0.313), 18px);\" class=\"wp-block-list is-style-checkmark-list\">\n<li><strong>Stress et \u00e9puisement<\/strong><\/li>\n\n\n\n<li><strong>\u00c9quilibre travail-vie personnelle<\/strong><\/li>\n\n\n\n<li><strong>D\u00e9fis familiaux ou relationnels<\/strong><\/li>\n\n\n\n<li><strong>Chagrin ou perte<\/strong><\/li>\n\n\n\n<li><strong>Anxi\u00e9t\u00e9 ou d\u00e9pression<\/strong><\/li>\n\n\n\n<li><strong>Abus de substances et d\u00e9pendance<\/strong><\/li>\n\n\n\n<li><strong>Pr\u00e9occupations financi\u00e8res ou juridiques<\/strong><\/li>\n\n\n\n<li><strong>Ressources sur la parentalit\u00e9 et les soins aux personnes \u00e2g\u00e9es<\/strong><\/li>\n<\/ul>\n\n\n\n<h2 class=\"wp-block-heading has-text-align-left has-contrast-color has-text-color has-link-color wp-elements-695f2db632d5dfb7365f2443ed970e75 wp-container-content-9cfa9a5a\" style=\"padding-top:20px;padding-bottom:var(--wp--preset--spacing--30);font-size:clamp(22.041px, 1.378rem + ((1vw - 3.2px) * 1.091), 36px);font-style:normal;font-weight:900\">Disponible \u00e0 Tout Moment<\/h2>\n\n\n\n<p class=\"has-text-align-left\" style=\"padding-bottom:var(--wp--preset--spacing--20);font-size:clamp(14px, 0.875rem + ((1vw - 3.2px) * 0.313), 18px);font-style:normal;font-weight:400\">Le soutien est disponible&nbsp;<strong>24 heures par jour, 7 jours par semaine<\/strong>, par t\u00e9l\u00e9phone ou en ligne.<br>Vous pouvez parler avec un conseiller agr\u00e9\u00e9 ou acc\u00e9der \u00e0 un large \u00e9ventail de ressources \u2014 des outils de sant\u00e9 mentale aux conseils juridiques et financiers.<\/p>\n\n\n\n<blockquote class=\"wp-block-quote is-layout-flow wp-container-core-quote-is-layout-ab4d5033 wp-block-quote-is-layout-flow\" style=\"padding-top:var(--wp--preset--spacing--20);padding-right:var(--wp--preset--spacing--30);padding-bottom:var(--wp--preset--spacing--20);padding-left:var(--wp--preset--spacing--30)\">\n<p class=\"is-style-default\" style=\"margin-top:0;padding-top:0;padding-bottom:0;font-size:clamp(14px, 0.875rem + ((1vw - 3.2px) * 0.313), 18px);font-style:normal;font-weight:400\"><em>Quand la vie se complique, votre EAP est \u00e0 un appel ou un clic.<\/em><\/p>\n<\/blockquote>\n\n\n\n<div class=\"wp-block-group has-global-padding is-layout-constrained wp-block-group-is-layout-constrained\" style=\"border-top-color:var(--wp--preset--color--contrast);border-top-style:dotted;border-top-width:5px;margin-top:40px;padding-top:var(--wp--preset--spacing--60);padding-bottom:25px\">\n<div class=\"wp-block-columns are-vertically-aligned-center is-layout-flex wp-container-core-columns-is-layout-17fc1b09 wp-block-columns-is-layout-flex\">\n<div class=\"wp-block-column is-vertically-aligned-center is-layout-flow wp-block-column-is-layout-flow\">\n<h2 class=\"wp-block-heading has-text-align-left has-contrast-color has-text-color has-link-color wp-elements-d9db6182f1695d6692c8add1a3900b06\" style=\"padding-right:var(--wp--preset--spacing--20);padding-bottom:0;font-size:clamp(22.041px, 1.378rem + ((1vw - 3.2px) * 1.091), 36px);font-style:normal;font-weight:900\"><strong><strong><strong><strong>Besoin d&#8217;Aide ?<\/strong><\/strong><\/strong><\/strong> <\/h2>\n<\/div>\n\n\n\n<div class=\"wp-block-column is-vertically-aligned-center is-layout-flow wp-block-column-is-layout-flow\" style=\"flex-basis:75%\">\n<p class=\"wp-container-content-47197e2f\" style=\"font-size:clamp(14px, 0.875rem + ((1vw - 3.2px) * 0.313), 18px);font-style:normal;font-weight:400\">Connectez-vous pour g\u00e9rer votre compte MetLife ou pour acc\u00e9der aux formulaires de r\u00e9clamation et \u00e0 des ressources suppl\u00e9mentaires.<\/p>\n<\/div>\n<\/div>\n<\/div>\n\n\n\n<div class=\"wp-block-columns is-layout-flex wp-container-core-columns-is-layout-ea69a204 wp-block-columns-is-layout-flex\">\n<div class=\"wp-block-column is-style-default has-accent-3-background-color has-background is-layout-flow wp-block-column-is-layout-flow\" style=\"padding-top:35px;padding-right:35px;padding-bottom:35px;padding-left:35px;font-size:clamp(15.747px, 0.984rem + ((1vw - 3.2px) * 0.645), 24px);font-style:normal;font-weight:400\">\n<figure class=\"wp-block-image aligncenter size-full is-resized\" style=\"margin-bottom:10px\"><a href=\"https:\/\/metlife.com\/mybenefits\" target=\"_blank\" rel=\" noreferrer noopener\"><img decoding=\"async\" src=\"https:\/\/myoeme.io\/wp-content\/uploads\/2025\/06\/tmp18fz5ez9.webp\" alt=\"\" class=\"wp-image-87\" style=\"object-fit:cover;width:60px;height:60px\"\/><\/a><\/figure>\n\n\n\n<p class=\"has-text-align-center\"><a href=\"https:\/\/metlife.com\/mybenefits\" data-type=\"page\" data-id=\"63\" target=\"_blank\" rel=\"noreferrer noopener\">Connexion<\/a><\/p>\n<\/div>\n\n\n\n<div class=\"wp-block-column is-style-default has-accent-3-background-color has-background is-layout-flow wp-block-column-is-layout-flow\" style=\"padding-top:35px;padding-right:35px;padding-bottom:35px;padding-left:35px;font-size:clamp(15.747px, 0.984rem + ((1vw - 3.2px) * 0.645), 24px);font-style:normal;font-weight:400\">\n<figure class=\"wp-block-image aligncenter size-full is-resized\" style=\"margin-bottom:10px\"><a href=\"https:\/\/[oeme_benefithub_eap_website_url]\" target=\"_blank\" rel=\" noreferrer noopener\"><img decoding=\"async\" src=\"https:\/\/myoeme.io\/wp-content\/uploads\/2025\/06\/tmpeayq3hb5-1.webp\" alt=\"\" class=\"wp-image-477\" style=\"object-fit:cover;width:60px;height:60px\"\/><\/a><\/figure>\n\n\n\n<p class=\"has-text-align-center\"><a href=\"https:\/\/[oeme_benefithub_eap_website_url]\" data-type=\"page\" data-id=\"63\" target=\"_blank\" rel=\"noreferrer noopener\">URL du site web<\/a><\/p>\n<\/div>\n<\/div>\n\n\n\n<p><\/p>\n<\/div>\n<\/div>\n\n\n\n<p><\/p>\n","protected":false},"excerpt":{"rendered":"<p>Soutien Confidentiel, Quand Vous en Avez Besoin La vie peut \u00eatre enrichissante \u2014 mais aussi difficile. Quand des probl\u00e8mes personnels ou li\u00e9s au travail commencent \u00e0 sembler accablants, votre&nbsp;Programme d&#8217;Aide aux Employ\u00e9s (EAP)&nbsp;est l\u00e0 pour vous aider. Votre EAP fournit&nbsp;un soutien gratuit et confidentiel \u2014 disponible 24\/7, chaque jour de l&#8217;ann\u00e9e. Que vous soyez confront\u00e9 [&hellip;]<\/p>\n","protected":false},"author":0,"featured_media":58,"parent":22,"menu_order":10,"comment_status":"closed","ping_status":"closed","template":"page-no-title","meta":{"footnotes":""},"class_list":["post-13","page","type-page","status-publish","has-post-thumbnail","hentry"],"_links":{"self":[{"href":"https:\/\/myoeme.io\/rafteryconstructionco-fr\/wp-json\/wp\/v2\/pages\/13","targetHints":{"allow":["GET"]}}],"collection":[{"href":"https:\/\/myoeme.io\/rafteryconstructionco-fr\/wp-json\/wp\/v2\/pages"}],"about":[{"href":"https:\/\/myoeme.io\/rafteryconstructionco-fr\/wp-json\/wp\/v2\/types\/page"}],"replies":[{"embeddable":true,"href":"https:\/\/myoeme.io\/rafteryconstructionco-fr\/wp-json\/wp\/v2\/comments?post=13"}],"version-history":[{"count":4,"href":"https:\/\/myoeme.io\/rafteryconstructionco-fr\/wp-json\/wp\/v2\/pages\/13\/revisions"}],"predecessor-version":[{"id":173,"href":"https:\/\/myoeme.io\/rafteryconstructionco-fr\/wp-json\/wp\/v2\/pages\/13\/revisions\/173"}],"up":[{"embeddable":true,"href":"https:\/\/myoeme.io\/rafteryconstructionco-fr\/wp-json\/wp\/v2\/pages\/22"}],"wp:featuredmedia":[{"embeddable":true,"href":"https:\/\/myoeme.io\/rafteryconstructionco-fr\/wp-json\/wp\/v2\/media\/58"}],"wp:attachment":[{"href":"https:\/\/myoeme.io\/rafteryconstructionco-fr\/wp-json\/wp\/v2\/media?parent=13"}],"curies":[{"name":"wp","href":"https:\/\/api.w.org\/{rel}","templated":true}]}}