{"id":21,"date":"2026-04-30T10:19:27","date_gmt":"2026-04-30T10:19:27","guid":{"rendered":"https:\/\/myoeme.io\/rafteryconstructionco-fr\/medical\/"},"modified":"2026-04-30T12:45:05","modified_gmt":"2026-04-30T12:45:05","slug":"medical","status":"publish","type":"page","link":"https:\/\/myoeme.io\/rafteryconstructionco-fr\/benefits\/medical\/","title":{"rendered":"M\u00e9dical"},"content":{"rendered":"\n<div class=\"wp-block-group alignfull is-style-section-2 has-global-padding is-layout-constrained wp-container-core-group-is-layout-1bf334ca wp-block-group-is-layout-constrained is-style-section-2--1\" style=\"margin-top:0;margin-bottom:0;padding-top:0;padding-bottom:0\">\n<div class=\"wp-block-cover alignfull disable-element-on-mobile\" style=\"padding-top:35vh;padding-bottom:30px\"><img loading=\"lazy\" decoding=\"async\" width=\"1920\" height=\"600\" class=\"wp-block-cover__image-background wp-image-157 size-full\" alt=\"\" src=\"https:\/\/myoeme.io\/rafteryconstructionco-fr\/wp-content\/uploads\/sites\/789\/2026\/04\/Untitled-design-33.png\" data-object-fit=\"cover\" srcset=\"https:\/\/myoeme.io\/rafteryconstructionco-fr\/wp-content\/uploads\/sites\/789\/2026\/04\/Untitled-design-33.png 1920w, https:\/\/myoeme.io\/rafteryconstructionco-fr\/wp-content\/uploads\/sites\/789\/2026\/04\/Untitled-design-33-300x94.png 300w, https:\/\/myoeme.io\/rafteryconstructionco-fr\/wp-content\/uploads\/sites\/789\/2026\/04\/Untitled-design-33-1024x320.png 1024w, https:\/\/myoeme.io\/rafteryconstructionco-fr\/wp-content\/uploads\/sites\/789\/2026\/04\/Untitled-design-33-768x240.png 768w, https:\/\/myoeme.io\/rafteryconstructionco-fr\/wp-content\/uploads\/sites\/789\/2026\/04\/Untitled-design-33-1536x480.png 1536w\" sizes=\"auto, (max-width: 1920px) 100vw, 1920px\" \/><span aria-hidden=\"true\" class=\"wp-block-cover__background has-contrast-background-color has-background-dim-60 has-background-dim\"><\/span><div class=\"wp-block-cover__inner-container has-global-padding is-layout-constrained wp-container-core-cover-is-layout-63b7c627 wp-block-cover-is-layout-constrained\">\n<div class=\"wp-block-columns alignwide is-style-default is-layout-flex wp-container-core-columns-is-layout-26e64e2d wp-block-columns-is-layout-flex\" style=\"margin-top:0px;margin-bottom:0px;padding-top:0px;padding-bottom:0px\">\n<div class=\"wp-block-column is-vertically-aligned-center is-layout-flow wp-container-core-column-is-layout-fae38783 wp-block-column-is-layout-flow\" style=\"padding-right:20px;padding-left:20px;flex-basis:100%\">\n<h2 class=\"wp-block-heading\" style=\"font-size:clamp(29.768px, 1.861rem + ((1vw - 3.2px) * 1.737), 52px);font-style:normal;font-weight:400;line-height:1.1\">Assurance M\u00e9dicale<\/h2>\n\n\n\n<p class=\"has-inter-font-family\" style=\"font-size:clamp(14px, 0.875rem + ((1vw - 3.2px) * 0.469), 20px);font-style:normal;font-weight:400\">Votre sant\u00e9 est votre fondation\u2014notre plan m\u00e9dical est l\u00e0 pour la prot\u00e9ger.<\/p>\n\n\n\n<p class=\"has-inter-font-family\" style=\"font-size:clamp(14px, 0.875rem + ((1vw - 3.2px) * 0.469), 20px);font-style:normal;font-weight:400\">Des bilans de sant\u00e9 de routine aux urgences impr\u00e9vues, cette couverture aide vous et votre famille \u00e0 rester en bonne sant\u00e9, \u00e0 r\u00e9cup\u00e9rer plus rapidement et \u00e0 r\u00e9duire les co\u00fbts de votre poche. Avec un acc\u00e8s \u00e0 un r\u00e9seau de fournisseurs de confiance et un soutien pour les soins en personne et virtuels, notre plan offre la qualit\u00e9 et la commodit\u00e9 dont vous avez besoin pour prendre en main votre sant\u00e9 en toute confiance.<br><\/p>\n<\/div>\n<\/div>\n<\/div><\/div>\n\n\n\n<div class=\"wp-block-cover alignfull hide-on-large-devices\" style=\"padding-top:15vh;padding-bottom:var(--wp--preset--spacing--20)\"><img loading=\"lazy\" decoding=\"async\" width=\"1920\" height=\"600\" class=\"wp-block-cover__image-background wp-image-157 size-full\" alt=\"\" src=\"https:\/\/myoeme.io\/rafteryconstructionco-fr\/wp-content\/uploads\/sites\/789\/2026\/04\/Untitled-design-33.png\" data-object-fit=\"cover\" srcset=\"https:\/\/myoeme.io\/rafteryconstructionco-fr\/wp-content\/uploads\/sites\/789\/2026\/04\/Untitled-design-33.png 1920w, https:\/\/myoeme.io\/rafteryconstructionco-fr\/wp-content\/uploads\/sites\/789\/2026\/04\/Untitled-design-33-300x94.png 300w, https:\/\/myoeme.io\/rafteryconstructionco-fr\/wp-content\/uploads\/sites\/789\/2026\/04\/Untitled-design-33-1024x320.png 1024w, https:\/\/myoeme.io\/rafteryconstructionco-fr\/wp-content\/uploads\/sites\/789\/2026\/04\/Untitled-design-33-768x240.png 768w, https:\/\/myoeme.io\/rafteryconstructionco-fr\/wp-content\/uploads\/sites\/789\/2026\/04\/Untitled-design-33-1536x480.png 1536w\" sizes=\"auto, (max-width: 1920px) 100vw, 1920px\" \/><span aria-hidden=\"true\" class=\"wp-block-cover__background has-contrast-background-color has-background-dim-60 has-background-dim\"><\/span><div class=\"wp-block-cover__inner-container has-global-padding is-layout-constrained wp-container-core-cover-is-layout-7897346c wp-block-cover-is-layout-constrained\">\n<div class=\"wp-block-columns alignwide is-style-default is-layout-flex wp-container-core-columns-is-layout-26e64e2d wp-block-columns-is-layout-flex\" style=\"margin-top:0px;margin-bottom:0px;padding-top:0px;padding-bottom:0px\">\n<div class=\"wp-block-column is-vertically-aligned-center is-layout-flow wp-container-core-column-is-layout-9b9bbc16 wp-block-column-is-layout-flow\" style=\"padding-right:20px;padding-left:20px;flex-basis:100%\">\n<h2 class=\"wp-block-heading\" style=\"padding-right:0;padding-bottom:var(--wp--preset--spacing--20);font-size:clamp(29.768px, 1.861rem + ((1vw - 3.2px) * 1.737), 52px);font-style:normal;font-weight:400;line-height:1.1\">Assurance M\u00e9dicale<\/h2>\n\n\n\n<p class=\"has-inter-font-family\" style=\"padding-bottom:0;font-size:clamp(14px, 0.875rem + ((1vw - 3.2px) * 0.469), 20px);font-style:normal;font-weight:400\">Votre sant\u00e9 est votre fondation\u2014notre plan m\u00e9dical est l\u00e0 pour la prot\u00e9ger.<\/p>\n\n\n\n<p class=\"has-inter-font-family\" style=\"font-size:clamp(14px, 0.875rem + ((1vw - 3.2px) * 0.469), 20px);font-style:normal;font-weight:400\">Des bilans de sant\u00e9 de routine aux urgences impr\u00e9vues, cette couverture aide vous et votre famille \u00e0 rester en bonne sant\u00e9, \u00e0 r\u00e9cup\u00e9rer plus rapidement et \u00e0 r\u00e9duire les co\u00fbts de votre poche. Avec un acc\u00e8s \u00e0 un r\u00e9seau de fournisseurs de confiance et un soutien pour les soins en personne et virtuels, notre plan offre la qualit\u00e9 et la commodit\u00e9 dont vous avez besoin pour prendre en main votre sant\u00e9 en toute confiance.<br><\/p>\n<\/div>\n<\/div>\n<\/div><\/div>\n<\/div>\n\n\n\n<div class=\"wp-block-group has-global-padding is-layout-constrained wp-container-core-group-is-layout-874b1eab wp-block-group-is-layout-constrained\" style=\"padding-top:var(--wp--preset--spacing--50);padding-bottom:var(--wp--preset--spacing--50)\">\n<div class=\"wp-block-columns oeme-plan-name-columns has-accent-3-background-color has-background is-layout-flex wp-container-core-columns-is-layout-f61b2cd3 wp-block-columns-is-layout-flex\" style=\"margin-bottom:0;padding-top:var(--wp--preset--spacing--60);padding-right:15px;padding-bottom:var(--wp--preset--spacing--60);padding-left:15px\">\n<div class=\"wp-block-column is-layout-flow wp-block-column-is-layout-flow\" style=\"padding-right:15px;padding-left:15px;flex-basis:50%\">\n<h2 class=\"wp-block-heading has-text-align-center\" style=\"padding-bottom:var(--wp--preset--spacing--20);font-size:clamp(1.119rem, 1.119rem + ((1vw - 0.2rem) * 0.789), 1.75rem);font-style:normal;font-weight:900\">Angle Healthcare Medical Plan<\/h2>\n\n\n\n<div class=\"wp-block-group has-border-color has-base-border-color has-global-padding is-layout-constrained wp-block-group-is-layout-constrained\" style=\"border-width:6px;font-size:0px;box-shadow:var(--wp--preset--shadow--natural)\">\n<div style=\"padding:56.25% 0 0 0;position:relative;\"><iframe src=\"https:\/\/player.vimeo.com\/video\/1188075520?h=19eddcc1f1&amp;badge=0&amp;autopause=0&amp;player_id=0&amp;app_id=58479\" frameborder=\"0\" allow=\"autoplay; fullscreen; picture-in-picture; clipboard-write; encrypted-media; web-share\" referrerpolicy=\"strict-origin-when-cross-origin\" style=\"position:absolute;top:0;left:0;width:100%;height:100%;\" title=\"Employee Navigator_20260113_100052_Final_English_Video_2025\"><\/iframe><\/div><script src=\"https:\/\/player.vimeo.com\/api\/player.js\"><\/script>\n<\/div>\n\n\n\n<div class=\"wp-block-buttons oeme-hide-multi-lang is-content-justification-center is-layout-flex wp-container-core-buttons-is-layout-f3767f4c wp-block-buttons-is-layout-flex\" style=\"margin-top:var(--wp--preset--spacing--20)\">\n<div class=\"wp-block-button oeme-background-button\"><a class=\"wp-block-button__link has-base-color has-accent-5-background-color has-text-color has-background has-link-color has-medium-font-size has-custom-font-size wp-element-button\" href=\"https:\/\/myoeme.io\/wp-content\/uploads\/sites\/789\/2026\/04\/Benefit-Summary-Angle-3000-5000.pdf\" style=\"border-radius:8px;padding-top:var(--wp--preset--spacing--20);padding-right:var(--wp--preset--spacing--40);padding-bottom:var(--wp--preset--spacing--20);padding-left:var(--wp--preset--spacing--40);text-transform:capitalize\" target=\"_blank\" rel=\"noreferrer noopener\">Ouvrir le r\u00e9sum\u00e9 des avantages<\/a><\/div>\n<\/div>\n<\/div>\n\n\n\n<div class=\"wp-block-column is-vertically-aligned-center oeme-hide-medical-3 has-accent-3-background-color has-background is-layout-flow wp-block-column-is-layout-flow\" style=\"padding-top:0;padding-right:15px;padding-bottom:0;padding-left:15px;flex-basis:50%\">\n<div class=\"wp-block-group has-global-padding is-content-justification-center is-layout-constrained wp-block-group-is-layout-constrained\">\n<h2 class=\"wp-block-heading has-text-align-center\" style=\"padding-bottom:var(--wp--preset--spacing--20);font-size:clamp(1.119rem, 1.119rem + ((1vw - 0.2rem) * 0.789), 1.75rem);font-style:normal;font-weight:900\"><\/h2>\n\n\n\n<div class=\"wp-block-group has-border-color has-base-border-color has-global-padding is-layout-constrained wp-block-group-is-layout-constrained\" style=\"border-width:6px;font-size:0px;box-shadow:var(--wp--preset--shadow--natural)\">\n[oeme_benefithub_vimeo_embed_medical_benefits_3]\n<\/div>\n\n\n\n<div class=\"wp-block-buttons oeme-hide-multi-lang is-content-justification-center is-layout-flex wp-container-core-buttons-is-layout-f3767f4c wp-block-buttons-is-layout-flex\" style=\"margin-top:var(--wp--preset--spacing--20)\">\n<div class=\"wp-block-button oeme-background-button\"><a class=\"wp-block-button__link has-base-color has-accent-5-background-color has-text-color has-background has-link-color has-medium-font-size has-custom-font-size wp-element-button\" href=\"https:\/\/[oeme_benefithub_medical_3_benefit_url]\" style=\"border-radius:8px;padding-top:var(--wp--preset--spacing--20);padding-right:var(--wp--preset--spacing--40);padding-bottom:var(--wp--preset--spacing--20);padding-left:var(--wp--preset--spacing--40);text-transform:capitalize\" target=\"_blank\" rel=\"noreferrer noopener\">Ouvrir le r\u00e9sum\u00e9 des avantages<\/a><\/div>\n<\/div>\n<\/div>\n<\/div>\n<\/div>\n<\/div>\n\n\n\n<div class=\"wp-block-group alignfull has-border-color has-accent-1-border-color has-global-padding is-layout-constrained wp-container-core-group-is-layout-638f82ae wp-block-group-is-layout-constrained\" style=\"border-width:10px;padding-top:var(--wp--preset--spacing--70);padding-bottom:60px\">\n<h2 class=\"wp-block-heading has-text-align-center\" style=\"margin-top:0px;margin-bottom:0px;padding-top:0px;padding-bottom:0px;font-size:clamp(25.014px, 1.563rem + ((1vw - 3.2px) * 1.327), 42px);line-height:1.3;text-transform:capitalize\">Votre Groupe<strong>Sant\u00e9<\/strong><br>Aliment\u00e9 Par<\/h2>\n\n\n\n<figure class=\"wp-block-image aligncenter size-full is-resized\"><img decoding=\"async\" src=\"https:\/\/myoeme.io\/wp-content\/uploads\/sites\/789\/2026\/04\/anglehealth.png\" alt=\"\" class=\"wp-image-737\" style=\"width:230px\"\/><\/figure>\n\n\n\n<div class=\"wp-block-columns is-layout-flex wp-container-core-columns-is-layout-f313b1e6 wp-block-columns-is-layout-flex\" style=\"margin-top:0px;padding-top:var(--wp--preset--spacing--50);padding-right:var(--wp--preset--spacing--20);padding-left:var(--wp--preset--spacing--20)\">\n<div class=\"wp-block-column has-accent-3-background-color has-background is-layout-flow wp-block-column-is-layout-flow\" style=\"padding-top:var(--wp--preset--spacing--50);padding-right:var(--wp--preset--spacing--40);padding-bottom:var(--wp--preset--spacing--50);padding-left:var(--wp--preset--spacing--40)\">\n<h3 class=\"wp-block-heading has-text-align-center has-accent-2-color has-text-color has-link-color wp-elements-55388b541b751b66f6af5f13709d32fd\" style=\"padding-bottom:20px;font-size:clamp(24.034px, 1.502rem + ((1vw - 3.2px) * 1.247), 40px);font-style:normal;font-weight:700\"><strong>Exp\u00e9rience ax\u00e9e sur les membres<\/strong><\/h3>\n\n\n\n<p class=\"has-text-align-center\" style=\"font-size:clamp(14px, 0.875rem + ((1vw - 3.2px) * 0.469), 20px);font-style:normal;font-weight:500;line-height:1.3\">Angle Health s&#8217;engage \u00e0 fournir des plans de sant\u00e9 flexibles et abordables avec un soutien personnalis\u00e9, facilitant l&#8217;acc\u00e8s des membres \u00e0 leurs soins et leur compr\u00e9hension.<\/p>\n\n\n\n<div class=\"wp-block-buttons is-content-justification-center is-layout-flex wp-container-core-buttons-is-layout-03d7960e wp-block-buttons-is-layout-flex\" style=\"margin-top:40px;margin-bottom:40px\">\n<div class=\"wp-block-button oeme-background-button\"><a class=\"wp-block-button__link has-base-color has-accent-5-background-color has-text-color has-background has-link-color has-border-color has-base-border-color has-custom-font-size wp-element-button\" href=\"https:\/\/www.anglehealth.com\/network-directories\" style=\"border-width:4px;padding-top:15px;padding-right:45px;padding-bottom:15px;padding-left:45px;box-shadow:var(--wp--preset--shadow--natural);font-size:clamp(14.642px, 0.915rem + ((1vw - 3.2px) * 0.575), 22px);font-style:normal;font-weight:600;letter-spacing:0px;text-transform:uppercase\" target=\"_blank\" rel=\"noreferrer noopener\">Trouver Mon M\u00e9decin<\/a><\/div>\n<\/div>\n\n\n\n<div class=\"wp-block-group has-global-padding is-layout-constrained wp-container-core-group-is-layout-4d0d0a75 wp-block-group-is-layout-constrained\">\n<div class=\"wp-block-group is-content-justification-center is-nowrap is-layout-flex wp-container-core-group-is-layout-0a12bad6 wp-block-group-is-layout-flex\">\n<figure class=\"wp-block-image aligncenter size-full is-resized btn-hover-zoom\"><a href=\"https:\/\/apps.apple.com\/us\/app\/angle-health-inc\/id1572887423\" target=\"_blank\" rel=\"noreferrer noopener\"><img decoding=\"async\" src=\"https:\/\/myoeme.io\/wp-content\/uploads\/2025\/06\/66e2ebab729fd46348ed91e6.png\" alt=\"\" class=\"wp-image-18\" style=\"width:230px\"\/><\/a><\/figure>\n\n\n\n<figure class=\"wp-block-image aligncenter size-full is-resized btn-hover-zoom\"><a href=\"https:\/\/play.google.com\/store\/apps\/details?id=com.anglehealth.inc&amp;hl=en_US\" target=\"_blank\" rel=\"noreferrer noopener\"><img decoding=\"async\" src=\"https:\/\/myoeme.io\/wp-content\/uploads\/2025\/06\/66e2eb9d92934951d948fc1a.png\" alt=\"\" class=\"wp-image-19\" style=\"width:230px\"\/><\/a><\/figure>\n<\/div>\n<\/div>\n<\/div>\n<\/div>\n<\/div>\n","protected":false},"excerpt":{"rendered":"<p>[oeme_benefithub_vimeo_embed_medical_benefits_3] Votre GroupeSant\u00e9Aliment\u00e9 Par Exp\u00e9rience ax\u00e9e sur les membres Angle Health s&#8217;engage \u00e0 fournir des plans de sant\u00e9 flexibles et abordables avec un soutien personnalis\u00e9, facilitant l&#8217;acc\u00e8s des membres \u00e0 leurs soins et leur compr\u00e9hension.<\/p>\n","protected":false},"author":4,"featured_media":63,"parent":22,"menu_order":1,"comment_status":"closed","ping_status":"closed","template":"","meta":{"footnotes":""},"class_list":["post-21","page","type-page","status-publish","has-post-thumbnail","hentry"],"_links":{"self":[{"href":"https:\/\/myoeme.io\/rafteryconstructionco-fr\/wp-json\/wp\/v2\/pages\/21","targetHints":{"allow":["GET"]}}],"collection":[{"href":"https:\/\/myoeme.io\/rafteryconstructionco-fr\/wp-json\/wp\/v2\/pages"}],"about":[{"href":"https:\/\/myoeme.io\/rafteryconstructionco-fr\/wp-json\/wp\/v2\/types\/page"}],"author":[{"embeddable":true,"href":"https:\/\/myoeme.io\/rafteryconstructionco-fr\/wp-json\/wp\/v2\/users\/4"}],"replies":[{"embeddable":true,"href":"https:\/\/myoeme.io\/rafteryconstructionco-fr\/wp-json\/wp\/v2\/comments?post=21"}],"version-history":[{"count":12,"href":"https:\/\/myoeme.io\/rafteryconstructionco-fr\/wp-json\/wp\/v2\/pages\/21\/revisions"}],"predecessor-version":[{"id":176,"href":"https:\/\/myoeme.io\/rafteryconstructionco-fr\/wp-json\/wp\/v2\/pages\/21\/revisions\/176"}],"up":[{"embeddable":true,"href":"https:\/\/myoeme.io\/rafteryconstructionco-fr\/wp-json\/wp\/v2\/pages\/22"}],"wp:featuredmedia":[{"embeddable":true,"href":"https:\/\/myoeme.io\/rafteryconstructionco-fr\/wp-json\/wp\/v2\/media\/63"}],"wp:attachment":[{"href":"https:\/\/myoeme.io\/rafteryconstructionco-fr\/wp-json\/wp\/v2\/media?parent=21"}],"curies":[{"name":"wp","href":"https:\/\/api.w.org\/{rel}","templated":true}]}}