{"id":24,"date":"2026-04-30T11:02:01","date_gmt":"2026-04-30T11:02:01","guid":{"rendered":"https:\/\/myoeme.io\/rafteryconstructionco-fr\/?page_id=24"},"modified":"2026-04-30T12:45:05","modified_gmt":"2026-04-30T12:45:05","slug":"pet-insurance","status":"publish","type":"page","link":"https:\/\/myoeme.io\/rafteryconstructionco-fr\/benefits\/pet-insurance\/","title":{"rendered":"Assurance pour animaux de compagnie"},"content":{"rendered":"\n<div class=\"wp-block-cover alignfull disable-element-on-mobile has-aspect-ratio wp-duotone-unset-2\" style=\"padding-top:35vh;padding-bottom:65px;aspect-ratio:auto;min-height:unset;\"><img decoding=\"async\" class=\"wp-block-cover__image-background wp-image-319 size-large\" alt=\"\" src=\"https:\/\/myoeme.io\/wp-content\/uploads\/2025\/06\/tmpa7qg08r1-1024x373.webp\" data-object-fit=\"cover\"\/><span aria-hidden=\"true\" class=\"wp-block-cover__background has-black-background-color has-background-dim-60 has-background-dim\"><\/span><div class=\"wp-block-cover__inner-container has-global-padding is-layout-constrained wp-container-core-cover-is-layout-174515c3 wp-block-cover-is-layout-constrained\">\n<div class=\"wp-block-columns alignwide is-layout-flex wp-container-core-columns-is-layout-28f84493 wp-block-columns-is-layout-flex\">\n<div class=\"wp-block-column is-layout-flow wp-block-column-is-layout-flow\" style=\"flex-basis:72%\">\n<h2 class=\"wp-block-heading\" style=\"padding-bottom:0px;font-size:clamp(25.014px, 1.563rem + ((1vw - 3.2px) * 1.327), 42px);font-style:normal;font-weight:700\"><strong><strong>Assurance pour animaux de compagnie<\/strong><\/strong><\/h2>\n\n\n\n<ul style=\"border-style:none;border-width:0px;margin-bottom:0px;padding-left:var(--wp--preset--spacing--30);font-size:clamp(14px, 0.875rem + ((1vw - 3.2px) * 0.313), 18px);\" class=\"wp-block-list is-style-checkmark-list\">\n<li style=\"padding-top:0;padding-bottom:0;font-size:clamp(14px, 0.875rem + ((1vw - 3.2px) * 0.313), 18px);font-style:normal;font-weight:400;line-height:1.1\">Peut renforcer la fid\u00e9lit\u00e9 avec des associ\u00e9s propri\u00e9taires d&#8217;animaux<\/li>\n\n\n\n<li style=\"padding-top:5px;padding-bottom:0;font-size:clamp(14px, 0.875rem + ((1vw - 3.2px) * 0.313), 18px);font-style:normal;font-weight:400;line-height:1.1\">Peut augmenter l&#8217;engagement des employ\u00e9s avec des avantages volontaires<\/li>\n\n\n\n<li style=\"padding-top:5px;padding-bottom:0px;font-size:clamp(14px, 0.875rem + ((1vw - 3.2px) * 0.313), 18px);font-style:normal;font-weight:400;line-height:1.1\">Aide les employ\u00e9s \u00e0 g\u00e9rer les co\u00fbts li\u00e9s \u00e0 la prise en charge de leurs animaux<\/li>\n<\/ul>\n<\/div>\n\n\n\n<div class=\"wp-block-column is-vertically-aligned-center is-layout-flow wp-block-column-is-layout-flow\" style=\"flex-basis:28%\">\n<div class=\"wp-block-buttons is-content-justification-left is-layout-flex wp-container-core-buttons-is-layout-0e5a4d8e wp-block-buttons-is-layout-flex\">\n<div class=\"wp-block-button has-custom-width wp-block-button__width-100 is-style-outline is-style-outline--1\"><a class=\"wp-block-button__link has-border-color has-custom-font-size wp-element-button\" href=\"https:\/\/[oeme_benefithub_pet_website_url]\" style=\"border-color:#FFFFFF;border-width:2px;border-radius:10px;padding-top:var(--wp--preset--spacing--20);padding-right:60px;padding-bottom:var(--wp--preset--spacing--20);padding-left:60px;font-size:clamp(14px, 0.875rem + ((1vw - 3.2px) * 0.469), 20px);line-height:1.3;text-transform:uppercase\" target=\"_blank\" rel=\"noreferrer noopener\">Contacter le fournisseur<\/a><\/div>\n<\/div>\n<\/div>\n<\/div>\n<\/div><\/div>\n\n\n\n<div class=\"wp-block-cover alignfull hide-on-large-devices has-aspect-ratio wp-duotone-unset-4\" style=\"padding-top:15vh;padding-bottom:var(--wp--preset--spacing--40);aspect-ratio:auto;min-height:unset;\"><img decoding=\"async\" class=\"wp-block-cover__image-background wp-image-319 size-large\" alt=\"\" src=\"https:\/\/myoeme.io\/wp-content\/uploads\/2025\/06\/tmpa7qg08r1-1024x373.webp\" data-object-fit=\"cover\"\/><span aria-hidden=\"true\" class=\"wp-block-cover__background has-black-background-color has-background-dim-60 has-background-dim\"><\/span><div class=\"wp-block-cover__inner-container has-global-padding is-layout-constrained wp-container-core-cover-is-layout-c8cde179 wp-block-cover-is-layout-constrained\">\n<div class=\"wp-block-columns alignwide is-layout-flex wp-container-core-columns-is-layout-28f84493 wp-block-columns-is-layout-flex\">\n<div class=\"wp-block-column is-layout-flow wp-block-column-is-layout-flow\" style=\"flex-basis:72%\">\n<h2 class=\"wp-block-heading\" style=\"padding-bottom:0px;font-size:clamp(25.014px, 1.563rem + ((1vw - 3.2px) * 1.327), 42px);font-style:normal;font-weight:700\"><strong><strong>Assurance pour animaux de compagnie<\/strong><\/strong><\/h2>\n\n\n\n<ul style=\"border-style:none;border-width:0px;margin-bottom:0px;padding-left:var(--wp--preset--spacing--30);font-size:clamp(14px, 0.875rem + ((1vw - 3.2px) * 0.313), 18px);\" class=\"wp-block-list is-style-checkmark-list\">\n<li style=\"padding-top:0;padding-bottom:0;font-size:clamp(14px, 0.875rem + ((1vw - 3.2px) * 0.313), 18px);font-style:normal;font-weight:400;line-height:1.1\">Peut renforcer la fid\u00e9lit\u00e9 avec des associ\u00e9s propri\u00e9taires d&#8217;animaux<\/li>\n\n\n\n<li style=\"padding-top:5px;padding-bottom:0;font-size:clamp(14px, 0.875rem + ((1vw - 3.2px) * 0.313), 18px);font-style:normal;font-weight:400;line-height:1.1\">Peut augmenter l&#8217;engagement des employ\u00e9s avec des avantages volontaires<\/li>\n\n\n\n<li style=\"padding-top:5px;padding-bottom:0px;font-size:clamp(14px, 0.875rem + ((1vw - 3.2px) * 0.313), 18px);font-style:normal;font-weight:400;line-height:1.1\">Aide les employ\u00e9s \u00e0 g\u00e9rer les co\u00fbts li\u00e9s \u00e0 la prise en charge de leurs animaux<\/li>\n<\/ul>\n<\/div>\n\n\n\n<div class=\"wp-block-column is-vertically-aligned-center is-layout-flow wp-block-column-is-layout-flow\" style=\"flex-basis:28%\">\n<div class=\"wp-block-buttons is-content-justification-left is-layout-flex wp-container-core-buttons-is-layout-0e5a4d8e wp-block-buttons-is-layout-flex\">\n<div class=\"wp-block-button has-custom-width wp-block-button__width-100 is-style-outline is-style-outline--3\"><a class=\"wp-block-button__link has-border-color has-custom-font-size wp-element-button\" href=\"https:\/\/[oeme_benefithub_pet_website_url]\" style=\"border-color:#FFFFFF;border-width:2px;border-radius:10px;padding-top:var(--wp--preset--spacing--20);padding-right:60px;padding-bottom:var(--wp--preset--spacing--20);padding-left:60px;font-size:clamp(14px, 0.875rem + ((1vw - 3.2px) * 0.469), 20px);line-height:1.3;text-transform:uppercase\" target=\"_blank\" rel=\"noreferrer noopener\">Contacter le fournisseur<\/a><\/div>\n<\/div>\n<\/div>\n<\/div>\n<\/div><\/div>\n\n\n\n<div class=\"wp-block-group alignfull has-global-padding is-content-justification-center is-layout-constrained wp-container-core-group-is-layout-78a873d4 wp-block-group-is-layout-constrained\" style=\"padding-top:60px;padding-bottom:60px\">\n<div class=\"wp-block-columns has-accent-3-background-color has-background is-layout-flex wp-container-core-columns-is-layout-0b25a670 wp-block-columns-is-layout-flex\" style=\"border-right-color:var(--wp--preset--color--base);margin-top:0;margin-bottom:0;padding-top:7vh;padding-right:15px;padding-bottom:7vh;padding-left:15px\">\n<div class=\"wp-block-column is-vertically-aligned-stretch is-layout-flow wp-block-column-is-layout-flow\" style=\"flex-basis:53%\">\n<div class=\"wp-block-group is-vertical is-content-justification-left is-layout-flex wp-container-core-group-is-layout-b21d21b4 wp-block-group-is-layout-flex\" style=\"min-height:100%\">\n<h2 class=\"wp-block-heading has-text-align-center has-contrast-color has-text-color has-link-color wp-elements-f070c119f37b95b1b06df11a2f7dbf5f\" style=\"padding-bottom:20px;font-size:clamp(22.041px, 1.378rem + ((1vw - 3.2px) * 1.091), 36px);font-style:normal;font-weight:700\"><strong><strong>Pattes couvertes, tranquillit\u00e9 d&#8217;esprit s\u00e9curis\u00e9e<\/strong><\/strong><\/h2>\n\n\n\n<p class=\"has-text-align-left\" style=\"font-size:clamp(14px, 0.875rem + ((1vw - 3.2px) * 0.313), 18px);font-style:normal;font-weight:400\">Prot\u00e9gez vos membres de la famille \u00e0 fourrure avec une assurance pour animaux de compagnie qui couvre les co\u00fbts v\u00e9t\u00e9rinaires impr\u00e9vus, des accidents aux maladies. Avec des plans personnalisables et des primes abordables, vous pouvez garantir leur sant\u00e9 et leur bonheur sans stress financier. Investissez dans la tranquillit\u00e9 d&#8217;esprit pour chaque remuement de queue, ronronnement et c\u00e2lin.<\/p>\n<\/div>\n<\/div>\n\n\n\n<div class=\"wp-block-column is-vertically-aligned-center is-layout-flow wp-block-column-is-layout-flow\" style=\"padding-top:0;flex-basis:47%\">\n<div class=\"wp-block-group has-border-color has-base-border-color has-global-padding is-content-justification-right is-layout-constrained wp-container-core-group-is-layout-f1f2ed93 wp-block-group-is-layout-constrained\" style=\"border-width:6px;font-size:0px;box-shadow:var(--wp--preset--shadow--natural)\"><div style=\"padding:56.25% 0 0 0;position:relative;\"><iframe src=\"https:\/\/player.vimeo.com\/video\/1188075060?h=cb4084cf93&amp;badge=0&amp;autopause=0&amp;player_id=0&amp;app_id=58479\" frameborder=\"0\" allow=\"autoplay; fullscreen; picture-in-picture; clipboard-write; encrypted-media; web-share\" referrerpolicy=\"strict-origin-when-cross-origin\" style=\"position:absolute;top:0;left:0;width:100%;height:100%;\" title=\"Employee Navigator_20260113_100052_Final_English_Video_2025\"><\/iframe><\/div><script src=\"https:\/\/player.vimeo.com\/api\/player.js\"><\/script><\/div>\n<\/div>\n<\/div>\n<\/div>\n\n\n\n<div class=\"wp-block-group alignfull has-contrast-background-color has-background has-global-padding is-layout-constrained wp-container-core-group-is-layout-6b16ff14 wp-block-group-is-layout-constrained\" style=\"padding-top:var(--wp--preset--spacing--60);padding-bottom:var(--wp--preset--spacing--60)\">\n<h2 class=\"wp-block-heading has-text-align-center has-base-color has-text-color has-link-color wp-elements-c48d081fd42c984333eeba61ad9ae174 wp-container-content-9cfa9a5a\" style=\"padding-bottom:var(--wp--preset--spacing--40);font-size:clamp(24.034px, 1.502rem + ((1vw - 3.2px) * 1.247), 40px);font-style:normal;font-weight:700\"><strong><strong><strong><strong><strong>Pourquoi<\/strong><\/strong><\/strong><\/strong><\/strong>MetLife<strong><strong><strong><strong><strong>Assurance pour animaux de compagnie ?<\/strong><\/strong><\/strong><\/strong><\/strong><\/h2>\n\n\n\n<div class=\"wp-block-columns is-layout-flex wp-container-core-columns-is-layout-28f84493 wp-block-columns-is-layout-flex\">\n<div class=\"wp-block-column is-layout-flow wp-block-column-is-layout-flow\">\n<p class=\"has-text-align-center has-base-color has-text-color has-link-color wp-elements-6350bf060c30a98b1a212e1d5e263be6\" style=\"font-size:clamp(42.068px, 2.629rem + ((1vw - 3.2px) * 2.963), 80px);font-style:normal;font-weight:100;line-height:1\">42%<\/p>\n\n\n\n<p class=\"has-text-align-center has-base-color has-text-color has-link-color wp-elements-a66ee2b3bc0e40c2a21503f7185ba2a4\" style=\"font-size:clamp(14px, 0.875rem + ((1vw - 3.2px) * 0.313), 18px);font-style:normal;font-weight:100\">des propri\u00e9taires d&#8217;animaux sont \u00e0 risque d&#8217;endettement pour une visite d&#8217;urgence chez le v\u00e9t\u00e9rinaire de 1 000 $.\u00b9<\/p>\n<\/div>\n\n\n\n<div class=\"wp-block-column is-layout-flow wp-block-column-is-layout-flow\">\n<p class=\"has-text-align-center has-base-color has-text-color has-link-color wp-elements-9fcaf4ee041e26b788b5b17c630315e5\" style=\"font-size:clamp(42.068px, 2.629rem + ((1vw - 3.2px) * 2.963), 80px);font-style:normal;font-weight:100;line-height:1\">98%<\/p>\n\n\n\n<p class=\"has-text-align-center has-base-color has-text-color has-link-color wp-elements-8c64ada80e70dcc59c533cf6f7f94da8\" style=\"font-size:clamp(14px, 0.875rem + ((1vw - 3.2px) * 0.313), 18px);font-style:normal;font-weight:100\">des propri\u00e9taires d&#8217;animaux sous-estiment le co\u00fbt de la vie d&#8217;un animal.\u00b2<\/p>\n<\/div>\n\n\n\n<div class=\"wp-block-column is-layout-flow wp-block-column-is-layout-flow\">\n<p class=\"has-text-align-center has-base-color has-text-color has-link-color wp-elements-8df171019d1eac40935149e620f595c4\" style=\"font-size:clamp(42.068px, 2.629rem + ((1vw - 3.2px) * 2.963), 80px);font-style:normal;font-weight:100;line-height:1\">88%<\/p>\n\n\n\n<p class=\"has-text-align-center has-base-color has-text-color has-link-color wp-elements-999dacecc14c53ec0c43a485dd7d940b\" style=\"font-size:clamp(14px, 0.875rem + ((1vw - 3.2px) * 0.313), 18px);font-style:normal;font-weight:100\">des Am\u00e9ricains avec une police d&#8217;assurance pour animaux de compagnie pensent que l&#8217;assurance pour animaux de compagnie en vaut le co\u00fbt.\u00b3<\/p>\n<\/div>\n<\/div>\n<\/div>\n\n\n\n<div class=\"wp-block-group alignfull has-global-padding is-layout-constrained wp-block-group-is-layout-constrained\" style=\"padding-top:var(--wp--preset--spacing--60);padding-bottom:var(--wp--preset--spacing--60)\">\n<div class=\"wp-block-group has-global-padding is-layout-constrained wp-container-core-group-is-layout-2dc3a70e wp-block-group-is-layout-constrained\">\n<h2 class=\"wp-block-heading has-text-align-center has-contrast-color has-text-color has-link-color wp-elements-33186b5b9581b4362725e8a8a20ec807 wp-container-content-9cfa9a5a\" style=\"padding-bottom:20px;font-size:clamp(22.041px, 1.378rem + ((1vw - 3.2px) * 1.091), 36px);font-style:normal;font-weight:900\"><strong><strong><strong><strong>Plans complets que vous pouvez personnaliser<\/strong><\/strong><\/strong><\/strong><\/h2>\n\n\n\n<p class=\"has-text-align-center\" style=\"font-size:clamp(14px, 0.875rem + ((1vw - 3.2px) * 0.313), 18px);\">Nos plans d&#8217;assurance sant\u00e9 pour animaux de compagnie efficaces en termes de co\u00fbts et \u00e9tendus vous aident \u00e0 vous sentir plus confiant que vos meilleurs amis peuvent obtenir les soins dont ils ont besoin pour vivre longtemps et en bonne sant\u00e9.<\/p>\n<\/div>\n\n\n\n<div class=\"wp-block-group has-global-padding is-layout-constrained wp-container-core-group-is-layout-4c27912a wp-block-group-is-layout-constrained\" style=\"padding-top:var(--wp--preset--spacing--60);padding-bottom:var(--wp--preset--spacing--50)\">\n<div class=\"wp-block-columns is-layout-flex wp-container-core-columns-is-layout-28f84493 wp-block-columns-is-layout-flex\">\n<div class=\"wp-block-column is-layout-flow wp-block-column-is-layout-flow\">\n<figure class=\"wp-block-image aligncenter size-full\"><img decoding=\"async\" src=\"https:\/\/myoeme.io\/wp-content\/uploads\/2025\/06\/tmpwdyhaj6p.webp\" alt=\"\" class=\"wp-image-328\" style=\"box-shadow:var(--wp--preset--shadow--natural)\"\/><\/figure>\n<\/div>\n\n\n\n<div class=\"wp-block-column is-layout-flow wp-block-column-is-layout-flow\">\n<figure class=\"wp-block-image aligncenter size-full\"><img decoding=\"async\" src=\"https:\/\/myoeme.io\/wp-content\/uploads\/2025\/06\/tmpe25taqv3.webp\" alt=\"\" class=\"wp-image-329\" style=\"box-shadow:var(--wp--preset--shadow--natural)\"\/><\/figure>\n<\/div>\n<\/div>\n<\/div>\n<\/div>\n","protected":false},"excerpt":{"rendered":"<p>Pattes couvertes, tranquillit\u00e9 d&#8217;esprit s\u00e9curis\u00e9e Prot\u00e9gez vos membres de la famille \u00e0 fourrure avec une assurance pour animaux de compagnie qui couvre les co\u00fbts v\u00e9t\u00e9rinaires impr\u00e9vus, des accidents aux maladies. Avec des plans personnalisables et des primes abordables, vous pouvez garantir leur sant\u00e9 et leur bonheur sans stress financier. Investissez dans la tranquillit\u00e9 d&#8217;esprit pour [&hellip;]<\/p>\n","protected":false},"author":4,"featured_media":65,"parent":22,"menu_order":16,"comment_status":"closed","ping_status":"closed","template":"page-no-title","meta":{"footnotes":""},"class_list":["post-24","page","type-page","status-publish","has-post-thumbnail","hentry"],"_links":{"self":[{"href":"https:\/\/myoeme.io\/rafteryconstructionco-fr\/wp-json\/wp\/v2\/pages\/24","targetHints":{"allow":["GET"]}}],"collection":[{"href":"https:\/\/myoeme.io\/rafteryconstructionco-fr\/wp-json\/wp\/v2\/pages"}],"about":[{"href":"https:\/\/myoeme.io\/rafteryconstructionco-fr\/wp-json\/wp\/v2\/types\/page"}],"author":[{"embeddable":true,"href":"https:\/\/myoeme.io\/rafteryconstructionco-fr\/wp-json\/wp\/v2\/users\/4"}],"replies":[{"embeddable":true,"href":"https:\/\/myoeme.io\/rafteryconstructionco-fr\/wp-json\/wp\/v2\/comments?post=24"}],"version-history":[{"count":2,"href":"https:\/\/myoeme.io\/rafteryconstructionco-fr\/wp-json\/wp\/v2\/pages\/24\/revisions"}],"predecessor-version":[{"id":174,"href":"https:\/\/myoeme.io\/rafteryconstructionco-fr\/wp-json\/wp\/v2\/pages\/24\/revisions\/174"}],"up":[{"embeddable":true,"href":"https:\/\/myoeme.io\/rafteryconstructionco-fr\/wp-json\/wp\/v2\/pages\/22"}],"wp:featuredmedia":[{"embeddable":true,"href":"https:\/\/myoeme.io\/rafteryconstructionco-fr\/wp-json\/wp\/v2\/media\/65"}],"wp:attachment":[{"href":"https:\/\/myoeme.io\/rafteryconstructionco-fr\/wp-json\/wp\/v2\/media?parent=24"}],"curies":[{"name":"wp","href":"https:\/\/api.w.org\/{rel}","templated":true}]}}