{"id":28,"date":"2026-04-30T11:02:01","date_gmt":"2026-04-30T11:02:01","guid":{"rendered":"https:\/\/myoeme.io\/rafteryconstructionco-fr\/?page_id=28"},"modified":"2026-04-30T12:45:05","modified_gmt":"2026-04-30T12:45:05","slug":"voluntary-life","status":"publish","type":"page","link":"https:\/\/myoeme.io\/rafteryconstructionco-fr\/benefits\/voluntary-life\/","title":{"rendered":"Assurance Vie Volontaire"},"content":{"rendered":"\n<div class=\"wp-block-cover alignfull disable-element-on-mobile has-aspect-ratio wp-duotone-unset-1\" style=\"padding-top:35vh;padding-bottom:65px;aspect-ratio:auto;min-height:unset;\"><img decoding=\"async\" class=\"wp-block-cover__image-background wp-image-817 size-full\" alt=\"\" src=\"https:\/\/myoeme.io\/wp-content\/uploads\/2025\/10\/ai-generated-8766698_1920-1024x429-1.jpg\" data-object-fit=\"cover\"\/><span aria-hidden=\"true\" class=\"wp-block-cover__background has-black-background-color has-background-dim-60 has-background-dim\"><\/span><div class=\"wp-block-cover__inner-container has-global-padding is-layout-constrained wp-container-core-cover-is-layout-174515c3 wp-block-cover-is-layout-constrained\">\n<div class=\"wp-block-columns alignwide is-layout-flex wp-container-core-columns-is-layout-28f84493 wp-block-columns-is-layout-flex\">\n<div class=\"wp-block-column is-layout-flow wp-block-column-is-layout-flow\" style=\"flex-basis:72%\">\n<h2 class=\"wp-block-heading\" style=\"padding-bottom:10px;font-size:clamp(25.014px, 1.563rem + ((1vw - 3.2px) * 1.327), 42px);font-style:normal;font-weight:700\"><strong><strong><strong>Vie Volontaire<\/strong>&nbsp;<strong>Assurance<\/strong><\/strong><\/strong><\/h2>\n\n\n\n<p style=\"font-size:clamp(14px, 0.875rem + ((1vw - 3.2px) * 0.313), 18px);font-style:normal;font-weight:500\">L&#8217;assurance vie volontaire vous permet de personnaliser votre couverture en fonction de vos besoins et ceux de vos proches. Contrairement \u00e0 l&#8217;assurance vie pay\u00e9e par l&#8217;employeur, cette couverture est pay\u00e9e par l&#8217;employ\u00e9, vous offrant la flexibilit\u00e9 de choisir le montant de protection qui vous convient le mieux.&nbsp;<\/p>\n<\/div>\n\n\n\n<div class=\"wp-block-column is-vertically-aligned-center is-layout-flow wp-block-column-is-layout-flow\" style=\"flex-basis:28%\"><\/div>\n<\/div>\n<\/div><\/div>\n\n\n\n<div class=\"wp-block-cover alignfull hide-on-large-devices has-aspect-ratio wp-duotone-unset-2\" style=\"padding-top:15vh;padding-bottom:var(--wp--preset--spacing--40);aspect-ratio:auto;min-height:unset;\"><img decoding=\"async\" class=\"wp-block-cover__image-background wp-image-817 size-full\" alt=\"\" src=\"https:\/\/myoeme.io\/wp-content\/uploads\/2025\/10\/ai-generated-8766698_1920-1024x429-1.jpg\" data-object-fit=\"cover\"\/><span aria-hidden=\"true\" class=\"wp-block-cover__background has-black-background-color has-background-dim-60 has-background-dim\"><\/span><div class=\"wp-block-cover__inner-container has-global-padding is-layout-constrained wp-container-core-cover-is-layout-c8cde179 wp-block-cover-is-layout-constrained\">\n<div class=\"wp-block-columns alignwide is-layout-flex wp-container-core-columns-is-layout-28f84493 wp-block-columns-is-layout-flex\">\n<div class=\"wp-block-column is-layout-flow wp-block-column-is-layout-flow\" style=\"flex-basis:72%\">\n<h2 class=\"wp-block-heading\" style=\"padding-bottom:10px;font-size:clamp(25.014px, 1.563rem + ((1vw - 3.2px) * 1.327), 42px);font-style:normal;font-weight:700\"><strong><strong><strong>Vie Volontaire<\/strong>&nbsp;<strong>Assurance<\/strong><\/strong><\/strong><\/h2>\n\n\n\n<p style=\"font-size:clamp(14px, 0.875rem + ((1vw - 3.2px) * 0.313), 18px);font-style:normal;font-weight:500\">L&#8217;assurance vie volontaire vous permet de personnaliser votre couverture en fonction de vos besoins et ceux de vos proches. Contrairement \u00e0 l&#8217;assurance vie pay\u00e9e par l&#8217;employeur, cette couverture est pay\u00e9e par l&#8217;employ\u00e9, vous offrant la flexibilit\u00e9 de choisir le montant de protection qui vous convient le mieux.&nbsp;<\/p>\n<\/div>\n<\/div>\n<\/div><\/div>\n\n\n\n<div class=\"wp-block-group alignfull has-global-padding is-content-justification-center is-layout-constrained wp-container-core-group-is-layout-f2bd6281 wp-block-group-is-layout-constrained\" style=\"padding-top:var(--wp--preset--spacing--60);padding-bottom:var(--wp--preset--spacing--60)\">\n<div class=\"wp-block-columns has-accent-3-background-color has-background is-layout-flex wp-container-core-columns-is-layout-2a4758ec wp-block-columns-is-layout-flex\" style=\"border-right-color:var(--wp--preset--color--base);margin-top:0;margin-bottom:0;padding-top:var(--wp--preset--spacing--50);padding-right:15px;padding-bottom:var(--wp--preset--spacing--50);padding-left:15px\">\n<div class=\"wp-block-column is-vertically-aligned-stretch is-layout-flow wp-block-column-is-layout-flow\" style=\"flex-basis:53%\">\n<div class=\"wp-block-group is-vertical is-content-justification-left is-layout-flex wp-container-core-group-is-layout-b21d21b4 wp-block-group-is-layout-flex\" style=\"min-height:100%\">\n<h2 class=\"wp-block-heading has-text-align-left has-contrast-color has-text-color has-link-color wp-elements-61f48b3d1b7055a7bc2d42cd22a7448c\" style=\"padding-bottom:20px;font-size:clamp(22.041px, 1.378rem + ((1vw - 3.2px) * 1.091), 36px);font-style:normal;font-weight:700\"><strong><strong><strong><strong>Couverture Flexible pour Votre Famille<\/strong>&nbsp;<\/strong><\/strong><\/strong><\/h2>\n\n\n\n<p class=\"has-text-align-left\" style=\"font-size:clamp(14px, 0.875rem + ((1vw - 3.2px) * 0.313), 18px);font-style:normal;font-weight:400\">Avec l&#8217;assurance vie volontaire, vous pouvez souvent \u00e9tendre la protection \u00e0 votre conjoint, partenaire de fait ou enfants \u00e9ligibles. Cela garantit que les personnes qui comptent le plus sont soutenues financi\u00e8rement si l&#8217;impr\u00e9vu se produit.&nbsp;<\/p>\n<\/div>\n<\/div>\n\n\n\n<div class=\"wp-block-column is-vertically-aligned-center is-layout-flow wp-block-column-is-layout-flow\" style=\"padding-top:0;flex-basis:47%\">\n<div class=\"wp-block-group has-border-color has-base-border-color has-global-padding is-content-justification-right is-layout-constrained wp-container-core-group-is-layout-f1f2ed93 wp-block-group-is-layout-constrained\" style=\"border-width:6px;font-size:0px;box-shadow:var(--wp--preset--shadow--natural)\"><div style=\"padding:56.25% 0 0 0;position:relative;\"><iframe src=\"https:\/\/player.vimeo.com\/video\/1188076345?h=84be1dd106&amp;badge=0&amp;autopause=0&amp;player_id=0&amp;app_id=58479\" frameborder=\"0\" allow=\"autoplay; fullscreen; picture-in-picture; clipboard-write; encrypted-media; web-share\" referrerpolicy=\"strict-origin-when-cross-origin\" style=\"position:absolute;top:0;left:0;width:100%;height:100%;\" title=\"Employee Navigator_20260113_100052_Final_English_Video_2025\"><\/iframe><\/div><script src=\"https:\/\/player.vimeo.com\/api\/player.js\"><\/script><\/div>\n\n\n\n<div class=\"wp-block-buttons oeme-hide-multi-lang is-content-justification-center is-layout-flex wp-container-core-buttons-is-layout-f3767f4c wp-block-buttons-is-layout-flex\" style=\"margin-top:var(--wp--preset--spacing--20)\">\n<div class=\"wp-block-button oeme-background-button\"><a class=\"wp-block-button__link has-base-color has-accent-5-background-color has-text-color has-background has-link-color has-medium-font-size has-custom-font-size wp-element-button\" href=\"https:\/\/myoeme.io\/wp-content\/uploads\/sites\/789\/2026\/04\/Benefit-Summary-Voluntary-Life-_-500k-150-GI1.pdf\" style=\"border-radius:8px;padding-top:var(--wp--preset--spacing--20);padding-right:var(--wp--preset--spacing--40);padding-bottom:var(--wp--preset--spacing--20);padding-left:var(--wp--preset--spacing--40);text-transform:capitalize\" target=\"_blank\" rel=\"noreferrer noopener\">R\u00e9sum\u00e9 des Avantages Ouvert<\/a><\/div>\n<\/div>\n<\/div>\n<\/div>\n\n\n\n<div class=\"wp-block-group has-global-padding is-layout-constrained wp-block-group-is-layout-constrained\" style=\"margin-top:var(--wp--preset--spacing--60);margin-bottom:0px;padding-top:15px;padding-bottom:15px\">\n<h2 class=\"wp-block-heading has-text-align-left has-contrast-color has-text-color has-link-color wp-elements-40c917b9e58e85638e225ce3d6c89ae6 wp-container-content-9cfa9a5a\" style=\"padding-bottom:20px;font-size:clamp(22.041px, 1.378rem + ((1vw - 3.2px) * 1.091), 36px);font-style:normal;font-weight:900\"><strong><strong><strong><strong><strong>\u00c9mission Garanti \u2013 Ne Manquez Pas Votre Chance!<\/strong>&nbsp;<\/strong><\/strong><\/strong><\/strong><\/h2>\n\n\n\n<p class=\"wp-container-content-9cfa9a5a\" style=\"padding-bottom:10px;font-size:clamp(14px, 0.875rem + ((1vw - 3.2px) * 0.313), 18px);font-style:normal;font-weight:400\">Lorsque vous devenez \u00e9ligible pour l&#8217;assurance vie volontaire, vous pouvez b\u00e9n\u00e9ficier de&nbsp;<strong>couverture d&#8217;\u00e9mission garantie<\/strong>\u2014ce qui signifie que vous pouvez obtenir une couverture&nbsp;<strong>sans examen m\u00e9dical ni questions de sant\u00e9<\/strong>, jusqu&#8217;\u00e0 un certain montant.&nbsp;<\/p>\n\n\n\n<h2 class=\"wp-block-heading has-text-align-left has-contrast-color has-text-color has-link-color wp-elements-1271c6d2ab8515833078c41a47263a90 wp-container-content-9cfa9a5a\" style=\"padding-top:20px;padding-bottom:var(--wp--preset--spacing--30);font-size:clamp(22.041px, 1.378rem + ((1vw - 3.2px) * 1.091), 36px);font-style:normal;font-weight:900\"><strong><strong><strong><strong><strong><strong><strong><strong>Pourquoi Consid\u00e9rer l&#8217;Assurance Vie Volontaire?<\/strong>&nbsp;<\/strong><\/strong><\/strong><\/strong><\/strong><\/strong><\/strong><\/h2>\n\n\n\n<p class=\"wp-container-content-9cfa9a5a\" style=\"padding-bottom:20px;font-size:clamp(14px, 0.875rem + ((1vw - 3.2px) * 0.313), 18px);font-style:normal;font-weight:400\">L&#8217;assurance vie est plus qu&#8217;un avantage\u2014c&#8217;est&nbsp;une \u00e9tape proactive pour prot\u00e9ger l&#8217;avenir financier de votre famille. Elle peut aider \u00e0 couvrir les d\u00e9penses quotidiennes, les dettes en cours, les paiements hypoth\u00e9caires et d&#8217;autres obligations financi\u00e8res, offrant \u00e0 vos proches&nbsp;stabilit\u00e9 lorsqu&#8217;ils en ont le plus besoin.&nbsp;<\/p>\n<\/div>\n<\/div>\n\n\n\n<div class=\"wp-block-cover alignfull is-light disable-element-on-mobile oeme-life-text-bg-image-cover oeme-hide-multi-lang\" style=\"padding-top:5%;padding-bottom:30%\"><img decoding=\"async\" class=\"wp-block-cover__image-background wp-image-1854 size-full\" alt=\"\" src=\"https:\/\/myoeme.io\/wp-content\/uploads\/2025\/12\/life.png\" data-object-fit=\"cover\"\/><span aria-hidden=\"true\" class=\"wp-block-cover__background has-background-dim-0 has-background-dim\" style=\"background-color:#af9f94\"><\/span><div class=\"wp-block-cover__inner-container has-global-padding is-layout-constrained wp-block-cover-is-layout-constrained\">\n<div class=\"wp-block-group has-global-padding is-content-justification-left is-layout-constrained wp-container-core-group-is-layout-b2fbbe61 wp-block-group-is-layout-constrained\">\n<h3 class=\"wp-block-heading has-medium-font-size\" style=\"font-style:normal;font-weight:700\">VOUS N&#8217;\u00caTES PAS SEUL<\/h3>\n\n\n\n<p style=\"font-size:clamp(17.371px, 1.086rem + ((1vw - 3.2px) * 0.752), 27px);font-style:normal;font-weight:800\">63% des employ\u00e9s s&#8217;inqui\u00e8tent de la s\u00e9curit\u00e9 financi\u00e8re de leurs proches en cas de d\u00e9c\u00e8s pr\u00e9matur\u00e9.<\/p>\n<\/div>\n<\/div><\/div>\n\n\n\n<div class=\"wp-block-cover alignfull is-light hide-on-large-devices oeme-life-text-bg-image-cover oeme-hide-multi-lang\" style=\"padding-top:7%;padding-bottom:33%;min-height:100px;aspect-ratio:unset;\"><img decoding=\"async\" class=\"wp-block-cover__image-background wp-image-1877 size-full\" alt=\"\" src=\"https:\/\/myoeme.io\/wp-content\/uploads\/2025\/12\/life-2.png\" data-object-fit=\"cover\"\/><span aria-hidden=\"true\" class=\"wp-block-cover__background has-background-dim-0 has-background-dim\" style=\"background-color:#b1a296\"><\/span><div class=\"wp-block-cover__inner-container has-global-padding is-layout-constrained wp-block-cover-is-layout-constrained\">\n<div class=\"wp-block-group has-global-padding is-content-justification-left is-layout-constrained wp-container-core-group-is-layout-22274c6b wp-block-group-is-layout-constrained\">\n<h3 class=\"wp-block-heading has-medium-font-size\" style=\"font-style:normal;font-weight:700\">VOUS N&#8217;\u00caTES PAS SEUL<\/h3>\n\n\n\n<p style=\"font-size:clamp(14px, 0.875rem + ((1vw - 3.2px) * 0.156), 16px);font-style:normal;font-weight:800\">63% des employ\u00e9s s&#8217;inqui\u00e8tent de la s\u00e9curit\u00e9 financi\u00e8re de leurs proches en cas de d\u00e9c\u00e8s pr\u00e9matur\u00e9.<\/p>\n<\/div>\n<\/div><\/div>\n","protected":false},"excerpt":{"rendered":"<p>Couverture Flexible pour Votre Famille&nbsp; Avec l&#8217;assurance vie volontaire, vous pouvez souvent \u00e9tendre la protection \u00e0 votre conjoint, partenaire de fait ou enfants \u00e9ligibles. Cela garantit que les personnes qui comptent le plus sont soutenues financi\u00e8rement si l&#8217;impr\u00e9vu se produit.&nbsp; \u00c9mission Garanti \u2013 Ne Manquez Pas Votre Chance!&nbsp; Lorsque vous devenez \u00e9ligible pour l&#8217;assurance vie [&hellip;]<\/p>\n","protected":false},"author":4,"featured_media":69,"parent":22,"menu_order":5,"comment_status":"closed","ping_status":"closed","template":"page-no-title","meta":{"footnotes":""},"class_list":["post-28","page","type-page","status-publish","has-post-thumbnail","hentry"],"_links":{"self":[{"href":"https:\/\/myoeme.io\/rafteryconstructionco-fr\/wp-json\/wp\/v2\/pages\/28","targetHints":{"allow":["GET"]}}],"collection":[{"href":"https:\/\/myoeme.io\/rafteryconstructionco-fr\/wp-json\/wp\/v2\/pages"}],"about":[{"href":"https:\/\/myoeme.io\/rafteryconstructionco-fr\/wp-json\/wp\/v2\/types\/page"}],"author":[{"embeddable":true,"href":"https:\/\/myoeme.io\/rafteryconstructionco-fr\/wp-json\/wp\/v2\/users\/4"}],"replies":[{"embeddable":true,"href":"https:\/\/myoeme.io\/rafteryconstructionco-fr\/wp-json\/wp\/v2\/comments?post=28"}],"version-history":[{"count":3,"href":"https:\/\/myoeme.io\/rafteryconstructionco-fr\/wp-json\/wp\/v2\/pages\/28\/revisions"}],"predecessor-version":[{"id":180,"href":"https:\/\/myoeme.io\/rafteryconstructionco-fr\/wp-json\/wp\/v2\/pages\/28\/revisions\/180"}],"up":[{"embeddable":true,"href":"https:\/\/myoeme.io\/rafteryconstructionco-fr\/wp-json\/wp\/v2\/pages\/22"}],"wp:featuredmedia":[{"embeddable":true,"href":"https:\/\/myoeme.io\/rafteryconstructionco-fr\/wp-json\/wp\/v2\/media\/69"}],"wp:attachment":[{"href":"https:\/\/myoeme.io\/rafteryconstructionco-fr\/wp-json\/wp\/v2\/media?parent=28"}],"curies":[{"name":"wp","href":"https:\/\/api.w.org\/{rel}","templated":true}]}}