{"id":29,"date":"2026-04-30T11:02:01","date_gmt":"2026-04-30T11:02:01","guid":{"rendered":"https:\/\/myoeme.io\/rafteryconstructionco-fr\/?page_id=29"},"modified":"2026-04-30T12:45:05","modified_gmt":"2026-04-30T12:45:05","slug":"vision-insurance","status":"publish","type":"page","link":"https:\/\/myoeme.io\/rafteryconstructionco-fr\/benefits\/vision-insurance\/","title":{"rendered":"Vision"},"content":{"rendered":"\n<div class=\"wp-block-cover alignfull disable-element-on-mobile has-aspect-ratio wp-duotone-unset-2\" style=\"padding-top:35vh;padding-bottom:65px;aspect-ratio:auto;min-height:unset;\"><img decoding=\"async\" class=\"wp-block-cover__image-background wp-image-210 size-large\" alt=\"\" src=\"https:\/\/myoeme.io\/wp-content\/uploads\/2025\/06\/tmp7yz9k9dv-1024x682.webp\" data-object-fit=\"cover\"\/><span aria-hidden=\"true\" class=\"wp-block-cover__background has-black-background-color has-background-dim-60 has-background-dim\"><\/span><div class=\"wp-block-cover__inner-container has-global-padding is-layout-constrained wp-container-core-cover-is-layout-174515c3 wp-block-cover-is-layout-constrained\">\n<div class=\"wp-block-columns alignwide is-layout-flex wp-container-core-columns-is-layout-28f84493 wp-block-columns-is-layout-flex\">\n<div class=\"wp-block-column is-layout-flow wp-block-column-is-layout-flow\" style=\"flex-basis:72%\">\n<h2 class=\"wp-block-heading\" style=\"padding-bottom:32px;font-size:clamp(25.014px, 1.563rem + ((1vw - 3.2px) * 1.327), 42px);font-style:normal;font-weight:800\">Assurance Vision<\/h2>\n\n\n\n<p style=\"font-size:clamp(14px, 0.875rem + ((1vw - 3.2px) * 0.313), 18px);font-style:normal;font-weight:500\">Aidez \u00e0 prendre soin de la vue de votre famille tout en \u00e9conomisant sur les d\u00e9penses de votre poche avec les options d&#8217;assurance vision de MetLife.<\/p>\n<\/div>\n\n\n\n<div class=\"wp-block-column is-vertically-aligned-center is-layout-flow wp-block-column-is-layout-flow\" style=\"flex-basis:28%\">\n<div class=\"wp-block-buttons is-content-justification-left is-layout-flex wp-container-core-buttons-is-layout-0e5a4d8e wp-block-buttons-is-layout-flex\">\n<div class=\"wp-block-button has-custom-width wp-block-button__width-100 is-style-outline is-style-outline--1\"><a class=\"wp-block-button__link has-border-color has-custom-font-size wp-element-button\" href=\"https:\/\/mymetlifevision.com\/find-provider-location-internal.html\" style=\"border-color:#FFFFFF;border-width:2px;border-radius:10px;padding-top:var(--wp--preset--spacing--20);padding-right:60px;padding-bottom:var(--wp--preset--spacing--20);padding-left:60px;font-size:clamp(14px, 0.875rem + ((1vw - 3.2px) * 0.469), 20px);line-height:1.3;text-transform:uppercase\" target=\"_blank\" rel=\"noreferrer noopener\">Trouvez un Fournisseur<\/a><\/div>\n<\/div>\n<\/div>\n<\/div>\n<\/div><\/div>\n\n\n\n<div class=\"wp-block-cover alignfull hide-on-large-devices has-aspect-ratio wp-duotone-unset-4\" style=\"padding-top:15vh;padding-bottom:var(--wp--preset--spacing--40);aspect-ratio:auto;min-height:unset;\"><img decoding=\"async\" class=\"wp-block-cover__image-background wp-image-210 size-large\" alt=\"\" src=\"https:\/\/myoeme.io\/wp-content\/uploads\/2025\/06\/tmp7yz9k9dv-1024x682.webp\" style=\"object-position:43% 47%\" data-object-fit=\"cover\" data-object-position=\"43% 47%\"\/><span aria-hidden=\"true\" class=\"wp-block-cover__background has-black-background-color has-background-dim-60 has-background-dim\"><\/span><div class=\"wp-block-cover__inner-container has-global-padding is-layout-constrained wp-container-core-cover-is-layout-c8cde179 wp-block-cover-is-layout-constrained\">\n<div class=\"wp-block-columns alignwide is-layout-flex wp-container-core-columns-is-layout-5c8fb865 wp-block-columns-is-layout-flex\">\n<div class=\"wp-block-column is-layout-flow wp-container-core-column-is-layout-22223934 wp-block-column-is-layout-flow\" style=\"flex-basis:72%\">\n<h2 class=\"wp-block-heading\" style=\"padding-bottom:0;font-size:clamp(25.014px, 1.563rem + ((1vw - 3.2px) * 1.327), 42px);font-style:normal;font-weight:800\">Assurance Vision<\/h2>\n\n\n\n<p style=\"font-size:clamp(14px, 0.875rem + ((1vw - 3.2px) * 0.313), 18px);font-style:normal;font-weight:500\">Aidez \u00e0 prendre soin de la vue de votre famille tout en \u00e9conomisant sur les d\u00e9penses de votre poche avec les options d&#8217;assurance vision de MetLife.<\/p>\n<\/div>\n\n\n\n<div class=\"wp-block-column is-vertically-aligned-center is-layout-flow wp-block-column-is-layout-flow\" style=\"flex-basis:28%\">\n<div class=\"wp-block-buttons is-content-justification-left is-layout-flex wp-container-core-buttons-is-layout-0e5a4d8e wp-block-buttons-is-layout-flex\">\n<div class=\"wp-block-button has-custom-width wp-block-button__width-100 is-style-outline is-style-outline--3\"><a class=\"wp-block-button__link has-border-color has-custom-font-size wp-element-button\" href=\"https:\/\/mymetlifevision.com\/find-provider-location-internal.html\" style=\"border-color:#FFFFFF;border-width:2px;border-radius:10px;padding-top:var(--wp--preset--spacing--20);padding-right:60px;padding-bottom:var(--wp--preset--spacing--20);padding-left:60px;font-size:clamp(14px, 0.875rem + ((1vw - 3.2px) * 0.469), 20px);line-height:1.3;text-transform:uppercase\" target=\"_blank\" rel=\"noreferrer noopener\">Trouvez un Fournisseur<\/a><\/div>\n<\/div>\n<\/div>\n<\/div>\n<\/div><\/div>\n\n\n\n<div class=\"wp-block-group has-global-padding is-content-justification-center is-layout-constrained wp-container-core-group-is-layout-f2bd6281 wp-block-group-is-layout-constrained\" style=\"padding-top:var(--wp--preset--spacing--60);padding-bottom:var(--wp--preset--spacing--60)\">\n<div class=\"wp-block-columns has-accent-3-background-color has-background is-layout-flex wp-container-core-columns-is-layout-2a4758ec wp-block-columns-is-layout-flex\" style=\"border-right-color:var(--wp--preset--color--base);margin-top:0;margin-bottom:0;padding-top:var(--wp--preset--spacing--50);padding-right:15px;padding-bottom:var(--wp--preset--spacing--50);padding-left:15px\">\n<div class=\"wp-block-column is-vertically-aligned-stretch is-layout-flow wp-block-column-is-layout-flow\" style=\"flex-basis:53%\">\n<div class=\"wp-block-group is-vertical is-content-justification-left is-layout-flex wp-container-core-group-is-layout-b21d21b4 wp-block-group-is-layout-flex\" style=\"min-height:100%\">\n<h2 class=\"wp-block-heading has-text-align-left has-contrast-color has-text-color has-link-color wp-elements-215d8f6c49e96319935c6f1cabac8652\" style=\"padding-bottom:20px;font-size:clamp(22.041px, 1.378rem + ((1vw - 3.2px) * 1.091), 36px);font-style:normal;font-weight:700\">Aidez \u00e0 prendre soin de votre Vision<\/h2>\n\n\n\n<p class=\"has-text-align-left\" style=\"font-size:clamp(14px, 0.875rem + ((1vw - 3.2px) * 0.313), 18px);font-style:normal;font-weight:400\">Des examens aux montures, en passant par les lentilles et les ajustements, l&#8217;assurance vision peut aider \u00e0 r\u00e9duire vos co\u00fbts de soins oculaires et \u00e0 garder votre vision en \u00e9tat.<\/p>\n<\/div>\n<\/div>\n\n\n\n<div class=\"wp-block-column is-vertically-aligned-center is-layout-flow wp-block-column-is-layout-flow\" style=\"padding-top:0;flex-basis:47%\">\n<div class=\"wp-block-group has-border-color has-base-border-color has-global-padding is-content-justification-right is-layout-constrained wp-container-core-group-is-layout-f1f2ed93 wp-block-group-is-layout-constrained\" style=\"border-width:6px;font-size:0px;box-shadow:var(--wp--preset--shadow--natural)\"><div style=\"padding:56.25% 0 0 0;position:relative;\"><iframe src=\"https:\/\/player.vimeo.com\/video\/1188075873?h=c4ce65f46e&amp;badge=0&amp;autopause=0&amp;player_id=0&amp;app_id=58479\" frameborder=\"0\" allow=\"autoplay; fullscreen; picture-in-picture; clipboard-write; encrypted-media; web-share\" referrerpolicy=\"strict-origin-when-cross-origin\" style=\"position:absolute;top:0;left:0;width:100%;height:100%;\" title=\"Employee Navigator_20260113_100052_Final_English_Video_2025\"><\/iframe><\/div><script src=\"https:\/\/player.vimeo.com\/api\/player.js\"><\/script><\/div>\n\n\n\n<div class=\"wp-block-buttons oeme-hide-multi-lang is-content-justification-center is-layout-flex wp-container-core-buttons-is-layout-f3767f4c wp-block-buttons-is-layout-flex\" style=\"margin-top:var(--wp--preset--spacing--20)\">\n<div class=\"wp-block-button oeme-background-button\"><a class=\"wp-block-button__link has-base-color has-accent-5-background-color has-text-color has-background has-link-color has-medium-font-size has-custom-font-size wp-element-button\" href=\"https:\/\/myoeme.io\/wp-content\/uploads\/sites\/789\/2026\/04\/Benefit-Summary-MetLife-Vision-12-12-12-130.docx\" style=\"border-radius:8px;padding-top:var(--wp--preset--spacing--20);padding-right:var(--wp--preset--spacing--40);padding-bottom:var(--wp--preset--spacing--20);padding-left:var(--wp--preset--spacing--40);text-transform:capitalize\" target=\"_blank\" rel=\"noreferrer noopener\">Ouvrir le R\u00e9sum\u00e9 des Avantages<\/a><\/div>\n<\/div>\n<\/div>\n<\/div>\n<\/div>\n\n\n\n<div class=\"wp-block-group has-base-background-color has-background has-global-padding is-layout-constrained wp-container-core-group-is-layout-7c9c40fa wp-block-group-is-layout-constrained\" style=\"padding-top:var(--wp--preset--spacing--30);padding-bottom:var(--wp--preset--spacing--20)\">\n<h2 class=\"wp-block-heading has-text-align-left has-contrast-color has-text-color has-link-color wp-elements-900988d471ee6d511984dc4577effee8 wp-container-content-9cfa9a5a\" style=\"padding-bottom:20px;font-size:clamp(22.041px, 1.378rem + ((1vw - 3.2px) * 1.091), 36px);font-style:normal;font-weight:900\">R\u00e9seaux de Fournisseurs de Vision de MetLife<\/h2>\n\n\n\n<p class=\"has-contrast-color has-text-color has-link-color wp-elements-09f24559f2716bf96cac03b33abd3141 wp-container-content-9cfa9a5a\" style=\"font-size:clamp(14px, 0.875rem + ((1vw - 3.2px) * 0.313), 18px);font-style:normal;font-weight:400\">Les r\u00e9seaux de fournisseurs de vision de MetLife comprennent des milliers d&#8217;optom\u00e9tristes et d&#8217;ophtalmologistes certifi\u00e9s professionnellement qui offrent des examens de vision complets et des moyens d&#8217;acheter des lunettes ou des lentilles en cabinet. Vous avez la libert\u00e9 de choisir parmi des fournisseurs de vision dans et hors du r\u00e9seau.<\/p>\n<\/div>\n\n\n\n<div class=\"wp-block-group has-global-padding is-layout-constrained wp-container-core-group-is-layout-e1257785 wp-block-group-is-layout-constrained\" style=\"margin-top:0vh;padding-top:var(--wp--preset--spacing--60);padding-bottom:var(--wp--preset--spacing--60)\">\n<div class=\"wp-block-group has-global-padding is-layout-constrained wp-block-group-is-layout-constrained\" style=\"padding-top:0;padding-bottom:25px\">\n<div class=\"wp-block-columns are-vertically-aligned-center is-layout-flex wp-container-core-columns-is-layout-17fc1b09 wp-block-columns-is-layout-flex\">\n<div class=\"wp-block-column is-vertically-aligned-center is-layout-flow wp-block-column-is-layout-flow\">\n<h2 class=\"wp-block-heading has-text-align-left has-contrast-color has-text-color has-link-color wp-elements-859b123938734dfa86d21abad2823192\" style=\"padding-right:var(--wp--preset--spacing--20);padding-bottom:0;font-size:clamp(22.041px, 1.378rem + ((1vw - 3.2px) * 1.091), 36px);font-style:normal;font-weight:900\">Besoin d&#8217;Aide ?<\/h2>\n<\/div>\n\n\n\n<div class=\"wp-block-column is-vertically-aligned-center is-layout-flow wp-block-column-is-layout-flow\" style=\"flex-basis:75%\">\n<p class=\"wp-container-content-47197e2f\" style=\"font-size:clamp(14px, 0.875rem + ((1vw - 3.2px) * 0.313), 18px);font-style:normal;font-weight:400\">Connectez-vous pour g\u00e9rer votre compte MetLife ou pour acc\u00e9der aux formulaires de r\u00e9clamation et \u00e0 des ressources suppl\u00e9mentaires.<\/p>\n<\/div>\n<\/div>\n<\/div>\n\n\n\n<div class=\"wp-block-columns is-layout-flex wp-container-core-columns-is-layout-ea69a204 wp-block-columns-is-layout-flex\">\n<div class=\"wp-block-column is-style-default has-accent-3-background-color has-background is-layout-flow wp-block-column-is-layout-flow\" style=\"padding-top:35px;padding-right:35px;padding-bottom:35px;padding-left:35px;font-size:clamp(15.747px, 0.984rem + ((1vw - 3.2px) * 0.645), 24px);font-style:normal;font-weight:400\">\n<figure class=\"wp-block-image aligncenter size-full is-resized\" style=\"margin-bottom:10px\"><a href=\"https:\/\/metlife.com\/mybenefits\" target=\"_blank\" rel=\" noreferrer noopener\"><img decoding=\"async\" src=\"https:\/\/myoeme.io\/wp-content\/uploads\/2025\/06\/tmpy58pjjrh.webp\" alt=\"\" class=\"wp-image-476\" style=\"object-fit:cover;width:60px;height:60px\"\/><\/a><\/figure>\n\n\n\n<p class=\"has-text-align-center\" style=\"text-decoration:none\"><a href=\"https:\/\/metlife.com\/mybenefits\" data-type=\"page\" data-id=\"63\" target=\"_blank\" rel=\"noreferrer noopener\">Connectez-vous \u00e0 Vos Avantages Vision<\/a><\/p>\n<\/div>\n\n\n\n<div class=\"wp-block-column is-style-default has-accent-3-background-color has-background is-layout-flow wp-block-column-is-layout-flow\" style=\"padding-top:35px;padding-right:35px;padding-bottom:35px;padding-left:35px;font-size:clamp(15.747px, 0.984rem + ((1vw - 3.2px) * 0.645), 24px);font-style:normal;font-weight:400\">\n<figure class=\"wp-block-image aligncenter size-full is-resized\" style=\"margin-bottom:10px\"><a href=\"https:\/\/mymetlifevision.com\/find-provider-location-internal.html\" target=\"_blank\" rel=\" noreferrer noopener\"><img decoding=\"async\" src=\"https:\/\/myoeme.io\/wp-content\/uploads\/2025\/06\/tmpeayq3hb5-1.webp\" alt=\"\" class=\"wp-image-477\" style=\"object-fit:cover;width:60px;height:60px\"\/><\/a><\/figure>\n\n\n\n<p class=\"has-text-align-center\"><a href=\"https:\/\/mymetlifevision.com\/find-provider-location-internal.html\" data-type=\"page\" data-id=\"63\" target=\"_blank\" rel=\"noreferrer noopener\">Trouvez un Ophtalmologiste<\/a><\/p>\n<\/div>\n<\/div>\n<\/div>\n\n\n\n<div class=\"wp-block-group alignfull has-accent-3-background-color has-background has-global-padding is-layout-constrained wp-container-core-group-is-layout-6b16ff14 wp-block-group-is-layout-constrained\" style=\"padding-top:var(--wp--preset--spacing--60);padding-bottom:var(--wp--preset--spacing--60)\">\n<p class=\"has-contrast-color has-text-color has-link-color wp-elements-f258c17a262722e0a1f9148c3ea5db0c wp-container-content-9cfa9a5a\" style=\"padding-bottom:20px;font-size:clamp(14px, 0.875rem + ((1vw - 3.2px) * 0.391), 19px);font-style:normal;font-weight:500\">Obtenez des Examens Oculaires Annuels<\/p>\n\n\n\n<h2 class=\"wp-block-heading has-text-align-left has-contrast-color has-text-color has-link-color wp-elements-5c2be7f3cbc5afdd56d3dc096b4cb9c2 wp-container-content-9cfa9a5a\" style=\"padding-bottom:20px;font-size:clamp(24.034px, 1.502rem + ((1vw - 3.2px) * 1.247), 40px);font-style:normal;font-weight:700\"><strong><strong><strong><strong>Les examens de vision de routine peuvent \u00eatre utiles pour la vue et la sant\u00e9 g\u00e9n\u00e9rale de tous les membres de votre famille. Saviez-vous que vous pouvez \u00e9conomiser sur les services de vision et les lunettes, y compris les examens et \u00e9valuations annuels ? Choisissez parmi des fournisseurs de vision pr\u00e8s de chez vous.<\/strong><\/strong><\/strong><\/strong><\/h2>\n<\/div>\n","protected":false},"excerpt":{"rendered":"<p>Aidez \u00e0 prendre soin de votre Vision Des examens aux montures, en passant par les lentilles et les ajustements, l&#8217;assurance vision peut aider \u00e0 r\u00e9duire vos co\u00fbts de soins oculaires et \u00e0 garder votre vision en \u00e9tat. R\u00e9seaux de Fournisseurs de Vision de MetLife Les r\u00e9seaux de fournisseurs de vision de MetLife comprennent des milliers [&hellip;]<\/p>\n","protected":false},"author":4,"featured_media":70,"parent":22,"menu_order":3,"comment_status":"closed","ping_status":"closed","template":"page-no-title","meta":{"footnotes":""},"class_list":["post-29","page","type-page","status-publish","has-post-thumbnail","hentry"],"_links":{"self":[{"href":"https:\/\/myoeme.io\/rafteryconstructionco-fr\/wp-json\/wp\/v2\/pages\/29","targetHints":{"allow":["GET"]}}],"collection":[{"href":"https:\/\/myoeme.io\/rafteryconstructionco-fr\/wp-json\/wp\/v2\/pages"}],"about":[{"href":"https:\/\/myoeme.io\/rafteryconstructionco-fr\/wp-json\/wp\/v2\/types\/page"}],"author":[{"embeddable":true,"href":"https:\/\/myoeme.io\/rafteryconstructionco-fr\/wp-json\/wp\/v2\/users\/4"}],"replies":[{"embeddable":true,"href":"https:\/\/myoeme.io\/rafteryconstructionco-fr\/wp-json\/wp\/v2\/comments?post=29"}],"version-history":[{"count":6,"href":"https:\/\/myoeme.io\/rafteryconstructionco-fr\/wp-json\/wp\/v2\/pages\/29\/revisions"}],"predecessor-version":[{"id":178,"href":"https:\/\/myoeme.io\/rafteryconstructionco-fr\/wp-json\/wp\/v2\/pages\/29\/revisions\/178"}],"up":[{"embeddable":true,"href":"https:\/\/myoeme.io\/rafteryconstructionco-fr\/wp-json\/wp\/v2\/pages\/22"}],"wp:featuredmedia":[{"embeddable":true,"href":"https:\/\/myoeme.io\/rafteryconstructionco-fr\/wp-json\/wp\/v2\/media\/70"}],"wp:attachment":[{"href":"https:\/\/myoeme.io\/rafteryconstructionco-fr\/wp-json\/wp\/v2\/media?parent=29"}],"curies":[{"name":"wp","href":"https:\/\/api.w.org\/{rel}","templated":true}]}}