{"id":11,"date":"2025-11-07T21:38:34","date_gmt":"2025-11-07T21:38:34","guid":{"rendered":"https:\/\/myoeme.io\/robertferrilli-es\/?page_id=11"},"modified":"2025-11-09T13:13:12","modified_gmt":"2025-11-09T13:13:12","slug":"legal","status":"publish","type":"page","link":"https:\/\/myoeme.io\/robertferrilli-es\/benefits\/legal\/","title":{"rendered":"Servicios Legales"},"content":{"rendered":"\n<div class=\"wp-block-cover alignfull disable-element-on-mobile has-aspect-ratio wp-duotone-unset-1\" style=\"padding-top:35vh;padding-bottom:65px;aspect-ratio:auto;min-height:unset;\"><img decoding=\"async\" class=\"wp-block-cover__image-background wp-image-414 size-large\" alt=\"\" src=\"https:\/\/myoeme.io\/spanish-en\/wp-content\/uploads\/sites\/185\/2025\/10\/pexels-ekaterina-bolovtsova-6077447-1024x683.jpg\" style=\"object-position:52% 83%\" data-object-fit=\"cover\" data-object-position=\"52% 83%\"\/><span aria-hidden=\"true\" class=\"wp-block-cover__background has-black-background-color has-background-dim-70 has-background-dim\"><\/span><div class=\"wp-block-cover__inner-container has-global-padding is-layout-constrained wp-container-core-cover-is-layout-174515c3 wp-block-cover-is-layout-constrained\">\n<div class=\"wp-block-columns alignwide is-layout-flex wp-container-core-columns-is-layout-28f84493 wp-block-columns-is-layout-flex\">\n<div class=\"wp-block-column is-layout-flow wp-block-column-is-layout-flow\" style=\"flex-basis:72%\">\n<h2 class=\"wp-block-heading\" style=\"padding-bottom:10px;font-size:clamp(25.014px, 1.563rem + ((1vw - 3.2px) * 1.327), 42px);font-style:normal;font-weight:700\">Servicios Legales<\/h2>\n<\/div>\n\n\n\n<div class=\"wp-block-column is-vertically-aligned-center is-layout-flow wp-block-column-is-layout-flow\" style=\"flex-basis:28%\"><\/div>\n<\/div>\n<\/div><\/div>\n\n\n\n<div class=\"wp-block-cover alignfull hide-on-large-devices has-aspect-ratio wp-duotone-unset-2\" style=\"padding-top:15vh;padding-bottom:var(--wp--preset--spacing--40);aspect-ratio:auto;min-height:unset;\"><img decoding=\"async\" class=\"wp-block-cover__image-background wp-image-414 size-large\" alt=\"\" src=\"https:\/\/myoeme.io\/spanish-en\/wp-content\/uploads\/sites\/185\/2025\/10\/pexels-ekaterina-bolovtsova-6077447-1024x683.jpg\" style=\"object-position:58% 72%\" data-object-fit=\"cover\" data-object-position=\"58% 72%\"\/><span aria-hidden=\"true\" class=\"wp-block-cover__background has-black-background-color has-background-dim-70 has-background-dim\"><\/span><div class=\"wp-block-cover__inner-container has-global-padding is-layout-constrained wp-container-core-cover-is-layout-c8cde179 wp-block-cover-is-layout-constrained\">\n<div class=\"wp-block-columns alignwide is-layout-flex wp-container-core-columns-is-layout-28f84493 wp-block-columns-is-layout-flex\">\n<div class=\"wp-block-column is-layout-flow wp-block-column-is-layout-flow\" style=\"flex-basis:72%\">\n<h2 class=\"wp-block-heading\" style=\"padding-bottom:10px;font-size:clamp(25.014px, 1.563rem + ((1vw - 3.2px) * 1.327), 42px);font-style:normal;font-weight:700\">Servicios Legales<\/h2>\n<\/div>\n<\/div>\n<\/div><\/div>\n\n\n\n<div class=\"wp-block-group alignfull has-global-padding is-content-justification-center is-layout-constrained wp-container-core-group-is-layout-f2bd6281 wp-block-group-is-layout-constrained\" style=\"padding-top:var(--wp--preset--spacing--60);padding-bottom:var(--wp--preset--spacing--60)\">\n<div class=\"wp-block-columns has-accent-3-background-color has-background is-layout-flex wp-container-core-columns-is-layout-45b9a720 wp-block-columns-is-layout-flex\" style=\"border-right-color:var(--wp--preset--color--base);margin-top:0;margin-bottom:0;padding-top:7vh;padding-right:15px;padding-bottom:7vh;padding-left:15px\">\n<div class=\"wp-block-column is-vertically-aligned-stretch is-layout-flow wp-block-column-is-layout-flow\" style=\"flex-basis:53%\">\n<div class=\"wp-block-group is-vertical is-content-justification-left is-layout-flex wp-container-core-group-is-layout-b21d21b4 wp-block-group-is-layout-flex\" style=\"min-height:100%\">\n<h2 class=\"wp-block-heading has-text-align-left has-contrast-color has-text-color has-link-color wp-elements-65260e89e236b92fc8554da62f50ca3d\" style=\"padding-bottom:20px;font-size:clamp(22.041px, 1.378rem + ((1vw - 3.2px) * 1.091), 36px);font-style:normal;font-weight:700\">Asistencia legal cotidiana, cuando m\u00e1s la necesitas<\/h2>\n\n\n\n<p class=\"has-text-align-left\" style=\"padding-bottom:var(--wp--preset--spacing--20);font-size:clamp(14px, 0.875rem + ((1vw - 3.2px) * 0.313), 18px);font-style:normal;font-weight:400\">Los problemas legales pueden ser estresantes \u2014 y costosos \u2014 pero no tienen por qu\u00e9 serlo.<\/p>\n\n\n\n<p class=\"has-text-align-left\" style=\"padding-bottom:var(--wp--preset--spacing--20);font-size:clamp(14px, 0.875rem + ((1vw - 3.2px) * 0.313), 18px);font-style:normal;font-weight:400\">Tu <strong>beneficio de Servicios Legales<\/strong> te brinda <strong>acceso asequible a abogados con licencia<\/strong> que pueden ayudarte con los asuntos legales m\u00e1s comunes de la vida, grandes o peque\u00f1os.<\/p>\n\n\n\n<p class=\"has-text-align-left\" style=\"font-size:clamp(14px, 0.875rem + ((1vw - 3.2px) * 0.313), 18px);font-style:normal;font-weight:400\">Desde revisar un contrato de arrendamiento o redactar un testamento hasta manejar multas de tr\u00e1nsito o la recuperaci\u00f3n de identidad robada, este beneficio te ayuda a obtener asesoramiento y representaci\u00f3n de confianza <strong>sin el alto costo por hora.<\/strong><\/p>\n<\/div>\n<\/div>\n\n\n\n<div class=\"wp-block-column is-vertically-aligned-center is-layout-flow wp-block-column-is-layout-flow\" style=\"padding-top:0;flex-basis:47%\">\n<div class=\"wp-block-group has-border-color has-base-border-color has-global-padding is-content-justification-right is-layout-constrained wp-container-core-group-is-layout-f1f2ed93 wp-block-group-is-layout-constrained\" style=\"border-width:6px;font-size:0px;box-shadow:var(--wp--preset--shadow--natural)\">\n<script src=\"https:\/\/cdn.jsdelivr.net\/npm\/@mux\/mux-player\"><\/script>\n<mux-player\n  playback-id=\"YHKgLHqwCq00VffUe00d49bF11v3NgQCbQ01EBKUWUEJAc\"\nposter=\"https:\/\/myoeme.io\/wp-content\/uploads\/sites\/401\/2025\/11\/gradient-background-1762551338.png\"\n  metadata-viewer-user-id=\"Placeholder (optional)\"\n><\/mux-player>\n<\/div>\n<\/div>\n<\/div>\n\n\n\n<div class=\"wp-block-group has-global-padding is-layout-constrained wp-block-group-is-layout-constrained\" style=\"margin-top:var(--wp--preset--spacing--60);margin-bottom:0px;padding-top:15px;padding-bottom:15px\">\n<h2 class=\"wp-block-heading has-text-align-left has-contrast-color has-text-color has-link-color wp-elements-ce14219d7774f868d02ba4cb6802a7aa wp-container-content-9cfa9a5a\" style=\"padding-top:20px;padding-bottom:var(--wp--preset--spacing--30);font-size:clamp(22.041px, 1.378rem + ((1vw - 3.2px) * 1.091), 36px);font-style:normal;font-weight:900\"><strong><strong><strong>Qu\u00e9 incluye<\/strong><\/strong><\/strong><\/h2>\n\n\n\n<p class=\"has-text-align-left\" style=\"padding-bottom:var(--wp--preset--spacing--20);font-size:clamp(14px, 0.875rem + ((1vw - 3.2px) * 0.313), 18px);font-style:normal;font-weight:400\">Seg\u00fan tu plan, los servicios legales pueden cubrir:<\/p>\n\n\n\n<ul style=\"padding-bottom:var(--wp--preset--spacing--20);padding-left:var(--wp--preset--spacing--30);font-size:clamp(14px, 0.875rem + ((1vw - 3.2px) * 0.313), 18px);\" class=\"wp-block-list is-style-checkmark-list\">\n<li>Testamentos y planificaci\u00f3n patrimonial<\/li>\n\n\n\n<li>Problemas entre arrendadores e inquilinos<\/li>\n\n\n\n<li>Asuntos familiares como divorcio, adopci\u00f3n o manutenci\u00f3n de hijos<\/li>\n\n\n\n<li>Transacciones inmobiliarias y compras de vivienda<\/li>\n\n\n\n<li>Infracciones de tr\u00e1fico y de movimiento<\/li>\n\n\n\n<li>Cobro de deudas o disputas financieras<\/li>\n\n\n\n<li>Robo de identidad y protecci\u00f3n del consumidor<\/li>\n\n\n\n<li>Revisi\u00f3n y consulta de documentos<\/li>\n<\/ul>\n\n\n\n<p class=\"has-text-align-left\" style=\"padding-bottom:40px;font-size:clamp(14px, 0.875rem + ((1vw - 3.2px) * 0.313), 18px);font-style:normal;font-weight:400\">Puedes comunicarte por tel\u00e9fono, en l\u00ednea o en persona con abogados de la red para recibir orientaci\u00f3n, preparaci\u00f3n de documentos o representaci\u00f3n completa \u2014 a menudo <strong>sin costo o con tarifas fijas bajas.<\/strong><\/p>\n\n\n\n<h2 class=\"wp-block-heading has-text-align-left has-contrast-color has-text-color has-link-color wp-elements-a40e108b9131cfe11a5c504855f7e574 wp-container-content-9cfa9a5a\" style=\"padding-top:20px;padding-bottom:var(--wp--preset--spacing--30);font-size:clamp(22.041px, 1.378rem + ((1vw - 3.2px) * 1.091), 36px);font-style:normal;font-weight:900\">Por qu\u00e9 es importante<\/h2>\n\n\n\n<p class=\"has-text-align-left\" style=\"padding-bottom:var(--wp--preset--spacing--20);font-size:clamp(14px, 0.875rem + ((1vw - 3.2px) * 0.313), 18px);font-style:normal;font-weight:400\">Las cuestiones legales son parte de la vida \u2014 y la mayor\u00eda de las personas enfrentan al menos un problema legal importante cada a\u00f1o.<\/p>\n\n\n\n<blockquote class=\"wp-block-quote is-layout-flow wp-block-quote-is-layout-flow\" style=\"margin-bottom:40px;padding-top:var(--wp--preset--spacing--20);padding-right:var(--wp--preset--spacing--30);padding-bottom:var(--wp--preset--spacing--20);padding-left:var(--wp--preset--spacing--30)\">\n<p class=\"has-text-align-left\" style=\"padding-bottom:var(--wp--preset--spacing--20);font-size:clamp(14px, 0.875rem + ((1vw - 3.2px) * 0.313), 18px);font-style:normal;font-weight:400\"><em>Las cuestiones legales son parte de la vida \u2014 y la mayor\u00eda de las personas enfrentan al menos un problema legal importante cada a\u00f1o.<\/em><\/p>\n<\/blockquote>\n\n\n\n<div class=\"wp-block-group has-global-padding is-layout-constrained wp-block-group-is-layout-constrained\" style=\"border-top-color:var(--wp--preset--color--contrast);border-top-style:dotted;border-top-width:5px;margin-top:0;padding-top:var(--wp--preset--spacing--60);padding-bottom:25px\">\n<div class=\"wp-block-columns are-vertically-aligned-center is-layout-flex wp-container-core-columns-is-layout-69b1b98f wp-block-columns-is-layout-flex\">\n<div class=\"wp-block-column is-vertically-aligned-center is-layout-flow wp-block-column-is-layout-flow\">\n<h2 class=\"wp-block-heading has-text-align-left has-contrast-color has-text-color has-link-color wp-elements-10ff76ba436256cbdc09c22437a53274\" style=\"padding-right:0;padding-bottom:0;font-size:clamp(22.041px, 1.378rem + ((1vw - 3.2px) * 1.091), 36px);font-style:normal;font-weight:900\">\u00bfNecesitas ayuda?<\/h2>\n<\/div>\n\n\n\n<div class=\"wp-block-column is-vertically-aligned-center is-layout-flow wp-block-column-is-layout-flow\" style=\"flex-basis:69%\">\n<p class=\"is-style-default wp-container-content-663c14dd\" style=\"font-size:clamp(14px, 0.875rem + ((1vw - 3.2px) * 0.313), 18px);font-style:normal;font-weight:400\">Inicia sesi\u00f3n para administrar tu cuenta de MetLife o para acceder a formularios de reclamaci\u00f3n y recursos adicionales.<\/p>\n<\/div>\n<\/div>\n<\/div>\n\n\n\n<div class=\"wp-block-columns is-layout-flex wp-container-core-columns-is-layout-ea69a204 wp-block-columns-is-layout-flex\">\n<div class=\"wp-block-column is-style-default has-accent-3-background-color has-background is-layout-flow wp-block-column-is-layout-flow\" style=\"padding-top:35px;padding-right:35px;padding-bottom:35px;padding-left:35px;font-size:clamp(15.747px, 0.984rem + ((1vw - 3.2px) * 0.645), 24px);font-style:normal;font-weight:400\">\n<figure class=\"wp-block-image aligncenter size-full is-resized\" style=\"margin-bottom:10px\"><a href=\"https:\/\/www.metlife.com\/MWBwelcome\/claim-forms\/\" target=\"_blank\" rel=\" noreferrer noopener\"><img decoding=\"async\" src=\"https:\/\/myoeme.io\/wp-content\/uploads\/2025\/06\/tmp18fz5ez9.webp\" alt=\"\" class=\"wp-image-87\" style=\"object-fit:cover;width:60px;height:60px\"\/><\/a><\/figure>\n\n\n\n<p class=\"has-text-align-center\"><a href=\"https:\/\/[oeme_benefithub_disability_claim_form_url]\" data-type=\"page\" data-id=\"63\" target=\"_blank\" rel=\"noreferrer noopener\"><\/a><a href=\"https:\/\/www.metlife.com\/MWBwelcome\/claim-forms\/\" target=\"_blank\" rel=\"noreferrer noopener\">C\u00f3mo presentar un reclamo<\/a><\/p>\n<\/div>\n<\/div>\n<\/div>\n<\/div>\n","protected":false},"excerpt":{"rendered":"<p>Asistencia legal cotidiana, cuando m\u00e1s la necesitas Los problemas legales pueden ser estresantes \u2014 y costosos \u2014 pero no tienen por qu\u00e9 serlo. Tu beneficio de Servicios Legales te brinda acceso asequible a abogados con licencia que pueden ayudarte con los asuntos legales m\u00e1s comunes de la vida, grandes o peque\u00f1os. Desde revisar un contrato [&hellip;]<\/p>\n","protected":false},"author":0,"featured_media":49,"parent":22,"menu_order":9,"comment_status":"closed","ping_status":"closed","template":"","meta":{"footnotes":""},"class_list":["post-11","page","type-page","status-publish","has-post-thumbnail","hentry"],"_links":{"self":[{"href":"https:\/\/myoeme.io\/robertferrilli-es\/wp-json\/wp\/v2\/pages\/11","targetHints":{"allow":["GET"]}}],"collection":[{"href":"https:\/\/myoeme.io\/robertferrilli-es\/wp-json\/wp\/v2\/pages"}],"about":[{"href":"https:\/\/myoeme.io\/robertferrilli-es\/wp-json\/wp\/v2\/types\/page"}],"replies":[{"embeddable":true,"href":"https:\/\/myoeme.io\/robertferrilli-es\/wp-json\/wp\/v2\/comments?post=11"}],"version-history":[{"count":2,"href":"https:\/\/myoeme.io\/robertferrilli-es\/wp-json\/wp\/v2\/pages\/11\/revisions"}],"predecessor-version":[{"id":85,"href":"https:\/\/myoeme.io\/robertferrilli-es\/wp-json\/wp\/v2\/pages\/11\/revisions\/85"}],"up":[{"embeddable":true,"href":"https:\/\/myoeme.io\/robertferrilli-es\/wp-json\/wp\/v2\/pages\/22"}],"wp:featuredmedia":[{"embeddable":true,"href":"https:\/\/myoeme.io\/robertferrilli-es\/wp-json\/wp\/v2\/media\/49"}],"wp:attachment":[{"href":"https:\/\/myoeme.io\/robertferrilli-es\/wp-json\/wp\/v2\/media?parent=11"}],"curies":[{"name":"wp","href":"https:\/\/api.w.org\/{rel}","templated":true}]}}